{"id":9665,"date":"2025-01-13T20:29:05","date_gmt":"2025-01-13T19:29:05","guid":{"rendered":""},"modified":"2025-01-14T11:31:13","modified_gmt":"2025-01-14T10:31:13","slug":"solight-bezdrotovy-zvoncek-s-elektrickou-zasuvkou-do-zasuvky-250m-biely-learning-code","status":"publish","type":"product","link":"https:\/\/naby.sk\/index.php\/produkt\/solight-bezdrotovy-zvoncek-s-elektrickou-zasuvkou-do-zasuvky-250m-biely-learning-code\/","title":{"rendered":"Solight bezdr\u00f4tov\u00fd zvon\u010dek s elektrickou z\u00e1suvkou , do z\u00e1suvky, 250m, biely, learning code"},"content":{"rendered":"<p><UL><br \/>\n<LI> priebe\u017en\u00e1 elektrick\u00e1 z\u00e1suvka 16A, max. 3680W \/ 230V<\/LI><br \/>\n<LI> funkcia \u201eLearning code\u201c umo\u017e\u0148uje sp\u00e1rovanie viacer\u00fdch zvon\u010dekov alebo tla\u010didiel do jednej skupiny:<\/LI><br \/>\n<LI> k jedn\u00e9mu zvon\u010deku m\u00f4\u017ee by\u0165 sp\u00e1rovan\u00fdch max. 8 tla\u010didiel<\/LI><br \/>\n<LI> jedno tla\u010didlo m\u00f4\u017ee by\u0165 sp\u00e1rovan\u00e9 s max. 20 zvon\u010dekmi, na ka\u017edom zvon\u010deku m\u00f4\u017ee by\u0165 nastaven\u00e1 in\u00e1 mel\u00f3dia<\/LI><br \/>\n<LI> 58 volite\u013en\u00fdch mel\u00f3di\u00ed<\/LI><br \/>\n<LI> LED indik\u00e1tor zvonenia na zvon\u010deku aj tla\u010didle<\/LI><br \/>\n<LI> tla\u010didlo s krytom na menovku, vodotesn\u00e1 a prachotesn\u00e1 ochrana IP55<\/LI><br \/>\n<LI> nastavenie hlasitosti zvon\u010deka: 4 stupne 20 &#8211; 80dB<\/LI><br \/>\n<LI> uchytenie tla\u010didla pomocou samolepiacej podlo\u017eky alebo mont\u00e1\u017enych otvorov<\/LI><br \/>\n<LI> dosah sign\u00e1lu na otvorenom priestranstve: 250m<\/LI><br \/>\n<LI> prenosov\u00e1 frekvencia: 433.92MHz<\/LI><br \/>\n<LI> nap\u00e1janie:<\/LI><br \/>\n<LI> tla\u010didlo: 1 x 3V (CR2032) bat\u00e9ria (s\u00fa\u010das\u0165ou balenia)<\/LI><br \/>\n<LI> zvon\u010dek: AC 230V &#8211; do z\u00e1suvky<\/LI><br \/>\n<LI> spotreba energie: <\/LI><br \/>\n<LI> prij\u00edma\u010d (zvon\u010dek) v k\u013eudovom re\u017eime: &lt;0,5W<\/LI><br \/>\n<LI> vysiela\u010d (tla\u010didlo) v pracovnom re\u017eime: &lt;10mW<\/LI><br \/>\n<LI> pracovn\u00e1 teplota: tla\u010didlo -20 a\u017e +50 \u00b0C, zvon\u010dek -10 a\u017e +45 \u00b0C<\/LI><br \/>\n<LI> farba: biela<\/LI><br \/>\n<LI> n\u00e1hradn\u00e9 tla\u010didlo Solight \u010d. 1L43T<\/LI><br \/>\n<\/UL><\/p>\n","protected":false},"excerpt":{"rendered":"<p>priebe\u017en\u00e1 elektrick\u00e1 z\u00e1suvka 16A, max. 3680W \/ 230V funkcia \u201eLearning code\u201c umo\u017e\u0148uje sp\u00e1rovanie viacer\u00fdch zvon\u010dekov alebo tla\u010didiel do jednej skupiny: k jedn\u00e9mu zvon\u010deku m\u00f4\u017ee by\u0165 sp\u00e1rovan\u00fdch max. 8 tla\u010didiel jedno tla\u010didlo m\u00f4\u017ee by\u0165 sp\u00e1rovan\u00e9 s max. 20 zvon\u010dekmi, na ka\u017edom zvon\u010deku m\u00f4\u017ee by\u0165 nastaven\u00e1 in\u00e1 mel\u00f3dia 58 volite\u013en\u00fdch mel\u00f3di\u00ed LED indik\u00e1tor zvonenia na zvon\u010deku aj [&hellip;]<\/p>\n","protected":false},"featured_media":9672,"comment_status":"open","ping_status":"closed","template":"","meta":[],"product_cat":[206],"product_tag":[],"class_list":{"0":"post-9665","1":"product","2":"type-product","3":"status-publish","4":"has-post-thumbnail","6":"product_cat-bezdrotove-zvonceky","8":"first","9":"instock","10":"shipping-taxable","11":"purchasable","12":"product-type-simple"},"_links":{"self":[{"href":"https:\/\/naby.sk\/index.php\/wp-json\/wp\/v2\/product\/9665","targetHints":{"allow":["GET"]}}],"collection":[{"href":"https:\/\/naby.sk\/index.php\/wp-json\/wp\/v2\/product"}],"about":[{"href":"https:\/\/naby.sk\/index.php\/wp-json\/wp\/v2\/types\/product"}],"replies":[{"embeddable":true,"href":"https:\/\/naby.sk\/index.php\/wp-json\/wp\/v2\/comments?post=9665"}],"wp:featuredmedia":[{"embeddable":true,"href":"https:\/\/naby.sk\/index.php\/wp-json\/wp\/v2\/media\/9672"}],"wp:attachment":[{"href":"https:\/\/naby.sk\/index.php\/wp-json\/wp\/v2\/media?parent=9665"}],"wp:term":[{"taxonomy":"product_cat","embeddable":true,"href":"https:\/\/naby.sk\/index.php\/wp-json\/wp\/v2\/product_cat?post=9665"},{"taxonomy":"product_tag","embeddable":true,"href":"https:\/\/naby.sk\/index.php\/wp-json\/wp\/v2\/product_tag?post=9665"}],"curies":[{"name":"wp","href":"https:\/\/api.w.org\/{rel}","templated":true}]}}