{"id":925,"date":"2025-01-13T20:04:16","date_gmt":"2025-01-13T19:04:16","guid":{"rendered":""},"modified":"2025-01-14T11:29:40","modified_gmt":"2025-01-14T10:29:40","slug":"solight-dialkovo-ovladane-zasuvky-set-3-1-3-zasuvky-1-ovladac","status":"publish","type":"product","link":"https:\/\/naby.sk\/index.php\/produkt\/solight-dialkovo-ovladane-zasuvky-set-3-1-3-zasuvky-1-ovladac\/","title":{"rendered":"Solight dia\u013ekovo ovl\u00e1dan\u00e9 z\u00e1suvky set 3 + 1, 3 z\u00e1suvky, 1 ovl\u00e1da\u010d"},"content":{"rendered":"<p><UL><br \/>\n<LI> 3 x z\u00e1suvka a 1 x dia\u013ekov\u00fd ovl\u00e1da\u010d<\/LI><br \/>\n<LI> jednoduch\u00e9 sp\u00e1rovanie z\u00e1suvky s ovl\u00e1da\u010dom<\/LI><br \/>\n<LI> max.: 2000W, AC 230V\/8,7A<\/LI><br \/>\n<LI> mo\u017enos\u0165 ovl\u00e1dania a\u017e 4 z\u00e1suviek<\/LI><br \/>\n<LI> detsk\u00e9 poistky<\/LI><br \/>\n<LI> dosah sign\u00e1lu na otvorenom priestranstve: 40m<\/LI><br \/>\n<LI> manu\u00e1lne priradenie z\u00e1suviek k ovl\u00e1da\u010du<\/LI><br \/>\n<LI> prenosov\u00e1 frekvencia: 433,92 MHz<\/LI><br \/>\n<LI> nap\u00e1janie:<br \/>\ndia\u013ekov\u00fd ovl\u00e1da\u010d: 1 x CR2032 bat\u00e9ria (s\u00fa\u010das\u0165ou balenia)<br \/>\n<LI> mo\u017enos\u0165 sp\u00e1rovanie s pr\u00eddavnou z\u00e1suvky Solight DY08S <\/LI><br \/>\nz\u00e1suvky: AC 230V, 50Hz<br \/>\n<LI> pracovn\u00e1 teplota: 0\u00b0 C a\u017e +35\u00b0 C<\/LI><br \/>\n<LI> farba: biela<\/LI><br \/>\n<\/UL><\/p>\n","protected":false},"excerpt":{"rendered":"<p>3 x z\u00e1suvka a 1 x dia\u013ekov\u00fd ovl\u00e1da\u010d jednoduch\u00e9 sp\u00e1rovanie z\u00e1suvky s ovl\u00e1da\u010dom max.: 2000W, AC 230V\/8,7A mo\u017enos\u0165 ovl\u00e1dania a\u017e 4 z\u00e1suviek detsk\u00e9 poistky dosah sign\u00e1lu na otvorenom priestranstve: 40m manu\u00e1lne priradenie z\u00e1suviek k ovl\u00e1da\u010du prenosov\u00e1 frekvencia: 433,92 MHz nap\u00e1janie: dia\u013ekov\u00fd ovl\u00e1da\u010d: 1 x CR2032 bat\u00e9ria (s\u00fa\u010das\u0165ou balenia) mo\u017enos\u0165 sp\u00e1rovanie s pr\u00eddavnou z\u00e1suvky Solight DY08S [&hellip;]<\/p>\n","protected":false},"featured_media":934,"comment_status":"open","ping_status":"closed","template":"","meta":[],"product_cat":[204],"product_tag":[],"class_list":{"0":"post-925","1":"product","2":"type-product","3":"status-publish","4":"has-post-thumbnail","6":"product_cat-dialkovo-ovladane-zasuvky","8":"first","9":"instock","10":"shipping-taxable","11":"purchasable","12":"product-type-simple"},"_links":{"self":[{"href":"https:\/\/naby.sk\/index.php\/wp-json\/wp\/v2\/product\/925","targetHints":{"allow":["GET"]}}],"collection":[{"href":"https:\/\/naby.sk\/index.php\/wp-json\/wp\/v2\/product"}],"about":[{"href":"https:\/\/naby.sk\/index.php\/wp-json\/wp\/v2\/types\/product"}],"replies":[{"embeddable":true,"href":"https:\/\/naby.sk\/index.php\/wp-json\/wp\/v2\/comments?post=925"}],"wp:featuredmedia":[{"embeddable":true,"href":"https:\/\/naby.sk\/index.php\/wp-json\/wp\/v2\/media\/934"}],"wp:attachment":[{"href":"https:\/\/naby.sk\/index.php\/wp-json\/wp\/v2\/media?parent=925"}],"wp:term":[{"taxonomy":"product_cat","embeddable":true,"href":"https:\/\/naby.sk\/index.php\/wp-json\/wp\/v2\/product_cat?post=925"},{"taxonomy":"product_tag","embeddable":true,"href":"https:\/\/naby.sk\/index.php\/wp-json\/wp\/v2\/product_tag?post=925"}],"curies":[{"name":"wp","href":"https:\/\/api.w.org\/{rel}","templated":true}]}}