{"id":9191,"date":"2025-01-13T20:27:16","date_gmt":"2025-01-13T19:27:16","guid":{"rendered":""},"modified":"2025-01-14T11:31:09","modified_gmt":"2025-01-14T10:31:09","slug":"solight-sietovy-adapter-230v-12v-5000ma-60w","status":"publish","type":"product","link":"https:\/\/naby.sk\/index.php\/produkt\/solight-sietovy-adapter-230v-12v-5000ma-60w\/","title":{"rendered":"Solight sie\u0165ov\u00fd adapt\u00e9r 230V &#8211; 12V, 5000mA, 60W"},"content":{"rendered":"<p><LI> 5000mA<\/LI><br \/>\n<LI> vstup: 220 &#8211; 240V, 50\/60Hz<\/LI><br \/>\n<LI> v\u00fdstup: 12V<\/LI><br \/>\n<LI> max. 60W<\/LI><br \/>\n<LI> konektor ? 5.5mm * 2.1mm<\/LI><\/p>\n","protected":false},"excerpt":{"rendered":"<p>5000mA vstup: 220 &#8211; 240V, 50\/60Hz v\u00fdstup: 12V max. 60W konektor ? 5.5mm * 2.1mm<\/p>\n","protected":false},"featured_media":9192,"comment_status":"open","ping_status":"closed","template":"","meta":[],"product_cat":[157],"product_tag":[],"class_list":{"0":"post-9191","1":"product","2":"type-product","3":"status-publish","4":"has-post-thumbnail","6":"product_cat-napajacie-zdroje-12v","8":"first","9":"instock","10":"shipping-taxable","11":"purchasable","12":"product-type-simple"},"_links":{"self":[{"href":"https:\/\/naby.sk\/index.php\/wp-json\/wp\/v2\/product\/9191","targetHints":{"allow":["GET"]}}],"collection":[{"href":"https:\/\/naby.sk\/index.php\/wp-json\/wp\/v2\/product"}],"about":[{"href":"https:\/\/naby.sk\/index.php\/wp-json\/wp\/v2\/types\/product"}],"replies":[{"embeddable":true,"href":"https:\/\/naby.sk\/index.php\/wp-json\/wp\/v2\/comments?post=9191"}],"wp:featuredmedia":[{"embeddable":true,"href":"https:\/\/naby.sk\/index.php\/wp-json\/wp\/v2\/media\/9192"}],"wp:attachment":[{"href":"https:\/\/naby.sk\/index.php\/wp-json\/wp\/v2\/media?parent=9191"}],"wp:term":[{"taxonomy":"product_cat","embeddable":true,"href":"https:\/\/naby.sk\/index.php\/wp-json\/wp\/v2\/product_cat?post=9191"},{"taxonomy":"product_tag","embeddable":true,"href":"https:\/\/naby.sk\/index.php\/wp-json\/wp\/v2\/product_tag?post=9191"}],"curies":[{"name":"wp","href":"https:\/\/api.w.org\/{rel}","templated":true}]}}