{"id":9156,"date":"2025-01-13T20:27:03","date_gmt":"2025-01-13T19:27:03","guid":{"rendered":""},"modified":"2025-01-14T11:31:08","modified_gmt":"2025-01-14T10:31:08","slug":"solight-led-vianocna-retaz-hviezdy-15m-10x-led-2x-aa-biele-svetlo","status":"publish","type":"product","link":"https:\/\/naby.sk\/index.php\/produkt\/solight-led-vianocna-retaz-hviezdy-15m-10x-led-2x-aa-biele-svetlo\/","title":{"rendered":"Solight LED viano\u010dn\u00e1 re\u0165az, hviezdy, 1,5m, 10x LED, 2x AA, biele svetlo"},"content":{"rendered":"<p><UL><br \/>\n<LI> po\u010det LED di\u00f3d: 10<\/LI><br \/>\n<LI> farba svetla: biela<\/LI><br \/>\n<LI> mot\u00edv: hviezdy<\/LI><br \/>\n<LI> vzdialenos\u0165 di\u00f3d: 15cm<\/LI><br \/>\n<LI> d\u013a\u017eka osvetlen\u00e9ho k\u00e1bla: 1,5m<\/LI><br \/>\n<LI> farba k\u00e1bla: transparentn\u00e1<\/LI><br \/>\n<LI> d\u013a\u017eka pr\u00edvodn\u00e9ho k\u00e1bla: 1m<\/LI><br \/>\n<LI> nap\u00e1janie: 2x AA bat\u00e9rie<\/LI><br \/>\n<LI> v\u00fddr\u017e bat\u00e9ri\u00ed: min. 130 hod\u00edn (s alkalick\u00fdmi bat\u00e9riami JCB)<\/LI><br \/>\n<LI> trieda ochrany: IP20<\/LI><br \/>\n<LI> balenie: prieh\u013eadn\u00e1 \u0161katu\u013eka<\/LI><br \/>\n<\/UL><\/p>\n","protected":false},"excerpt":{"rendered":"<p>po\u010det LED di\u00f3d: 10 farba svetla: biela mot\u00edv: hviezdy vzdialenos\u0165 di\u00f3d: 15cm d\u013a\u017eka osvetlen\u00e9ho k\u00e1bla: 1,5m farba k\u00e1bla: transparentn\u00e1 d\u013a\u017eka pr\u00edvodn\u00e9ho k\u00e1bla: 1m nap\u00e1janie: 2x AA bat\u00e9rie v\u00fddr\u017e bat\u00e9ri\u00ed: min. 130 hod\u00edn (s alkalick\u00fdmi bat\u00e9riami JCB) trieda ochrany: IP20 balenie: prieh\u013eadn\u00e1 \u0161katu\u013eka<\/p>\n","protected":false},"featured_media":9161,"comment_status":"open","ping_status":"closed","template":"","meta":[],"product_cat":[213],"product_tag":[],"class_list":{"0":"post-9156","1":"product","2":"type-product","3":"status-publish","4":"has-post-thumbnail","6":"product_cat-bateriove","8":"first","9":"instock","10":"shipping-taxable","11":"purchasable","12":"product-type-simple"},"_links":{"self":[{"href":"https:\/\/naby.sk\/index.php\/wp-json\/wp\/v2\/product\/9156","targetHints":{"allow":["GET"]}}],"collection":[{"href":"https:\/\/naby.sk\/index.php\/wp-json\/wp\/v2\/product"}],"about":[{"href":"https:\/\/naby.sk\/index.php\/wp-json\/wp\/v2\/types\/product"}],"replies":[{"embeddable":true,"href":"https:\/\/naby.sk\/index.php\/wp-json\/wp\/v2\/comments?post=9156"}],"wp:featuredmedia":[{"embeddable":true,"href":"https:\/\/naby.sk\/index.php\/wp-json\/wp\/v2\/media\/9161"}],"wp:attachment":[{"href":"https:\/\/naby.sk\/index.php\/wp-json\/wp\/v2\/media?parent=9156"}],"wp:term":[{"taxonomy":"product_cat","embeddable":true,"href":"https:\/\/naby.sk\/index.php\/wp-json\/wp\/v2\/product_cat?post=9156"},{"taxonomy":"product_tag","embeddable":true,"href":"https:\/\/naby.sk\/index.php\/wp-json\/wp\/v2\/product_tag?post=9156"}],"curies":[{"name":"wp","href":"https:\/\/api.w.org\/{rel}","templated":true}]}}