{"id":8942,"date":"2025-01-13T20:26:21","date_gmt":"2025-01-13T19:26:21","guid":{"rendered":""},"modified":"2025-01-14T11:31:07","modified_gmt":"2025-01-14T10:31:07","slug":"solight-high-bay-100w-14000lm-120-samsung-led-lifud-driver-5000k-1-10v-stmievanie","status":"publish","type":"product","link":"https:\/\/naby.sk\/index.php\/produkt\/solight-high-bay-100w-14000lm-120-samsung-led-lifud-driver-5000k-1-10v-stmievanie\/","title":{"rendered":"Solight high bay, 100W, 14000lm, 120\u00b0, Samsung LED, Lifud driver, 5000K, 1-10V stmievanie"},"content":{"rendered":"<p><UL><br \/>\n<LI> pr\u00edkon: 100W<\/LI><br \/>\n<LI> sveteln\u00fd tok: 14000lm (+\/- 5%)<\/LI><br \/>\n<LI> LED di\u00f3dy: Samsung 2835<\/LI><br \/>\n<LI> nap\u00e1jac\u00ed zdroj: Lifud<\/LI><br \/>\n<LI> stmievanie: 1-10V<\/LI><br \/>\n<LI> teplota svetla \/ chromatickosti: 5000K (studen\u00e1 biela)<\/LI><br \/>\n<LI> \u017eivotnos\u0165 LED: 50.000 hod\u00edn (LM70)<\/LI><br \/>\n<LI> uhol svietenia: 120\u00b0<\/LI><br \/>\n<LI> oslnenia: UGR &lt;25<\/LI><br \/>\n<LI> vykreslenie farieb: CRi&gt; 80<\/LI><br \/>\n<LI> v\u00fdkonov\u00fd faktor: 0,95<\/LI><br \/>\n<LI> krytie: IP65 (prachotesn\u00e9 a vodeodoln\u00e9)<\/LI><br \/>\n<LI> materi\u00e1l: hlin\u00edk<\/LI><br \/>\n<LI> nap\u00e1janie: AC 220-240 V<\/LI><br \/>\n<LI> prev\u00e1dzkov\u00e1 teplota: -30\u00b0C a\u017e 50\u00b0C<\/LI><br \/>\n<LI> rozmery: 270 x 157mm<\/LI><br \/>\n<LI> jednotliv\u00e9 LED zdroje nemo\u017eno meni\u0165<\/LI><br \/>\n<LI> farba: \u010dern\u00e1<\/LI><br \/>\n<LI> balenie: krabica<\/LI><br \/>\n<LI> z\u00e1ruka 3 roky<\/LI><br \/>\n<LI> energetick\u00e1 trieda: D<\/LI><br \/>\n<\/UL><\/p>\n","protected":false},"excerpt":{"rendered":"<p>pr\u00edkon: 100W sveteln\u00fd tok: 14000lm (+\/- 5%) LED di\u00f3dy: Samsung 2835 nap\u00e1jac\u00ed zdroj: Lifud stmievanie: 1-10V teplota svetla \/ chromatickosti: 5000K (studen\u00e1 biela) \u017eivotnos\u0165 LED: 50.000 hod\u00edn (LM70) uhol svietenia: 120\u00b0 oslnenia: UGR &lt;25 vykreslenie farieb: CRi&gt; 80 v\u00fdkonov\u00fd faktor: 0,95 krytie: IP65 (prachotesn\u00e9 a vodeodoln\u00e9) materi\u00e1l: hlin\u00edk nap\u00e1janie: AC 220-240 V prev\u00e1dzkov\u00e1 teplota: -30\u00b0C [&hellip;]<\/p>\n","protected":false},"featured_media":8943,"comment_status":"open","ping_status":"closed","template":"","meta":[],"product_cat":[187],"product_tag":[],"class_list":{"0":"post-8942","1":"product","2":"type-product","3":"status-publish","4":"has-post-thumbnail","6":"product_cat-high-bay","8":"first","9":"instock","10":"shipping-taxable","11":"purchasable","12":"product-type-simple"},"_links":{"self":[{"href":"https:\/\/naby.sk\/index.php\/wp-json\/wp\/v2\/product\/8942","targetHints":{"allow":["GET"]}}],"collection":[{"href":"https:\/\/naby.sk\/index.php\/wp-json\/wp\/v2\/product"}],"about":[{"href":"https:\/\/naby.sk\/index.php\/wp-json\/wp\/v2\/types\/product"}],"replies":[{"embeddable":true,"href":"https:\/\/naby.sk\/index.php\/wp-json\/wp\/v2\/comments?post=8942"}],"wp:featuredmedia":[{"embeddable":true,"href":"https:\/\/naby.sk\/index.php\/wp-json\/wp\/v2\/media\/8943"}],"wp:attachment":[{"href":"https:\/\/naby.sk\/index.php\/wp-json\/wp\/v2\/media?parent=8942"}],"wp:term":[{"taxonomy":"product_cat","embeddable":true,"href":"https:\/\/naby.sk\/index.php\/wp-json\/wp\/v2\/product_cat?post=8942"},{"taxonomy":"product_tag","embeddable":true,"href":"https:\/\/naby.sk\/index.php\/wp-json\/wp\/v2\/product_tag?post=8942"}],"curies":[{"name":"wp","href":"https:\/\/api.w.org\/{rel}","templated":true}]}}