{"id":8588,"date":"2025-01-13T20:25:13","date_gmt":"2025-01-13T19:25:13","guid":{"rendered":""},"modified":"2025-01-14T11:31:04","modified_gmt":"2025-01-14T10:31:04","slug":"solight-bezdrotovy-zvoncek-do-zasuvky-180m-cierny-learning-code-1","status":"publish","type":"product","link":"https:\/\/naby.sk\/index.php\/produkt\/solight-bezdrotovy-zvoncek-do-zasuvky-180m-cierny-learning-code-1\/","title":{"rendered":"Solight bezdr\u00f4tov\u00fd zvon\u010dek, do z\u00e1suvky, 180m, \u010dierny, learning code"},"content":{"rendered":"<p><UL><br \/>\n<LI> funkcia&#8220; Learning code &#8222;umo\u017e\u0148uje sp\u00e1rovanie viac zvon\u010dekov alebo tla\u010didiel do jednej skupiny:<\/LI><br \/>\n<LI> k jedn\u00e9mu zvon\u010deku m\u00f4\u017ee by\u0165 sp\u00e1rovan\u00e9 max. 8 tla\u010didiel<\/LI><br \/>\n<LI> jedno tla\u010didlo m\u00f4\u017ee by\u0165 sp\u00e1rovan\u00e9 s max. 15 zvon\u010deky, na ka\u017edom zvon\u010deku m\u00f4\u017ee by\u0165 nastaven\u00e1 in\u00e1 mel\u00f3dia<\/LI><br \/>\n<LI> dizajn klasickej l\u00e1tky na prednej strane zvon\u010deka<\/LI><br \/>\n<LI> ve\u013ek\u00fd osvetlen\u00fd r\u00e1m\u010dek LED signaliz\u00e1cie zvonenia<\/LI><br \/>\n<LI> 36 volite\u013en\u00fdch mel\u00f3di\u00ed<\/LI><br \/>\n<LI> klasick\u00fd vzh\u013ead l\u00e1tky na prednej strane zvon\u010deka<\/LI><br \/>\n<LI> LED indik\u00e1tor zvonenia na zvon\u010deku aj tla\u010didle<\/LI><br \/>\n<LI> tla\u010didlo s krytom na menovku, vodotesn\u00e1 ochrana IP44<\/LI><br \/>\n<LI> nastavenie hlasitosti zvon\u010deka &#8211; 4 stupne: 25 &#8211; 90dB (90 &#8211; 70 &#8211; 45 &#8211; 25dB)<\/LI><br \/>\n<LI> uchytenie tla\u010didla pomocou mont\u00e1\u017enych otvorov alebo samolepiacej podlo\u017eky<\/LI><br \/>\n<LI> farba: \u010dierna<\/LI><br \/>\n<LI> dosah sign\u00e1lu na otvorenom priestranstve: 180m<\/LI><br \/>\n<LI> prenosov\u00e1 frekvencia: 433.92MHz<\/LI><br \/>\n<LI> nap\u00e1janie:<\/LI><br \/>\n<LI> tla\u010didlo: 1x 3V (CR2032) bat\u00e9rie (s\u00fa\u010das\u0165ou balenia)<\/LI><br \/>\n<LI> zvon\u010dek: AC 230V &#8211; do z\u00e1suvky<\/LI><br \/>\n<LI> spotreba energie: <\/LI><br \/>\n<LI> prij\u00edma\u010d (zvon\u010dek) v k\u013eudovom re\u017eime: &lt;0,3W<\/LI><br \/>\n<LI> vysiela\u010d (tla\u010didlo) v prev\u00e1dzkovom re\u017eime: &lt;10mW<\/LI><br \/>\n<LI> pracovn\u00e1 teplota: tla\u010didlo -10 \u00b0C a\u017e +50 \u00b0C, zvon\u010dek 0 \u00b0C a\u017e +35 \u00b0C<\/LI><br \/>\n<LI> n\u00e1hradn\u00e9 tla\u010didlo Solight \u010d. 1L74T<\/LI><br \/>\n<\/UL><\/p>\n","protected":false},"excerpt":{"rendered":"<p>funkcia&#8220; Learning code &#8222;umo\u017e\u0148uje sp\u00e1rovanie viac zvon\u010dekov alebo tla\u010didiel do jednej skupiny: k jedn\u00e9mu zvon\u010deku m\u00f4\u017ee by\u0165 sp\u00e1rovan\u00e9 max. 8 tla\u010didiel jedno tla\u010didlo m\u00f4\u017ee by\u0165 sp\u00e1rovan\u00e9 s max. 15 zvon\u010deky, na ka\u017edom zvon\u010deku m\u00f4\u017ee by\u0165 nastaven\u00e1 in\u00e1 mel\u00f3dia dizajn klasickej l\u00e1tky na prednej strane zvon\u010deka ve\u013ek\u00fd osvetlen\u00fd r\u00e1m\u010dek LED signaliz\u00e1cie zvonenia 36 volite\u013en\u00fdch mel\u00f3di\u00ed klasick\u00fd [&hellip;]<\/p>\n","protected":false},"featured_media":8599,"comment_status":"open","ping_status":"closed","template":"","meta":[],"product_cat":[206],"product_tag":[],"class_list":{"0":"post-8588","1":"product","2":"type-product","3":"status-publish","4":"has-post-thumbnail","6":"product_cat-bezdrotove-zvonceky","8":"first","9":"instock","10":"shipping-taxable","11":"purchasable","12":"product-type-simple"},"_links":{"self":[{"href":"https:\/\/naby.sk\/index.php\/wp-json\/wp\/v2\/product\/8588","targetHints":{"allow":["GET"]}}],"collection":[{"href":"https:\/\/naby.sk\/index.php\/wp-json\/wp\/v2\/product"}],"about":[{"href":"https:\/\/naby.sk\/index.php\/wp-json\/wp\/v2\/types\/product"}],"replies":[{"embeddable":true,"href":"https:\/\/naby.sk\/index.php\/wp-json\/wp\/v2\/comments?post=8588"}],"wp:featuredmedia":[{"embeddable":true,"href":"https:\/\/naby.sk\/index.php\/wp-json\/wp\/v2\/media\/8599"}],"wp:attachment":[{"href":"https:\/\/naby.sk\/index.php\/wp-json\/wp\/v2\/media?parent=8588"}],"wp:term":[{"taxonomy":"product_cat","embeddable":true,"href":"https:\/\/naby.sk\/index.php\/wp-json\/wp\/v2\/product_cat?post=8588"},{"taxonomy":"product_tag","embeddable":true,"href":"https:\/\/naby.sk\/index.php\/wp-json\/wp\/v2\/product_tag?post=8588"}],"curies":[{"name":"wp","href":"https:\/\/api.w.org\/{rel}","templated":true}]}}