{"id":858,"date":"2025-01-13T20:04:12","date_gmt":"2025-01-13T19:04:12","guid":{"rendered":""},"modified":"2025-01-14T11:29:39","modified_gmt":"2025-01-14T10:29:39","slug":"solight-dialkovo-ovladane-vonkajsie-zasuvky-set-2-1-2-zasuvky-1-ovladac-learning-code","status":"publish","type":"product","link":"https:\/\/naby.sk\/index.php\/produkt\/solight-dialkovo-ovladane-vonkajsie-zasuvky-set-2-1-2-zasuvky-1-ovladac-learning-code\/","title":{"rendered":"Solight dia\u013ekovo ovl\u00e1dan\u00e9 vonkaj\u0161ie z\u00e1suvky set 2 + 1, 2 z\u00e1suvky, 1 ovl\u00e1da\u010d, learning code"},"content":{"rendered":"<p><UL><br \/>\n<LI> 2 x vonkaj\u0161ia z\u00e1suvka a 1 x dia\u013ekov\u00fd ovl\u00e1da\u010d<\/LI><br \/>\n<LI> vonkaj\u0161ie krytie IP44<\/LI><br \/>\n<LI> a\u017e 4 z\u00e1suvky na 1 ovl\u00e1da\u010d<\/LI><br \/>\n<LI> max.: 3680W, AC 230V\/16A<\/LI><br \/>\n<LI> mo\u017enos\u0165 ru\u010dn\u00e9ho zapnutia a vypnutia<\/LI><br \/>\n<LI> detsk\u00e9 poistky<\/LI><br \/>\n<LI> LED indik\u00e1cia<\/LI><br \/>\n<LI> dosah sign\u00e1lu v otvorenom priestranstve: 40m<\/LI><br \/>\n<LI> prenosov\u00e1 frekvencia: 433,92MHz<\/LI><br \/>\n<LI> nap\u00e1janie:<\/LI><br \/>\n<LI>  dia\u013ekov\u00fd ovl\u00e1da\u010d: 1 x CR2032 bat\u00e9rie (s\u00fa\u010das\u0165 balenia)<\/LI><br \/>\n<LI>  z\u00e1suvky: AC 230V, 50Hz<\/LI><br \/>\n<LI> pracovn\u00e1 teplota: 0\u00b0C a\u017e +35\u00b0C<\/LI><br \/>\n<LI> farba: \u010dierna<\/LI><br \/>\n<\/UL><\/p>\n","protected":false},"excerpt":{"rendered":"<p>2 x vonkaj\u0161ia z\u00e1suvka a 1 x dia\u013ekov\u00fd ovl\u00e1da\u010d vonkaj\u0161ie krytie IP44 a\u017e 4 z\u00e1suvky na 1 ovl\u00e1da\u010d max.: 3680W, AC 230V\/16A mo\u017enos\u0165 ru\u010dn\u00e9ho zapnutia a vypnutia detsk\u00e9 poistky LED indik\u00e1cia dosah sign\u00e1lu v otvorenom priestranstve: 40m prenosov\u00e1 frekvencia: 433,92MHz nap\u00e1janie: dia\u013ekov\u00fd ovl\u00e1da\u010d: 1 x CR2032 bat\u00e9rie (s\u00fa\u010das\u0165 balenia) z\u00e1suvky: AC 230V, 50Hz pracovn\u00e1 teplota: [&hellip;]<\/p>\n","protected":false},"featured_media":865,"comment_status":"open","ping_status":"closed","template":"","meta":[],"product_cat":[204],"product_tag":[],"class_list":{"0":"post-858","1":"product","2":"type-product","3":"status-publish","4":"has-post-thumbnail","6":"product_cat-dialkovo-ovladane-zasuvky","8":"first","9":"instock","10":"shipping-taxable","11":"purchasable","12":"product-type-simple"},"_links":{"self":[{"href":"https:\/\/naby.sk\/index.php\/wp-json\/wp\/v2\/product\/858","targetHints":{"allow":["GET"]}}],"collection":[{"href":"https:\/\/naby.sk\/index.php\/wp-json\/wp\/v2\/product"}],"about":[{"href":"https:\/\/naby.sk\/index.php\/wp-json\/wp\/v2\/types\/product"}],"replies":[{"embeddable":true,"href":"https:\/\/naby.sk\/index.php\/wp-json\/wp\/v2\/comments?post=858"}],"wp:featuredmedia":[{"embeddable":true,"href":"https:\/\/naby.sk\/index.php\/wp-json\/wp\/v2\/media\/865"}],"wp:attachment":[{"href":"https:\/\/naby.sk\/index.php\/wp-json\/wp\/v2\/media?parent=858"}],"wp:term":[{"taxonomy":"product_cat","embeddable":true,"href":"https:\/\/naby.sk\/index.php\/wp-json\/wp\/v2\/product_cat?post=858"},{"taxonomy":"product_tag","embeddable":true,"href":"https:\/\/naby.sk\/index.php\/wp-json\/wp\/v2\/product_tag?post=858"}],"curies":[{"name":"wp","href":"https:\/\/api.w.org\/{rel}","templated":true}]}}