{"id":8503,"date":"2025-01-13T20:24:59","date_gmt":"2025-01-13T19:24:59","guid":{"rendered":""},"modified":"2025-01-14T11:31:03","modified_gmt":"2025-01-14T10:31:03","slug":"solight-2x-bezdrotovy-zvoncek-do-zasuvky-bateriovy-200m-biely-learning-code","status":"publish","type":"product","link":"https:\/\/naby.sk\/index.php\/produkt\/solight-2x-bezdrotovy-zvoncek-do-zasuvky-bateriovy-200m-biely-learning-code\/","title":{"rendered":"Solight 2x bezdr\u00f4tov\u00fd zvon\u010dek, do z\u00e1suvky + bat\u00e9riov\u00fd, 200m, biely, learning code"},"content":{"rendered":"<p><UL><br \/>\n<LI> sada 2x prij\u00edma\u010d, 1x tla\u010didlo<\/LI><br \/>\n<LI> jeden zvon\u010dek zapojen\u00fd do z\u00e1suvky a druh\u00fd prenosn\u00fd na bat\u00e9rie.<\/LI><br \/>\n<LI> vyu\u017eitie v dom\u00e1cnostiach &#8211; napr. v z\u00e1suvke doma a prenosn\u00fd na z\u00e1hradu<\/LI><br \/>\n<LI> vyu\u017eitie v komer\u010dn\u00fdch priestoroch &#8211; napr. V z\u00e1suvke v kancel\u00e1rii a prenosn\u00fd do skladu<\/LI><br \/>\n<LI> funkcia&#8220; Learning code &#8222;umo\u017e\u0148uje sp\u00e1rovanie nieko\u013ek\u00fdch zvon\u010dekov alebo tla\u010didiel do jednej skupiny:<\/LI><br \/>\n<LI> k jedn\u00e9mu zvon\u010deku m\u00f4\u017ee by\u0165 sp\u00e1rovan\u00e9 max. 15 tla\u010didiel<\/LI><br \/>\n<LI> jedno tla\u010didlo m\u00f4\u017ee by\u0165 sp\u00e1rovan\u00e9 s max. 8 zvon\u010deky, na ka\u017edom zvon\u010deku m\u00f4\u017ee by\u0165 nastaven\u00e1 in\u00e1 mel\u00f3dia<\/LI><br \/>\n<LI> 36 volite\u013en\u00fdch mel\u00f3di\u00ed<\/LI><br \/>\n<LI> LED indik\u00e1tor zvonenia na zvon\u010deku aj tla\u010didle<\/LI><br \/>\n<LI> tla\u010didlo s krytom na menovku a so strie\u0161kou proti da\u017edi<\/LI><br \/>\n<LI> vodotesn\u00e1 ochrana tla\u010didla IP56<\/LI><br \/>\n<LI> nastavenie hlasitosti zvon\u010deka: 4 stupne 25 &#8211; 110dB<\/LI><br \/>\n<LI> uchytenie tla\u010didla pomocou mont\u00e1\u017enych otvorov alebo samolepiacej podlo\u017eky<\/LI><br \/>\n<LI> farba: biela<\/LI><br \/>\n<LI> dosah sign\u00e1lu na otvorenom priestranstve: 200m<\/LI><br \/>\n<LI> prenosov\u00e1 frekvencia: 433MHz<\/LI><br \/>\n<LI> nap\u00e1janie:<\/LI><br \/>\n<LI> tla\u010didlo: 1 x 3V (CR2032) bat\u00e9rie (s\u00fa\u010das\u0165ou balenia)<\/LI><br \/>\n<LI> zvon\u010dek 1: AC 230V &#8211; do z\u00e1suvky<\/LI><br \/>\n<LI> zvon\u010dek 2: 3 x AAA (LR03) bat\u00e9rie (nie s\u00fa s\u00fa\u010das\u0165ou balenia)<\/LI><br \/>\n<LI> spotreba energie: prij\u00edma\u010d (zvon\u010dek) v k\u013eudovom re\u017eime: &lt;0,5W<\/LI><br \/>\n<LI> vysiela\u010d (tla\u010didlo) v prev\u00e1dzkovom re\u017eime: &lt;10mW<\/LI><br \/>\n<LI> pracovn\u00e1 teplota: tla\u010didlo -20 \u00b0C a\u017e +60 \u00b0C, zvon\u010dek -10 \u00b0C a\u017e +45 \u00b0C<\/LI><br \/>\n<LI> n\u00e1hradn\u00e9 tla\u010didlo Solight \u010d. 1L67T<\/LI><br \/>\n<\/UL><\/p>\n","protected":false},"excerpt":{"rendered":"<p>sada 2x prij\u00edma\u010d, 1x tla\u010didlo jeden zvon\u010dek zapojen\u00fd do z\u00e1suvky a druh\u00fd prenosn\u00fd na bat\u00e9rie. vyu\u017eitie v dom\u00e1cnostiach &#8211; napr. v z\u00e1suvke doma a prenosn\u00fd na z\u00e1hradu vyu\u017eitie v komer\u010dn\u00fdch priestoroch &#8211; napr. V z\u00e1suvke v kancel\u00e1rii a prenosn\u00fd do skladu funkcia&#8220; Learning code &#8222;umo\u017e\u0148uje sp\u00e1rovanie nieko\u013ek\u00fdch zvon\u010dekov alebo tla\u010didiel do jednej skupiny: k jedn\u00e9mu [&hellip;]<\/p>\n","protected":false},"featured_media":8510,"comment_status":"open","ping_status":"closed","template":"","meta":[],"product_cat":[206],"product_tag":[],"class_list":{"0":"post-8503","1":"product","2":"type-product","3":"status-publish","4":"has-post-thumbnail","6":"product_cat-bezdrotove-zvonceky","8":"first","9":"instock","10":"shipping-taxable","11":"purchasable","12":"product-type-simple"},"_links":{"self":[{"href":"https:\/\/naby.sk\/index.php\/wp-json\/wp\/v2\/product\/8503","targetHints":{"allow":["GET"]}}],"collection":[{"href":"https:\/\/naby.sk\/index.php\/wp-json\/wp\/v2\/product"}],"about":[{"href":"https:\/\/naby.sk\/index.php\/wp-json\/wp\/v2\/types\/product"}],"replies":[{"embeddable":true,"href":"https:\/\/naby.sk\/index.php\/wp-json\/wp\/v2\/comments?post=8503"}],"wp:featuredmedia":[{"embeddable":true,"href":"https:\/\/naby.sk\/index.php\/wp-json\/wp\/v2\/media\/8510"}],"wp:attachment":[{"href":"https:\/\/naby.sk\/index.php\/wp-json\/wp\/v2\/media?parent=8503"}],"wp:term":[{"taxonomy":"product_cat","embeddable":true,"href":"https:\/\/naby.sk\/index.php\/wp-json\/wp\/v2\/product_cat?post=8503"},{"taxonomy":"product_tag","embeddable":true,"href":"https:\/\/naby.sk\/index.php\/wp-json\/wp\/v2\/product_tag?post=8503"}],"curies":[{"name":"wp","href":"https:\/\/api.w.org\/{rel}","templated":true}]}}