{"id":8407,"date":"2025-01-13T20:24:37","date_gmt":"2025-01-13T19:24:37","guid":{"rendered":""},"modified":"2025-01-14T11:31:02","modified_gmt":"2025-01-14T10:31:02","slug":"solight-napajeci-kabel-pro-linearni-osvetleni-delka-15m","status":"publish","type":"product","link":"https:\/\/naby.sk\/index.php\/produkt\/solight-napajeci-kabel-pro-linearni-osvetleni-delka-15m\/","title":{"rendered":"Solight nap\u00e1jec\u00ed kabel pro line\u00e1rn\u00ed osv\u011btlen\u00ed, d\u00e9lka 1,5m"},"content":{"rendered":"<p><UL><br \/>\n<LI> nap\u00e1jac\u00ed k\u00e1bel s konektorom pre LED line\u00e1rne osvetlenie radu WO2000<\/LI><br \/>\n<LI> d\u013a\u017eka: 1,5m<\/LI><br \/>\n<LI> vodi\u010d: 3x 0,75mm2<\/LI><br \/>\n<LI> farba: \u010dierna<\/LI><br \/>\n<LI> balenie: s\u00e1\u010dok<\/LI><br \/>\n<\/UL><\/p>\n","protected":false},"excerpt":{"rendered":"<p>nap\u00e1jac\u00ed k\u00e1bel s konektorom pre LED line\u00e1rne osvetlenie radu WO2000 d\u013a\u017eka: 1,5m vodi\u010d: 3x 0,75mm2 farba: \u010dierna balenie: s\u00e1\u010dok<\/p>\n","protected":false},"featured_media":8408,"comment_status":"open","ping_status":"closed","template":"","meta":[],"product_cat":[152],"product_tag":[],"class_list":{"0":"post-8407","1":"product","2":"type-product","3":"status-publish","4":"has-post-thumbnail","6":"product_cat-interierove-osvetlenie","8":"first","9":"instock","10":"shipping-taxable","11":"purchasable","12":"product-type-simple"},"_links":{"self":[{"href":"https:\/\/naby.sk\/index.php\/wp-json\/wp\/v2\/product\/8407","targetHints":{"allow":["GET"]}}],"collection":[{"href":"https:\/\/naby.sk\/index.php\/wp-json\/wp\/v2\/product"}],"about":[{"href":"https:\/\/naby.sk\/index.php\/wp-json\/wp\/v2\/types\/product"}],"replies":[{"embeddable":true,"href":"https:\/\/naby.sk\/index.php\/wp-json\/wp\/v2\/comments?post=8407"}],"wp:featuredmedia":[{"embeddable":true,"href":"https:\/\/naby.sk\/index.php\/wp-json\/wp\/v2\/media\/8408"}],"wp:attachment":[{"href":"https:\/\/naby.sk\/index.php\/wp-json\/wp\/v2\/media?parent=8407"}],"wp:term":[{"taxonomy":"product_cat","embeddable":true,"href":"https:\/\/naby.sk\/index.php\/wp-json\/wp\/v2\/product_cat?post=8407"},{"taxonomy":"product_tag","embeddable":true,"href":"https:\/\/naby.sk\/index.php\/wp-json\/wp\/v2\/product_tag?post=8407"}],"curies":[{"name":"wp","href":"https:\/\/api.w.org\/{rel}","templated":true}]}}