{"id":8118,"date":"2025-01-13T20:23:42","date_gmt":"2025-01-13T19:23:42","guid":{"rendered":""},"modified":"2025-01-14T11:30:59","modified_gmt":"2025-01-14T10:30:59","slug":"solight-wifi-zasuvka-s-meranim-spotreby","status":"publish","type":"product","link":"https:\/\/naby.sk\/index.php\/produkt\/solight-wifi-zasuvka-s-meranim-spotreby\/","title":{"rendered":"Solight WIFI z\u00e1suvka s meran\u00edm spotreby"},"content":{"rendered":"<p><UL><br \/>\n<LI> WIFI z\u00e1suvka s mera\u010dom spotreby<\/LI><br \/>\n<LI> vyu\u017e\u00edva Smart LIfe\/TUYA aplik\u00e1ciu<\/LI><br \/>\n<LI> online preh\u013ead o spotrebe spotrebi\u010da v mobilnom telef\u00f3ne<\/LI><br \/>\n<LI> preh\u013eadne uklad\u00e1 nameran\u00e9 hodnoty do aplik\u00e1cie pod\u013ea dn\u00ed<\/LI><br \/>\n<LI> nameran\u00e9 hodnoty si m\u00f4\u017eete prezera\u0165 sp\u00e4tne v priebehu nieko\u013ek\u00fdch mesiacov<\/LI><br \/>\n<LI> mo\u017enos\u0165 zapnutia\/vypnutia s oh\u013eadom na v\u00fdchod\/z\u00e1pad slnka<\/LI><br \/>\n<LI> meranie elektrick\u00fdch veli\u010d\u00edn: nap\u00e4tie, pr\u00fad, okam\u017eit\u00fd odoberan\u00fd v\u00fdkon, celkov\u00fd odobran\u00fd v\u00fdkon<\/LI><br \/>\n<LI> funkcia WIFI z\u00e1suvky: dia\u013ekov\u00e9 sp\u00ednanie, \u010dasova\u010d, nastavenie rozvrhu na sp\u00fa\u0161\u0165anie, odpo\u010det na spustenie, at\u010f.<\/LI><br \/>\n<LI> WIFI 2.4GHz IEEE 802.11 b\/g\/n<\/LI><br \/>\n<LI> pracovn\u00e1 teplota: 0 a\u017e + 50 \u00b0C<\/LI><br \/>\n<LI> max. za\u0165a\u017eenie: 2300W\/10A<\/LI><br \/>\n<LI> iba na vn\u00fatorn\u00e9 pou\u017eitie<\/LI><br \/>\n<LI> nap\u00e1janie: AC 230V, 50Hz<\/LI><br \/>\n<\/UL><\/p>\n","protected":false},"excerpt":{"rendered":"<p>WIFI z\u00e1suvka s mera\u010dom spotreby vyu\u017e\u00edva Smart LIfe\/TUYA aplik\u00e1ciu online preh\u013ead o spotrebe spotrebi\u010da v mobilnom telef\u00f3ne preh\u013eadne uklad\u00e1 nameran\u00e9 hodnoty do aplik\u00e1cie pod\u013ea dn\u00ed nameran\u00e9 hodnoty si m\u00f4\u017eete prezera\u0165 sp\u00e4tne v priebehu nieko\u013ek\u00fdch mesiacov mo\u017enos\u0165 zapnutia\/vypnutia s oh\u013eadom na v\u00fdchod\/z\u00e1pad slnka meranie elektrick\u00fdch veli\u010d\u00edn: nap\u00e4tie, pr\u00fad, okam\u017eit\u00fd odoberan\u00fd v\u00fdkon, celkov\u00fd odobran\u00fd v\u00fdkon funkcia WIFI [&hellip;]<\/p>\n","protected":false},"featured_media":8129,"comment_status":"open","ping_status":"closed","template":"","meta":[],"product_cat":[204],"product_tag":[],"class_list":{"0":"post-8118","1":"product","2":"type-product","3":"status-publish","4":"has-post-thumbnail","6":"product_cat-dialkovo-ovladane-zasuvky","8":"first","9":"instock","10":"shipping-taxable","11":"purchasable","12":"product-type-simple"},"_links":{"self":[{"href":"https:\/\/naby.sk\/index.php\/wp-json\/wp\/v2\/product\/8118","targetHints":{"allow":["GET"]}}],"collection":[{"href":"https:\/\/naby.sk\/index.php\/wp-json\/wp\/v2\/product"}],"about":[{"href":"https:\/\/naby.sk\/index.php\/wp-json\/wp\/v2\/types\/product"}],"replies":[{"embeddable":true,"href":"https:\/\/naby.sk\/index.php\/wp-json\/wp\/v2\/comments?post=8118"}],"wp:featuredmedia":[{"embeddable":true,"href":"https:\/\/naby.sk\/index.php\/wp-json\/wp\/v2\/media\/8129"}],"wp:attachment":[{"href":"https:\/\/naby.sk\/index.php\/wp-json\/wp\/v2\/media?parent=8118"}],"wp:term":[{"taxonomy":"product_cat","embeddable":true,"href":"https:\/\/naby.sk\/index.php\/wp-json\/wp\/v2\/product_cat?post=8118"},{"taxonomy":"product_tag","embeddable":true,"href":"https:\/\/naby.sk\/index.php\/wp-json\/wp\/v2\/product_tag?post=8118"}],"curies":[{"name":"wp","href":"https:\/\/api.w.org\/{rel}","templated":true}]}}