{"id":7572,"date":"2025-01-13T20:21:55","date_gmt":"2025-01-13T19:21:55","guid":{"rendered":""},"modified":"2025-01-14T11:30:52","modified_gmt":"2025-01-14T10:30:52","slug":"solight-alkohol-tester-00-30-bac-presnost-01","status":"publish","type":"product","link":"https:\/\/naby.sk\/index.php\/produkt\/solight-alkohol-tester-00-30-bac-presnost-01\/","title":{"rendered":"Solight alkohol tester, 0,0 &#8211; 3,0\u2030 BAC, p\u0159esnos\u0165 0,1\u2030"},"content":{"rendered":"<p><UL><br \/>\n<LI> rozsah merania: 0,00 &#8211; 3,00 \u2030<\/LI><br \/>\n<LI> rozl\u00ed\u0161enie displeja: \u00b1 0,001 \u2030<\/LI><br \/>\n<LI> presnos\u0165 merania: 0,1 \u2030<\/LI><br \/>\n<LI> pam\u00e4\u0165 merania: 20<\/LI><br \/>\n<LI> nastavenie \u00farovne varovanie: 0,2 \u2030<\/LI><br \/>\n<LI> mern\u00e9 jednotky: \u2030 BAC; % BAC; mg\/l<\/LI><br \/>\n<LI> d\u013a\u017eka merania: min. 5-6 sec<\/LI><br \/>\n<LI> nap\u00e1janie: 3 x AAA (LR03) bat\u00e9rie (nie s\u00fa s\u00fa\u010das\u0165ou balenia)<\/LI><br \/>\n<LI> prev\u00e1dzkov\u00e1 teplota: 5\u00b0 &#8211; 45\u00b0 C<\/LI><br \/>\n<LI> automatick\u00e9 vypnutie po cca 60 sek<\/LI><br \/>\n<LI> rozmery produktu; hmotnos\u0165: 115 x 47 x 20mm; 45g (bez bat\u00e9ri\u00ed)<\/LI><br \/>\n<LI> schv\u00e1len\u00e9 CE &#038; RoHS<\/LI><br \/>\n<LI> LCD displej so 4-farebn\u00fdm podsvieten\u00edm<\/LI><br \/>\n<LI> pr\u00edslu\u0161enstvo: 2 ks d\u00fdchac\u00edch trubi\u010diek<\/LI><br \/>\n<LI> automatick\u00e9 odsatie vzduchu pre vy\u010distenie komory <\/LI><br \/>\n<\/UL><\/p>\n","protected":false},"excerpt":{"rendered":"<p>rozsah merania: 0,00 &#8211; 3,00 \u2030 rozl\u00ed\u0161enie displeja: \u00b1 0,001 \u2030 presnos\u0165 merania: 0,1 \u2030 pam\u00e4\u0165 merania: 20 nastavenie \u00farovne varovanie: 0,2 \u2030 mern\u00e9 jednotky: \u2030 BAC; % BAC; mg\/l d\u013a\u017eka merania: min. 5-6 sec nap\u00e1janie: 3 x AAA (LR03) bat\u00e9rie (nie s\u00fa s\u00fa\u010das\u0165ou balenia) prev\u00e1dzkov\u00e1 teplota: 5\u00b0 &#8211; 45\u00b0 C automatick\u00e9 vypnutie po cca [&hellip;]<\/p>\n","protected":false},"featured_media":7583,"comment_status":"open","ping_status":"closed","template":"","meta":[],"product_cat":[258],"product_tag":[],"class_list":{"0":"post-7572","1":"product","2":"type-product","3":"status-publish","4":"has-post-thumbnail","6":"product_cat-alkohol-testery","8":"first","9":"instock","10":"shipping-taxable","11":"purchasable","12":"product-type-simple"},"_links":{"self":[{"href":"https:\/\/naby.sk\/index.php\/wp-json\/wp\/v2\/product\/7572","targetHints":{"allow":["GET"]}}],"collection":[{"href":"https:\/\/naby.sk\/index.php\/wp-json\/wp\/v2\/product"}],"about":[{"href":"https:\/\/naby.sk\/index.php\/wp-json\/wp\/v2\/types\/product"}],"replies":[{"embeddable":true,"href":"https:\/\/naby.sk\/index.php\/wp-json\/wp\/v2\/comments?post=7572"}],"wp:featuredmedia":[{"embeddable":true,"href":"https:\/\/naby.sk\/index.php\/wp-json\/wp\/v2\/media\/7583"}],"wp:attachment":[{"href":"https:\/\/naby.sk\/index.php\/wp-json\/wp\/v2\/media?parent=7572"}],"wp:term":[{"taxonomy":"product_cat","embeddable":true,"href":"https:\/\/naby.sk\/index.php\/wp-json\/wp\/v2\/product_cat?post=7572"},{"taxonomy":"product_tag","embeddable":true,"href":"https:\/\/naby.sk\/index.php\/wp-json\/wp\/v2\/product_tag?post=7572"}],"curies":[{"name":"wp","href":"https:\/\/api.w.org\/{rel}","templated":true}]}}