{"id":7559,"date":"2025-01-13T20:21:52","date_gmt":"2025-01-13T19:21:52","guid":{"rendered":""},"modified":"2025-01-14T11:30:52","modified_gmt":"2025-01-14T10:30:52","slug":"solight-bezdrotova-15w-usb-ac-20w-pd-vysuvna-nabijacka-cierna","status":"publish","type":"product","link":"https:\/\/naby.sk\/index.php\/produkt\/solight-bezdrotova-15w-usb-ac-20w-pd-vysuvna-nabijacka-cierna\/","title":{"rendered":"Solight bezdr\u00f4tov\u00e1 15W + USB A+C 20W PD v\u00fdsuvn\u00e1 nab\u00edja\u010dka, \u010dierna"},"content":{"rendered":"<p><UL><br \/>\n<LI> v\u00fdsuvn\u00e9 z\u00e1suvky USB s r\u00fdchlym nab\u00edjan\u00edm <\/LI><br \/>\n<LI> bezdr\u00f4tov\u00e1 nab\u00edjacia podlo\u017eka v hornom kryte <\/LI><br \/>\n<LI> bezdr\u00f4tov\u00e9 nab\u00edjanie Qi 15W <\/LI><br \/>\n<LI> USB-C (PD): 5,0 V\/3,0 A, 9,0 V\/2,22 A, 12,0 V\/1,67 A, 20 W Power Delivery <\/LI><br \/>\n<LI> USB-A (QC3.0): 5,0V\/3,0A, 9,0V\/2,0A, 12,0V\/1,5A, 18W  <\/LI><br \/>\n<LI> pri s\u00fa\u010dasnom nab\u00edjan\u00ed je celkov\u00fd nab\u00edjac\u00ed v\u00fdkon max. 24 W (USB bez bezdr\u00f4tov\u00e9ho pripojenia) <\/LI><br \/>\n<LI> pri s\u00fa\u010dasnom nab\u00edjan\u00ed je s\u00fa\u010det nab\u00edjac\u00edch v\u00fdkonov max. 20 W (USB + Wireless) <\/LI><br \/>\n<LI> AC\/DC adapt\u00e9r DC 12,0 V\/2,0 A, 24 W, 1,5 m pr\u00edvodn\u00fd k\u00e1bel <\/LI><br \/>\n<LI> priemer otvoru v hornej \u010dasti stola: 60 mm <\/LI><br \/>\n<LI> farba horn\u00e9ho krytu: \u010dierna<\/LI><br \/>\n<\/UL><\/p>\n","protected":false},"excerpt":{"rendered":"<p>v\u00fdsuvn\u00e9 z\u00e1suvky USB s r\u00fdchlym nab\u00edjan\u00edm bezdr\u00f4tov\u00e1 nab\u00edjacia podlo\u017eka v hornom kryte bezdr\u00f4tov\u00e9 nab\u00edjanie Qi 15W USB-C (PD): 5,0 V\/3,0 A, 9,0 V\/2,22 A, 12,0 V\/1,67 A, 20 W Power Delivery USB-A (QC3.0): 5,0V\/3,0A, 9,0V\/2,0A, 12,0V\/1,5A, 18W pri s\u00fa\u010dasnom nab\u00edjan\u00ed je celkov\u00fd nab\u00edjac\u00ed v\u00fdkon max. 24 W (USB bez bezdr\u00f4tov\u00e9ho pripojenia) pri s\u00fa\u010dasnom nab\u00edjan\u00ed je [&hellip;]<\/p>\n","protected":false},"featured_media":7566,"comment_status":"open","ping_status":"closed","template":"","meta":[],"product_cat":[240],"product_tag":[],"class_list":{"0":"post-7559","1":"product","2":"type-product","3":"status-publish","4":"has-post-thumbnail","6":"product_cat-usb-adaptery","8":"first","9":"instock","10":"shipping-taxable","11":"purchasable","12":"product-type-simple"},"_links":{"self":[{"href":"https:\/\/naby.sk\/index.php\/wp-json\/wp\/v2\/product\/7559","targetHints":{"allow":["GET"]}}],"collection":[{"href":"https:\/\/naby.sk\/index.php\/wp-json\/wp\/v2\/product"}],"about":[{"href":"https:\/\/naby.sk\/index.php\/wp-json\/wp\/v2\/types\/product"}],"replies":[{"embeddable":true,"href":"https:\/\/naby.sk\/index.php\/wp-json\/wp\/v2\/comments?post=7559"}],"wp:featuredmedia":[{"embeddable":true,"href":"https:\/\/naby.sk\/index.php\/wp-json\/wp\/v2\/media\/7566"}],"wp:attachment":[{"href":"https:\/\/naby.sk\/index.php\/wp-json\/wp\/v2\/media?parent=7559"}],"wp:term":[{"taxonomy":"product_cat","embeddable":true,"href":"https:\/\/naby.sk\/index.php\/wp-json\/wp\/v2\/product_cat?post=7559"},{"taxonomy":"product_tag","embeddable":true,"href":"https:\/\/naby.sk\/index.php\/wp-json\/wp\/v2\/product_tag?post=7559"}],"curies":[{"name":"wp","href":"https:\/\/api.w.org\/{rel}","templated":true}]}}