{"id":7275,"date":"2025-01-13T20:20:59","date_gmt":"2025-01-13T19:20:59","guid":{"rendered":""},"modified":"2025-01-14T11:30:48","modified_gmt":"2025-01-14T10:30:48","slug":"solight-led-vianocne-zaves-cencule-360-led-9m-x-07m-privod-6m-vonkajsie-teple-biele-svetlo","status":"publish","type":"product","link":"https:\/\/naby.sk\/index.php\/produkt\/solight-led-vianocne-zaves-cencule-360-led-9m-x-07m-privod-6m-vonkajsie-teple-biele-svetlo\/","title":{"rendered":"Solight LED viano\u010dn\u00e9 z\u00e1ves, cenc\u00fale, 360 LED, 9m x 0,7m, pr\u00edvod 6m, vonkaj\u0161ie, tepl\u00e9 biele svetlo"},"content":{"rendered":"<p><UL><br \/>\n<LI> po\u010det LED di\u00f3d: 360<\/LI><br \/>\n<LI> \u0161t\u00fdl usporiadania: visiace cenc\u00fale<\/LI><br \/>\n<LI> pre vonkaj\u0161ie i vn\u00fatorn\u00e9 pou\u017eitie<\/LI><br \/>\n<LI> farba svetla: tepl\u00e1 biela (\u017elt\u00e1)<\/LI><br \/>\n<LI> 8 nastavite\u013en\u00fdch modelov svietenia\/blikania<\/LI><br \/>\n<LI> \u010dasova\u010d 6h\/18h &#8211; po 6h od zapnutia sa automaticky vypne a znovu zapne po 18h<\/LI><br \/>\n<LI> rozostupy cenc\u00fa\u013eov: 13cm<\/LI><br \/>\n<LI> vodorovn\u00e1 d\u013a\u017eka osvetlen\u00e9ho k\u00e1blu: 9m<\/LI><br \/>\n<LI> zvisl\u00e9 usporiadanie \u017eiaroviek: 3\/7\/4\/6 LED (24\/56\/32\/48cm)<\/LI><br \/>\n<LI> celkov\u00e1 d\u013a\u017eka k\u00e1blu: 14m<\/LI><br \/>\n<LI> d\u013a\u017eka pr\u00edvodn\u00e9ho k\u00e1blu: 5m (od zdroja k prvej \u017eiarovke)<\/LI><br \/>\n<LI> farba k\u00e1bla: transparentn\u00e1<\/LI><br \/>\n<LI> pr\u00edkon: 6W<\/LI><br \/>\n<LI> nap\u00e1janie: 230V AC<\/LI><br \/>\n<LI> trieda ochrany: IP44<\/LI><br \/>\n<LI> pracovn\u00e1 teplota: -20\u00b0C a\u017e +50\u00b0C<\/LI><br \/>\n<LI> balenie: farebn\u00e1 \u0161katu\u013ea<\/LI><br \/>\n<\/UL><\/p>\n","protected":false},"excerpt":{"rendered":"<p>po\u010det LED di\u00f3d: 360 \u0161t\u00fdl usporiadania: visiace cenc\u00fale pre vonkaj\u0161ie i vn\u00fatorn\u00e9 pou\u017eitie farba svetla: tepl\u00e1 biela (\u017elt\u00e1) 8 nastavite\u013en\u00fdch modelov svietenia\/blikania \u010dasova\u010d 6h\/18h &#8211; po 6h od zapnutia sa automaticky vypne a znovu zapne po 18h rozostupy cenc\u00fa\u013eov: 13cm vodorovn\u00e1 d\u013a\u017eka osvetlen\u00e9ho k\u00e1blu: 9m zvisl\u00e9 usporiadanie \u017eiaroviek: 3\/7\/4\/6 LED (24\/56\/32\/48cm) celkov\u00e1 d\u013a\u017eka k\u00e1blu: 14m [&hellip;]<\/p>\n","protected":false},"featured_media":7282,"comment_status":"open","ping_status":"closed","template":"","meta":[],"product_cat":[213],"product_tag":[],"class_list":{"0":"post-7275","1":"product","2":"type-product","3":"status-publish","4":"has-post-thumbnail","6":"product_cat-bateriove","8":"first","9":"instock","10":"shipping-taxable","11":"purchasable","12":"product-type-simple"},"_links":{"self":[{"href":"https:\/\/naby.sk\/index.php\/wp-json\/wp\/v2\/product\/7275","targetHints":{"allow":["GET"]}}],"collection":[{"href":"https:\/\/naby.sk\/index.php\/wp-json\/wp\/v2\/product"}],"about":[{"href":"https:\/\/naby.sk\/index.php\/wp-json\/wp\/v2\/types\/product"}],"replies":[{"embeddable":true,"href":"https:\/\/naby.sk\/index.php\/wp-json\/wp\/v2\/comments?post=7275"}],"wp:featuredmedia":[{"embeddable":true,"href":"https:\/\/naby.sk\/index.php\/wp-json\/wp\/v2\/media\/7282"}],"wp:attachment":[{"href":"https:\/\/naby.sk\/index.php\/wp-json\/wp\/v2\/media?parent=7275"}],"wp:term":[{"taxonomy":"product_cat","embeddable":true,"href":"https:\/\/naby.sk\/index.php\/wp-json\/wp\/v2\/product_cat?post=7275"},{"taxonomy":"product_tag","embeddable":true,"href":"https:\/\/naby.sk\/index.php\/wp-json\/wp\/v2\/product_tag?post=7275"}],"curies":[{"name":"wp","href":"https:\/\/api.w.org\/{rel}","templated":true}]}}