{"id":7268,"date":"2025-01-13T20:20:57","date_gmt":"2025-01-13T19:20:57","guid":{"rendered":""},"modified":"2025-01-14T11:30:48","modified_gmt":"2025-01-14T10:30:48","slug":"solight-led-ziarovka-klasicky-tvar-10w-e27-6000k-270-1100lm","status":"publish","type":"product","link":"https:\/\/naby.sk\/index.php\/produkt\/solight-led-ziarovka-klasicky-tvar-10w-e27-6000k-270-1100lm\/","title":{"rendered":"Solight LED \u017eiarovka, klasick\u00fd tvar, 10W, E27, 6000K, 270\u00b0, 1100lm"},"content":{"rendered":"<p><UL><br \/>\n<LI> LED \u017eiarovka s klasick\u00fdm tvarom<\/LI><br \/>\n<LI> spotreba: 10W<\/LI><br \/>\n<LI> sveteln\u00fd tok: 1100lm (pribli\u017ene odpoved\u00e1 tradi\u010dnej 77W \u017eiarovke)<\/LI><br \/>\n<LI> teplota chromatickosti: 6000K (studen\u00e1 biela)<\/LI><br \/>\n<LI> \u017eivotnos\u0165 LED: 25.000 hod\u00edn<\/LI><br \/>\n<LI> sp\u00ednacie cykly: 20.000x<\/LI><br \/>\n<LI> uhol svietenia: 270\u00b0<\/LI><br \/>\n<LI> zahrievacia doba: &lt;0,1 s<\/LI><br \/>\n<LI> index podania farieb Ra: &gt;80<\/LI><br \/>\n<LI> materi\u00e1l: hlin\u00edk + PC<\/LI><br \/>\n<LI> nap\u00e4tie: 175 &#8211; 265V, 50 &#8211; 60Hz<\/LI><br \/>\n<LI> d\u013a\u017eka: 111mm<\/LI><br \/>\n<LI> priemer: 60mm<\/LI><br \/>\n<LI> p\u00e4tica: E27 <\/LI><br \/>\n<LI> energetick\u00e1 trieda: E<\/LI><br \/>\n<\/UL><\/p>\n","protected":false},"excerpt":{"rendered":"<p>LED \u017eiarovka s klasick\u00fdm tvarom spotreba: 10W sveteln\u00fd tok: 1100lm (pribli\u017ene odpoved\u00e1 tradi\u010dnej 77W \u017eiarovke) teplota chromatickosti: 6000K (studen\u00e1 biela) \u017eivotnos\u0165 LED: 25.000 hod\u00edn sp\u00ednacie cykly: 20.000x uhol svietenia: 270\u00b0 zahrievacia doba: &lt;0,1 s index podania farieb Ra: &gt;80 materi\u00e1l: hlin\u00edk + PC nap\u00e4tie: 175 &#8211; 265V, 50 &#8211; 60Hz d\u013a\u017eka: 111mm priemer: 60mm p\u00e4tica: [&hellip;]<\/p>\n","protected":false},"featured_media":7271,"comment_status":"open","ping_status":"closed","template":"","meta":[],"product_cat":[230],"product_tag":[],"class_list":{"0":"post-7268","1":"product","2":"type-product","3":"status-publish","4":"has-post-thumbnail","6":"product_cat-e27","8":"first","9":"instock","10":"shipping-taxable","11":"purchasable","12":"product-type-simple"},"_links":{"self":[{"href":"https:\/\/naby.sk\/index.php\/wp-json\/wp\/v2\/product\/7268","targetHints":{"allow":["GET"]}}],"collection":[{"href":"https:\/\/naby.sk\/index.php\/wp-json\/wp\/v2\/product"}],"about":[{"href":"https:\/\/naby.sk\/index.php\/wp-json\/wp\/v2\/types\/product"}],"replies":[{"embeddable":true,"href":"https:\/\/naby.sk\/index.php\/wp-json\/wp\/v2\/comments?post=7268"}],"wp:featuredmedia":[{"embeddable":true,"href":"https:\/\/naby.sk\/index.php\/wp-json\/wp\/v2\/media\/7271"}],"wp:attachment":[{"href":"https:\/\/naby.sk\/index.php\/wp-json\/wp\/v2\/media?parent=7268"}],"wp:term":[{"taxonomy":"product_cat","embeddable":true,"href":"https:\/\/naby.sk\/index.php\/wp-json\/wp\/v2\/product_cat?post=7268"},{"taxonomy":"product_tag","embeddable":true,"href":"https:\/\/naby.sk\/index.php\/wp-json\/wp\/v2\/product_tag?post=7268"}],"curies":[{"name":"wp","href":"https:\/\/api.w.org\/{rel}","templated":true}]}}