{"id":7164,"date":"2025-01-13T20:20:40","date_gmt":"2025-01-13T19:20:40","guid":{"rendered":""},"modified":"2025-01-14T11:30:47","modified_gmt":"2025-01-14T10:30:47","slug":"solight-predlzovaci-privod-5-zasuviek-usb-aa-nabijacka-12w-3m-3-x-1mm2-biely-vypinac","status":"publish","type":"product","link":"https:\/\/naby.sk\/index.php\/produkt\/solight-predlzovaci-privod-5-zasuviek-usb-aa-nabijacka-12w-3m-3-x-1mm2-biely-vypinac\/","title":{"rendered":"Solight predl\u017eovac\u00ed pr\u00edvod 5 z\u00e1suviek, USB A+A nab\u00edja\u010dka 12W, 3m, 3 x 1mm2, biely, vyp\u00edna\u010d"},"content":{"rendered":"<p><UL><br \/>\n<LI> po\u010det z\u00e1suviek: 5<\/LI><br \/>\n<LI> vstavan\u00fd USB nab\u00edjac\u00ed adapt\u00e9r 2,4A max., 2x USB v\u00fdstup<\/LI><br \/>\n<LI> ve\u013ek\u00fd podsvieten\u00fd vyp\u00edna\u010d<\/LI><br \/>\n<LI> prierez vodi\u010dov: 3 x 1mm2 <\/LI><br \/>\n<LI> typ k\u00e1bla: H05VV-F3<\/LI><br \/>\n<LI> lomen\u00e1 vidlica<\/LI><br \/>\n<LI> farba: biela<\/LI><br \/>\n<LI> d\u013a\u017eka: 3m<\/LI><br \/>\n<LI> 230V\/10A<\/LI><br \/>\n<\/UL><\/p>\n","protected":false},"excerpt":{"rendered":"<p>po\u010det z\u00e1suviek: 5 vstavan\u00fd USB nab\u00edjac\u00ed adapt\u00e9r 2,4A max., 2x USB v\u00fdstup ve\u013ek\u00fd podsvieten\u00fd vyp\u00edna\u010d prierez vodi\u010dov: 3 x 1mm2 typ k\u00e1bla: H05VV-F3 lomen\u00e1 vidlica farba: biela d\u013a\u017eka: 3m 230V\/10A<\/p>\n","protected":false},"featured_media":7165,"comment_status":"open","ping_status":"closed","template":"","meta":[],"product_cat":[155],"product_tag":[],"class_list":{"0":"post-7164","1":"product","2":"type-product","3":"status-publish","4":"has-post-thumbnail","6":"product_cat-ostatne","8":"first","9":"instock","10":"shipping-taxable","11":"purchasable","12":"product-type-simple"},"_links":{"self":[{"href":"https:\/\/naby.sk\/index.php\/wp-json\/wp\/v2\/product\/7164","targetHints":{"allow":["GET"]}}],"collection":[{"href":"https:\/\/naby.sk\/index.php\/wp-json\/wp\/v2\/product"}],"about":[{"href":"https:\/\/naby.sk\/index.php\/wp-json\/wp\/v2\/types\/product"}],"replies":[{"embeddable":true,"href":"https:\/\/naby.sk\/index.php\/wp-json\/wp\/v2\/comments?post=7164"}],"wp:featuredmedia":[{"embeddable":true,"href":"https:\/\/naby.sk\/index.php\/wp-json\/wp\/v2\/media\/7165"}],"wp:attachment":[{"href":"https:\/\/naby.sk\/index.php\/wp-json\/wp\/v2\/media?parent=7164"}],"wp:term":[{"taxonomy":"product_cat","embeddable":true,"href":"https:\/\/naby.sk\/index.php\/wp-json\/wp\/v2\/product_cat?post=7164"},{"taxonomy":"product_tag","embeddable":true,"href":"https:\/\/naby.sk\/index.php\/wp-json\/wp\/v2\/product_tag?post=7164"}],"curies":[{"name":"wp","href":"https:\/\/api.w.org\/{rel}","templated":true}]}}