{"id":7032,"date":"2025-01-13T20:20:11","date_gmt":"2025-01-13T19:20:11","guid":{"rendered":""},"modified":"2025-01-14T11:30:45","modified_gmt":"2025-01-14T10:30:45","slug":"solight-usb-nabijaci-adapter-fast-charge-1x-usb-qualcomm-5v2a-9v15a-12v1a-ac-230v-bielosivy","status":"publish","type":"product","link":"https:\/\/naby.sk\/index.php\/produkt\/solight-usb-nabijaci-adapter-fast-charge-1x-usb-qualcomm-5v2a-9v15a-12v1a-ac-230v-bielosivy\/","title":{"rendered":"Solight USB nab\u00edjac\u00ed adapt\u00e9r, fast charge: 1x USB Qualcomm, 5V2A\/9V1.5A\/12V1A,  AC 230V, bielosiv\u00fd"},"content":{"rendered":"<p><UL><br \/>\n<LI> fast charge, r\u00fdchle nab\u00edjanie, USB Qualcomm 1x USB v\u00fdstup typu A <\/ LI><br \/>\n<LI> pre dob\u00edjanie multimedi\u00e1lnych zariaden\u00ed<\/LI><br \/>\n<LI> GSM telefon, GPS navig\u00e1cia,  MP3 prehr\u00e1va\u010d apod.<\/LI><br \/>\n<LI> ochrana proti prebitiu, pre\u0165a\u017eeniu, prep\u00e4tiu, prehriatiu a proti skratu<\/LI><br \/>\n<LI> vstup: AC 100-240V, 50\/60Hz<\/LI><br \/>\n<LI> v\u00fdstup: 5V2A\/9V1.5A\/12V1A<\/LI><br \/>\n<LI> farba: bielosiv\u00e1<\/LI><br \/>\n<LI> balenie: \u0161katu\u013eka<\/LI><br \/>\n<\/UL><\/p>\n","protected":false},"excerpt":{"rendered":"<p>fast charge, r\u00fdchle nab\u00edjanie, USB Qualcomm 1x USB v\u00fdstup typu A pre dob\u00edjanie multimedi\u00e1lnych zariaden\u00ed GSM telefon, GPS navig\u00e1cia, MP3 prehr\u00e1va\u010d apod. ochrana proti prebitiu, pre\u0165a\u017eeniu, prep\u00e4tiu, prehriatiu a proti skratu vstup: AC 100-240V, 50\/60Hz v\u00fdstup: 5V2A\/9V1.5A\/12V1A farba: bielosiv\u00e1 balenie: \u0161katu\u013eka<\/p>\n","protected":false},"featured_media":7037,"comment_status":"open","ping_status":"closed","template":"","meta":[],"product_cat":[240],"product_tag":[],"class_list":{"0":"post-7032","1":"product","2":"type-product","3":"status-publish","4":"has-post-thumbnail","6":"product_cat-usb-adaptery","8":"first","9":"instock","10":"shipping-taxable","11":"purchasable","12":"product-type-simple"},"_links":{"self":[{"href":"https:\/\/naby.sk\/index.php\/wp-json\/wp\/v2\/product\/7032","targetHints":{"allow":["GET"]}}],"collection":[{"href":"https:\/\/naby.sk\/index.php\/wp-json\/wp\/v2\/product"}],"about":[{"href":"https:\/\/naby.sk\/index.php\/wp-json\/wp\/v2\/types\/product"}],"replies":[{"embeddable":true,"href":"https:\/\/naby.sk\/index.php\/wp-json\/wp\/v2\/comments?post=7032"}],"wp:featuredmedia":[{"embeddable":true,"href":"https:\/\/naby.sk\/index.php\/wp-json\/wp\/v2\/media\/7037"}],"wp:attachment":[{"href":"https:\/\/naby.sk\/index.php\/wp-json\/wp\/v2\/media?parent=7032"}],"wp:term":[{"taxonomy":"product_cat","embeddable":true,"href":"https:\/\/naby.sk\/index.php\/wp-json\/wp\/v2\/product_cat?post=7032"},{"taxonomy":"product_tag","embeddable":true,"href":"https:\/\/naby.sk\/index.php\/wp-json\/wp\/v2\/product_tag?post=7032"}],"curies":[{"name":"wp","href":"https:\/\/api.w.org\/{rel}","templated":true}]}}