{"id":6972,"date":"2025-01-13T20:19:58","date_gmt":"2025-01-13T19:19:58","guid":{"rendered":""},"modified":"2025-01-14T11:30:44","modified_gmt":"2025-01-14T10:30:44","slug":"solight-sietovy-adapter-pre-led-pasiky-230v-12v-2a-24w-biela-farba","status":"publish","type":"product","link":"https:\/\/naby.sk\/index.php\/produkt\/solight-sietovy-adapter-pre-led-pasiky-230v-12v-2a-24w-biela-farba\/","title":{"rendered":"Solight sie\u0165ov\u00fd adapt\u00e9r pre LED p\u00e1siky, 230V &#8211; 12V, 2A, 24W, biela farba"},"content":{"rendered":"<p><LI> nap\u00e1jac\u00ed zdroj ur\u010den\u00fd pre 12V LED p\u00e1siky<\/LI><br \/>\n<LI> nap\u00e1jac\u00ed pr\u00fad: 2000mA<\/LI><br \/>\n<LI> vstup: 220 &#8211; 240V, 50\/60Hz<\/LI><br \/>\n<LI> v\u00fdstup: 12V DC<\/LI><br \/>\n<LI> max. 24W<\/LI><br \/>\n<LI> ochrana proti prep\u00e4tiu a skratu<\/LI><br \/>\n<LI> EMI filter<\/LI><br \/>\n<LI> stupe\u0148 krytia: IP20<\/LI><br \/>\n<LI> konektor ? 5.5mm * 2.1mm<\/LI><br \/>\n<LI> farba: biala<\/LI><\/p>\n","protected":false},"excerpt":{"rendered":"<p>nap\u00e1jac\u00ed zdroj ur\u010den\u00fd pre 12V LED p\u00e1siky nap\u00e1jac\u00ed pr\u00fad: 2000mA vstup: 220 &#8211; 240V, 50\/60Hz v\u00fdstup: 12V DC max. 24W ochrana proti prep\u00e4tiu a skratu EMI filter stupe\u0148 krytia: IP20 konektor ? 5.5mm * 2.1mm farba: biala<\/p>\n","protected":false},"featured_media":6977,"comment_status":"open","ping_status":"closed","template":"","meta":[],"product_cat":[157],"product_tag":[],"class_list":{"0":"post-6972","1":"product","2":"type-product","3":"status-publish","4":"has-post-thumbnail","6":"product_cat-napajacie-zdroje-12v","8":"first","9":"instock","10":"shipping-taxable","11":"purchasable","12":"product-type-simple"},"_links":{"self":[{"href":"https:\/\/naby.sk\/index.php\/wp-json\/wp\/v2\/product\/6972","targetHints":{"allow":["GET"]}}],"collection":[{"href":"https:\/\/naby.sk\/index.php\/wp-json\/wp\/v2\/product"}],"about":[{"href":"https:\/\/naby.sk\/index.php\/wp-json\/wp\/v2\/types\/product"}],"replies":[{"embeddable":true,"href":"https:\/\/naby.sk\/index.php\/wp-json\/wp\/v2\/comments?post=6972"}],"wp:featuredmedia":[{"embeddable":true,"href":"https:\/\/naby.sk\/index.php\/wp-json\/wp\/v2\/media\/6977"}],"wp:attachment":[{"href":"https:\/\/naby.sk\/index.php\/wp-json\/wp\/v2\/media?parent=6972"}],"wp:term":[{"taxonomy":"product_cat","embeddable":true,"href":"https:\/\/naby.sk\/index.php\/wp-json\/wp\/v2\/product_cat?post=6972"},{"taxonomy":"product_tag","embeddable":true,"href":"https:\/\/naby.sk\/index.php\/wp-json\/wp\/v2\/product_tag?post=6972"}],"curies":[{"name":"wp","href":"https:\/\/api.w.org\/{rel}","templated":true}]}}