{"id":6922,"date":"2025-01-13T20:19:47","date_gmt":"2025-01-13T19:19:47","guid":{"rendered":""},"modified":"2025-01-14T11:30:43","modified_gmt":"2025-01-14T10:30:43","slug":"solight-alkohol-tester-00-15-bac-citlivost-02","status":"publish","type":"product","link":"https:\/\/naby.sk\/index.php\/produkt\/solight-alkohol-tester-00-15-bac-citlivost-02\/","title":{"rendered":"Solight alkohol tester, 0,0 &#8211; 1,5\u2030 BAC, citlivos\u0165 0,2\u2030"},"content":{"rendered":"<p><UL><br \/>\n<LI> rozp\u00e4tie: 0,00 &#8211; 1,50 \u2030<\/LI><br \/>\n<LI> presnos\u0165: \u00b1 0,2 \u2030<\/LI><br \/>\n<LI> nastaven\u00e1 hladina varovania: 0,2 \u2030<\/LI><br \/>\n<LI> pam\u00e4\u0165 merania: 10<\/LI><br \/>\n<LI> mern\u00e9 jednotky: \u2030<\/LI><br \/>\n<LI> d\u013a\u017eka merania: 5 &#8211; 7 sec.<\/LI><br \/>\n<LI> automatick\u00e9 vypnutie: 35 sec.<\/LI><br \/>\n<LI> LCD displej s 2-farebn\u00fdm podsvieten\u00edm<\/LI><br \/>\n<LI> nap\u00e1janie: 2 x AAA (LR03) bat\u00e9rie (nie s\u00fa s\u00fa\u010das\u0165ou balenia)<\/LI><br \/>\n<LI> prev\u00e1dzkov\u00e1 a skladovacia teplota: +5 \u00b0C \/ +45 \u00b0C<\/LI><br \/>\n<LI> polovodi\u010dov\u00fd senzor<\/LI><br \/>\n<LI> rozmery produktu: 105 x 39 x 12mm; 45g<\/LI><br \/>\n<LI> schv\u00e1len\u00e9 CE &#038; RoHS<\/LI><br \/>\n<LI> pr\u00edslu\u0161enstvo: 2 ks d\u00fdchac\u00edch n\u00e1ustkov<\/LI><br \/>\n<\/UL><\/p>\n","protected":false},"excerpt":{"rendered":"<p>rozp\u00e4tie: 0,00 &#8211; 1,50 \u2030 presnos\u0165: \u00b1 0,2 \u2030 nastaven\u00e1 hladina varovania: 0,2 \u2030 pam\u00e4\u0165 merania: 10 mern\u00e9 jednotky: \u2030 d\u013a\u017eka merania: 5 &#8211; 7 sec. automatick\u00e9 vypnutie: 35 sec. LCD displej s 2-farebn\u00fdm podsvieten\u00edm nap\u00e1janie: 2 x AAA (LR03) bat\u00e9rie (nie s\u00fa s\u00fa\u010das\u0165ou balenia) prev\u00e1dzkov\u00e1 a skladovacia teplota: +5 \u00b0C \/ +45 \u00b0C polovodi\u010dov\u00fd [&hellip;]<\/p>\n","protected":false},"featured_media":6929,"comment_status":"open","ping_status":"closed","template":"","meta":[],"product_cat":[258],"product_tag":[],"class_list":{"0":"post-6922","1":"product","2":"type-product","3":"status-publish","4":"has-post-thumbnail","6":"product_cat-alkohol-testery","8":"first","9":"instock","10":"shipping-taxable","11":"purchasable","12":"product-type-simple"},"_links":{"self":[{"href":"https:\/\/naby.sk\/index.php\/wp-json\/wp\/v2\/product\/6922","targetHints":{"allow":["GET"]}}],"collection":[{"href":"https:\/\/naby.sk\/index.php\/wp-json\/wp\/v2\/product"}],"about":[{"href":"https:\/\/naby.sk\/index.php\/wp-json\/wp\/v2\/types\/product"}],"replies":[{"embeddable":true,"href":"https:\/\/naby.sk\/index.php\/wp-json\/wp\/v2\/comments?post=6922"}],"wp:featuredmedia":[{"embeddable":true,"href":"https:\/\/naby.sk\/index.php\/wp-json\/wp\/v2\/media\/6929"}],"wp:attachment":[{"href":"https:\/\/naby.sk\/index.php\/wp-json\/wp\/v2\/media?parent=6922"}],"wp:term":[{"taxonomy":"product_cat","embeddable":true,"href":"https:\/\/naby.sk\/index.php\/wp-json\/wp\/v2\/product_cat?post=6922"},{"taxonomy":"product_tag","embeddable":true,"href":"https:\/\/naby.sk\/index.php\/wp-json\/wp\/v2\/product_tag?post=6922"}],"curies":[{"name":"wp","href":"https:\/\/api.w.org\/{rel}","templated":true}]}}