{"id":6911,"date":"2025-01-13T20:19:45","date_gmt":"2025-01-13T19:19:45","guid":{"rendered":""},"modified":"2025-01-14T11:30:42","modified_gmt":"2025-01-14T10:30:42","slug":"solight-led-vonkajsie-cencule-50led-casovac-8-funkcii-ip44-3xaa-baterie","status":"publish","type":"product","link":"https:\/\/naby.sk\/index.php\/produkt\/solight-led-vonkajsie-cencule-50led-casovac-8-funkcii-ip44-3xaa-baterie\/","title":{"rendered":"Solight LED vonkaj\u0161ie cenc\u00fale, 50LED, \u010dasova\u010d, 8 funkci\u00ed, IP44, 3xAA bat\u00e9rie"},"content":{"rendered":"<p><UL><br \/>\n<LI> LED vonkaj\u0161ie cenc\u00fale<\/LI><br \/>\n<LI> po\u010det LED di\u00f3d \/ cenc\u00fa\u013eov: 50<\/LI><br \/>\n<LI> 8 sveteln\u00fdch m\u00f3dov (blikanie, prel\u00ednanie svetla, stmievanie at\u010f&#8230;)<\/LI><br \/>\n<LI> vn\u00fatorn\u00e9 i vonkaj\u0161ie pou\u017eitie<\/LI><br \/>\n<LI> integrovan\u00fd 6hod. \u010dasova\u010d<\/LI><br \/>\n<LI> \u010dasova\u010d po 6hod. svetlo vypne a po 18hod. znovu automaticky zapne<\/LI><br \/>\n<LI> farba svetla: studen\u00e1 biela<\/LI><br \/>\n<LI> vzdialenos\u0165 di\u00f3d: 15cm<\/LI><br \/>\n<LI> d\u013a\u017eka osvetlen\u00e9ho k\u00e1bla: 7,5m<\/LI><br \/>\n<LI> farba k\u00e1bla: transparentn\u00e1<\/LI><br \/>\n<LI> d\u013a\u017eka pr\u00edvodn\u00e9ho k\u00e1bla: 50cm<\/LI><br \/>\n<LI> nap\u00e1janie: 3x AA bat\u00e9rie (nie s\u00fa s\u00fa\u010das\u0165ou)<\/LI><br \/>\n<LI> v\u00fddr\u017e bat\u00e9ri\u00ed: cca 72 hod\u00edn (v z\u00e1vislosti na kvalite bat\u00e9ri\u00ed)<\/LI><br \/>\n<LI> trieda ochrany: IP44 (vonkaj\u0161ie pou\u017eitie)<\/LI><br \/>\n<LI> balenie: farebn\u00e1 krabica<\/LI><br \/>\n<\/UL><\/p>\n","protected":false},"excerpt":{"rendered":"<p>LED vonkaj\u0161ie cenc\u00fale po\u010det LED di\u00f3d \/ cenc\u00fa\u013eov: 50 8 sveteln\u00fdch m\u00f3dov (blikanie, prel\u00ednanie svetla, stmievanie at\u010f&#8230;) vn\u00fatorn\u00e9 i vonkaj\u0161ie pou\u017eitie integrovan\u00fd 6hod. \u010dasova\u010d \u010dasova\u010d po 6hod. svetlo vypne a po 18hod. znovu automaticky zapne farba svetla: studen\u00e1 biela vzdialenos\u0165 di\u00f3d: 15cm d\u013a\u017eka osvetlen\u00e9ho k\u00e1bla: 7,5m farba k\u00e1bla: transparentn\u00e1 d\u013a\u017eka pr\u00edvodn\u00e9ho k\u00e1bla: 50cm nap\u00e1janie: 3x [&hellip;]<\/p>\n","protected":false},"featured_media":6918,"comment_status":"open","ping_status":"closed","template":"","meta":[],"product_cat":[213],"product_tag":[],"class_list":{"0":"post-6911","1":"product","2":"type-product","3":"status-publish","4":"has-post-thumbnail","6":"product_cat-bateriove","8":"first","9":"instock","10":"shipping-taxable","11":"purchasable","12":"product-type-simple"},"_links":{"self":[{"href":"https:\/\/naby.sk\/index.php\/wp-json\/wp\/v2\/product\/6911","targetHints":{"allow":["GET"]}}],"collection":[{"href":"https:\/\/naby.sk\/index.php\/wp-json\/wp\/v2\/product"}],"about":[{"href":"https:\/\/naby.sk\/index.php\/wp-json\/wp\/v2\/types\/product"}],"replies":[{"embeddable":true,"href":"https:\/\/naby.sk\/index.php\/wp-json\/wp\/v2\/comments?post=6911"}],"wp:featuredmedia":[{"embeddable":true,"href":"https:\/\/naby.sk\/index.php\/wp-json\/wp\/v2\/media\/6918"}],"wp:attachment":[{"href":"https:\/\/naby.sk\/index.php\/wp-json\/wp\/v2\/media?parent=6911"}],"wp:term":[{"taxonomy":"product_cat","embeddable":true,"href":"https:\/\/naby.sk\/index.php\/wp-json\/wp\/v2\/product_cat?post=6911"},{"taxonomy":"product_tag","embeddable":true,"href":"https:\/\/naby.sk\/index.php\/wp-json\/wp\/v2\/product_tag?post=6911"}],"curies":[{"name":"wp","href":"https:\/\/api.w.org\/{rel}","templated":true}]}}