{"id":6708,"date":"2025-01-13T20:18:48","date_gmt":"2025-01-13T19:18:48","guid":{"rendered":""},"modified":"2025-01-14T11:30:40","modified_gmt":"2025-01-14T10:30:40","slug":"solight-led-dekorativne-ziarovky-na-provazu-10x-ziarovka-30led-180cm-casovac-3x-aa","status":"publish","type":"product","link":"https:\/\/naby.sk\/index.php\/produkt\/solight-led-dekorativne-ziarovky-na-provazu-10x-ziarovka-30led-180cm-casovac-3x-aa\/","title":{"rendered":"Solight LED dekorat\u00edvne \u017eiarovky na provazu, 10x \u017eiarovka, 30LED, 180cm, \u010dasova\u010d 3x AA"},"content":{"rendered":"<p><UL><br \/>\n<LI> LED dekorat\u00edvne \u017eiarovky na provazu v pr\u00edrodnej barv\u011b<\/LI><br \/>\n<LI> po\u010det LED \u017eiaroviek: 10<\/LI><br \/>\n<LI> po\u010det LED di\u00f3d: 30<\/LI><br \/>\n<LI> barva svetla: tepl\u00e1 biela (\u017elut\u00e1)<\/LI><br \/>\n<LI> nap\u00e1janie: 3x AA bat\u00e9rie (nie je s\u00fa\u010das\u0165ou)<\/LI><br \/>\n<LI> \u010dasova\u010d 6h\/18h &#8211; po 6h sa automaticky vypne a znovu zapne po 18h<\/LI><br \/>\n<LI> mono\u017est manu\u00e1lneho zap\u00ednania bez \u010dasova\u010da<\/LI><br \/>\n<LI> v\u00fddr\u017e bat\u00e9rie: cca 100hod. (v z\u00e1vislosti na kvalite bat\u00e9ri\u00ed)<\/LI><br \/>\n<LI> trieda ochrany: IP20 (vn\u00fatorn\u00e9 pou\u017eitie)<\/LI><br \/>\n<LI> d\u013a\u017eka: 1,8 m<\/LI><br \/>\n<LI> barva provazu: pr\u00edrodn\u00e1<\/LI><br \/>\n<\/UL><\/p>\n","protected":false},"excerpt":{"rendered":"<p>LED dekorat\u00edvne \u017eiarovky na provazu v pr\u00edrodnej barv\u011b po\u010det LED \u017eiaroviek: 10 po\u010det LED di\u00f3d: 30 barva svetla: tepl\u00e1 biela (\u017elut\u00e1) nap\u00e1janie: 3x AA bat\u00e9rie (nie je s\u00fa\u010das\u0165ou) \u010dasova\u010d 6h\/18h &#8211; po 6h sa automaticky vypne a znovu zapne po 18h mono\u017est manu\u00e1lneho zap\u00ednania bez \u010dasova\u010da v\u00fddr\u017e bat\u00e9rie: cca 100hod. (v z\u00e1vislosti na kvalite bat\u00e9ri\u00ed) [&hellip;]<\/p>\n","protected":false},"featured_media":6719,"comment_status":"open","ping_status":"closed","template":"","meta":[],"product_cat":[213],"product_tag":[],"class_list":{"0":"post-6708","1":"product","2":"type-product","3":"status-publish","4":"has-post-thumbnail","6":"product_cat-bateriove","8":"first","9":"instock","10":"shipping-taxable","11":"purchasable","12":"product-type-simple"},"_links":{"self":[{"href":"https:\/\/naby.sk\/index.php\/wp-json\/wp\/v2\/product\/6708","targetHints":{"allow":["GET"]}}],"collection":[{"href":"https:\/\/naby.sk\/index.php\/wp-json\/wp\/v2\/product"}],"about":[{"href":"https:\/\/naby.sk\/index.php\/wp-json\/wp\/v2\/types\/product"}],"replies":[{"embeddable":true,"href":"https:\/\/naby.sk\/index.php\/wp-json\/wp\/v2\/comments?post=6708"}],"wp:featuredmedia":[{"embeddable":true,"href":"https:\/\/naby.sk\/index.php\/wp-json\/wp\/v2\/media\/6719"}],"wp:attachment":[{"href":"https:\/\/naby.sk\/index.php\/wp-json\/wp\/v2\/media?parent=6708"}],"wp:term":[{"taxonomy":"product_cat","embeddable":true,"href":"https:\/\/naby.sk\/index.php\/wp-json\/wp\/v2\/product_cat?post=6708"},{"taxonomy":"product_tag","embeddable":true,"href":"https:\/\/naby.sk\/index.php\/wp-json\/wp\/v2\/product_tag?post=6708"}],"curies":[{"name":"wp","href":"https:\/\/api.w.org\/{rel}","templated":true}]}}