{"id":6613,"date":"2025-01-13T20:18:18","date_gmt":"2025-01-13T19:18:18","guid":{"rendered":""},"modified":"2025-01-14T11:30:39","modified_gmt":"2025-01-14T10:30:39","slug":"solight-led-vonkajsia-vianocna-retaz-s-dialkovy-ovladanim-a-zvukovym-senzorom-cluster-576-led-8-funkcii-casovac-ip44-viacfarebna","status":"publish","type":"product","link":"https:\/\/naby.sk\/index.php\/produkt\/solight-led-vonkajsia-vianocna-retaz-s-dialkovy-ovladanim-a-zvukovym-senzorom-cluster-576-led-8-funkcii-casovac-ip44-viacfarebna\/","title":{"rendered":"Solight LED vonkaj\u0161ia viano\u010dn\u00e1 re\u0165az s dia\u013ekov\u00fd ovl\u00e1dan\u00edm a zvukov\u00fdm senzorom &#8211; Cluster, 576 LED, 8 funkci\u00ed, \u010dasova\u010d, IP44, viacfarebn\u00e1"},"content":{"rendered":"<p><UL><br \/>\n<LI> po\u010det LED di\u00f3d: 576<\/LI><br \/>\n<LI> re\u0165az Cluster (je\u017eko) disponuje di\u00f3dami umiestnen\u00fdmi vo vysokej hustote po oboch stran\u00e1ch re\u0165aze<\/LI><br \/>\n<LI> zvukov\u00fd sensor &#8211; reaguje na v\u00fdrazn\u00e9 t\u00f3ny, zvuky a hudbu preblik\u00e1van\u00edm di\u00f3d v danom rytme, zvukov\u00fd sensor mo\u017eno vypn\u00fa\u0165<\/LI><br \/>\n<LI> farba svetla: viacfarevn\u00e1<\/LI><br \/>\n<LI> 8 sveteln\u00fdm m\u00f3dov (blikanie, prel\u00ednanie svetla, stmievanie at\u010f.)<\/LI><br \/>\n<LI> \u010dasova\u010d<\/LI><br \/>\n<LI> dia\u013ekov\u00e9 ovl\u00e1danie<\/LI><br \/>\n<LI> mo\u017enos\u0165 ovl\u00e1dania aj tla\u010didlom na nap\u00e1jacom zdroji<\/LI><br \/>\n<LI> vonkaj\u0161ie i vn\u00fatorn\u00e9 pou\u017eitie<\/LI><br \/>\n<LI> vzdialenos\u0165 \u017eiaroviek: &lt;1cm<\/LI><br \/>\n<LI> d\u013a\u017eka osvetlen\u00e9ho k\u00e1bla: 5m<\/LI><br \/>\n<LI> d\u013a\u017eka pr\u00edvodn\u00e9ho k\u00e1bla: 3m<\/LI><br \/>\n<LI> farba k\u00e1bla: zelen\u00e1<\/LI><br \/>\n<LI> pr\u00edkon: 5,5W<\/LI><br \/>\n<LI> nap\u00e1janie: 230V AC \/ 31V DC max. 6W<\/LI><br \/>\n<LI> trieda ochrany: IP44<\/LI><br \/>\n<LI> pracovn\u00e1 teplota: -20\u00b0C do +50\u00b0C<\/LI><br \/>\n<\/UL><\/p>\n","protected":false},"excerpt":{"rendered":"<p>po\u010det LED di\u00f3d: 576 re\u0165az Cluster (je\u017eko) disponuje di\u00f3dami umiestnen\u00fdmi vo vysokej hustote po oboch stran\u00e1ch re\u0165aze zvukov\u00fd sensor &#8211; reaguje na v\u00fdrazn\u00e9 t\u00f3ny, zvuky a hudbu preblik\u00e1van\u00edm di\u00f3d v danom rytme, zvukov\u00fd sensor mo\u017eno vypn\u00fa\u0165 farba svetla: viacfarevn\u00e1 8 sveteln\u00fdm m\u00f3dov (blikanie, prel\u00ednanie svetla, stmievanie at\u010f.) \u010dasova\u010d dia\u013ekov\u00e9 ovl\u00e1danie mo\u017enos\u0165 ovl\u00e1dania aj tla\u010didlom na [&hellip;]<\/p>\n","protected":false},"featured_media":6624,"comment_status":"open","ping_status":"closed","template":"","meta":[],"product_cat":[213],"product_tag":[],"class_list":{"0":"post-6613","1":"product","2":"type-product","3":"status-publish","4":"has-post-thumbnail","6":"product_cat-bateriove","8":"first","9":"instock","10":"shipping-taxable","11":"purchasable","12":"product-type-simple"},"_links":{"self":[{"href":"https:\/\/naby.sk\/index.php\/wp-json\/wp\/v2\/product\/6613","targetHints":{"allow":["GET"]}}],"collection":[{"href":"https:\/\/naby.sk\/index.php\/wp-json\/wp\/v2\/product"}],"about":[{"href":"https:\/\/naby.sk\/index.php\/wp-json\/wp\/v2\/types\/product"}],"replies":[{"embeddable":true,"href":"https:\/\/naby.sk\/index.php\/wp-json\/wp\/v2\/comments?post=6613"}],"wp:featuredmedia":[{"embeddable":true,"href":"https:\/\/naby.sk\/index.php\/wp-json\/wp\/v2\/media\/6624"}],"wp:attachment":[{"href":"https:\/\/naby.sk\/index.php\/wp-json\/wp\/v2\/media?parent=6613"}],"wp:term":[{"taxonomy":"product_cat","embeddable":true,"href":"https:\/\/naby.sk\/index.php\/wp-json\/wp\/v2\/product_cat?post=6613"},{"taxonomy":"product_tag","embeddable":true,"href":"https:\/\/naby.sk\/index.php\/wp-json\/wp\/v2\/product_tag?post=6613"}],"curies":[{"name":"wp","href":"https:\/\/api.w.org\/{rel}","templated":true}]}}