{"id":6593,"date":"2025-01-13T20:18:15","date_gmt":"2025-01-13T19:18:15","guid":{"rendered":""},"modified":"2025-01-14T11:30:39","modified_gmt":"2025-01-14T10:30:39","slug":"solight-bezdrotovy-zvoncek-bezbateriovy-do-zasuvky-150m-biely-learning-code-1","status":"publish","type":"product","link":"https:\/\/naby.sk\/index.php\/produkt\/solight-bezdrotovy-zvoncek-bezbateriovy-do-zasuvky-150m-biely-learning-code-1\/","title":{"rendered":"Solight bezdr\u00f4tov\u00fd zvon\u010dek bezbat\u00e9riov\u00fd, do z\u00e1suvky, 150m, biely, learning code"},"content":{"rendered":"<p><UL><br \/>\n<LI> zvon\u010dekov\u00e9 tla\u010didlo na princ\u00edpe dynama, elektrick\u00fd sign\u00e1l pre zvonenie je vytvoren\u00fd prevodom mechanickej energie stla\u010den\u00edm tla\u010didla. Nie je potrebn\u00e9 sa stara\u0165 o n\u00e1kladn\u00e9 v\u00fdmeny bat\u00e9ri\u00ed, najm\u00e4 v zimnom obdob\u00ed<\/LI><br \/>\n<LI> funkcia&#8220; Learning code &#8222;umo\u017e\u0148uje sp\u00e1rovanie nieko\u013ek\u00fdch zvon\u010dekov alebo tla\u010didiel do jednej skupiny<\/LI><br \/>\n<LI> k jedn\u00e9mu zvon\u010deku m\u00f4\u017ee by\u0165 sp\u00e1rovan\u00e9 max. 8 tla\u010didiel<\/LI><br \/>\n<LI> jedno tla\u010didlo m\u00f4\u017ee by\u0165 sp\u00e1rovan\u00e9 s max. 20 zvon\u010deky, na ka\u017edom zvon\u010deku m\u00f4\u017ee by\u0165 nastaven\u00e1 in\u00e1 mel\u00f3dia<\/LI><br \/>\n<LI> 64 volite\u013en\u00fdch mel\u00f3di\u00ed, obojsmern\u00e9 vyh\u013ead\u00e1vanie<\/LI><br \/>\n<LI> LED indik\u00e1tor zvonenia na zvon\u010deku<\/LI><br \/>\n<LI> tla\u010didlo s krytom na menovku, vodotesn\u00e1 a prachotesn\u00e1 ochrana IP56<\/LI><br \/>\n<LI> nastavenie hlasitosti zvon\u010deka: 4 stupne 25 &#8211; 100dB<\/LI><br \/>\n<LI> uchytenie tla\u010didla pomocou mont\u00e1\u017enych otvorov alebo samolepiacej podlo\u017eky<\/LI><br \/>\n<LI> dosah sign\u00e1lu na otvorenom priestranstve: 150m<\/LI><br \/>\n<LI> prenosov\u00e1 frekvencia: 433,92MHz<\/LI><br \/>\n<LI> nap\u00e1janie:<\/LI><br \/>\n<LI> tla\u010didlo: bez bat\u00e9ri\u00ed, \u017eivotnos\u0165 200 000 stla\u010den\u00ed<\/LI><br \/>\n<LI> zvon\u010dek: AC 230V &#8211; do z\u00e1suvky<\/LI><br \/>\n<LI> pracovn\u00e1 teplota: tla\u010didlo -20 \u00b0C do +50 \u00b0C, zvon\u010dek -10 \u00b0C a\u017e +45 \u00b0C<\/LI><br \/>\n<LI> spotreba energie: prij\u00edma\u010d (zvon\u010dek) v k\u013eudovom re\u017eime: &lt;0,4W<\/LI><br \/>\n<LI> n\u00e1hradn\u00e9 tla\u010didlo Solight \u010d. 1L70T<\/LI><br \/>\n<LI> farba: biela<\/LI><br \/>\n<\/UL><\/p>\n","protected":false},"excerpt":{"rendered":"<p>zvon\u010dekov\u00e9 tla\u010didlo na princ\u00edpe dynama, elektrick\u00fd sign\u00e1l pre zvonenie je vytvoren\u00fd prevodom mechanickej energie stla\u010den\u00edm tla\u010didla. Nie je potrebn\u00e9 sa stara\u0165 o n\u00e1kladn\u00e9 v\u00fdmeny bat\u00e9ri\u00ed, najm\u00e4 v zimnom obdob\u00ed funkcia&#8220; Learning code &#8222;umo\u017e\u0148uje sp\u00e1rovanie nieko\u013ek\u00fdch zvon\u010dekov alebo tla\u010didiel do jednej skupiny k jedn\u00e9mu zvon\u010deku m\u00f4\u017ee by\u0165 sp\u00e1rovan\u00e9 max. 8 tla\u010didiel jedno tla\u010didlo m\u00f4\u017ee by\u0165 sp\u00e1rovan\u00e9 [&hellip;]<\/p>\n","protected":false},"featured_media":6602,"comment_status":"open","ping_status":"closed","template":"","meta":[],"product_cat":[206],"product_tag":[],"class_list":{"0":"post-6593","1":"product","2":"type-product","3":"status-publish","4":"has-post-thumbnail","6":"product_cat-bezdrotove-zvonceky","8":"first","9":"instock","10":"shipping-taxable","11":"purchasable","12":"product-type-simple"},"_links":{"self":[{"href":"https:\/\/naby.sk\/index.php\/wp-json\/wp\/v2\/product\/6593","targetHints":{"allow":["GET"]}}],"collection":[{"href":"https:\/\/naby.sk\/index.php\/wp-json\/wp\/v2\/product"}],"about":[{"href":"https:\/\/naby.sk\/index.php\/wp-json\/wp\/v2\/types\/product"}],"replies":[{"embeddable":true,"href":"https:\/\/naby.sk\/index.php\/wp-json\/wp\/v2\/comments?post=6593"}],"wp:featuredmedia":[{"embeddable":true,"href":"https:\/\/naby.sk\/index.php\/wp-json\/wp\/v2\/media\/6602"}],"wp:attachment":[{"href":"https:\/\/naby.sk\/index.php\/wp-json\/wp\/v2\/media?parent=6593"}],"wp:term":[{"taxonomy":"product_cat","embeddable":true,"href":"https:\/\/naby.sk\/index.php\/wp-json\/wp\/v2\/product_cat?post=6593"},{"taxonomy":"product_tag","embeddable":true,"href":"https:\/\/naby.sk\/index.php\/wp-json\/wp\/v2\/product_tag?post=6593"}],"curies":[{"name":"wp","href":"https:\/\/api.w.org\/{rel}","templated":true}]}}