{"id":6500,"date":"2025-01-13T20:17:53","date_gmt":"2025-01-13T19:17:53","guid":{"rendered":""},"modified":"2025-01-14T11:30:37","modified_gmt":"2025-01-14T10:30:37","slug":"solight-vysuvna-nabijacka-usb-ac-24w-pd-cierna","status":"publish","type":"product","link":"https:\/\/naby.sk\/index.php\/produkt\/solight-vysuvna-nabijacka-usb-ac-24w-pd-cierna\/","title":{"rendered":"Solight v\u00fdsuvn\u00e1 nab\u00edja\u010dka USB A+C 24W PD, \u010dierna"},"content":{"rendered":"<ul>\n<li>v\u00fdsuvn\u00e9 z\u00e1suvky USB s r\u00fdchlym nab\u00edjan\u00edm<\/li>\n<li>USB-C (PD): 5,0 V\/3,0 A, 9,0 V\/2,5 A, 12,0 V\/2,0 A, 24 W Power Delivery<\/li>\n<li>USB-A1 (QC3.0): 5,0V\/3,0A, 9,0V\/2,5A, 12,0V\/2,0A, 24W<\/li>\n<li>USB-A2 (QC3.0): 5.0V\/3.0A, 9.0V\/2.0A, 12.0V\/1.5A, 18W<\/li>\n<li>pri s\u00fa\u010dasnom nab\u00edjan\u00ed je celkov\u00fd nab\u00edjac\u00ed v\u00fdkon max. 24 W<\/li>\n<li>AC\/DC adapt\u00e9r DC 12,0 V\/2,0 A, 24 W, 1,5 m pr\u00edvodn\u00fd k\u00e1bel<\/li>\n<li>priemer otvoru v hornej \u010dasti stola: 50 mm<\/li>\n<li>farba horn\u00e9ho krytu: \u010dierna<\/li>\n<\/ul>\n","protected":false},"excerpt":{"rendered":"<p>v\u00fdsuvn\u00e9 z\u00e1suvky USB s r\u00fdchlym nab\u00edjan\u00edm USB-C (PD): 5,0 V\/3,0 A, 9,0 V\/2,5 A, 12,0 V\/2,0 A, 24 W Power Delivery USB-A1 (QC3.0): 5,0V\/3,0A, 9,0V\/2,5A, 12,0V\/2,0A, 24W USB-A2 (QC3.0): 5.0V\/3.0A, 9.0V\/2.0A, 12.0V\/1.5A, 18W pri s\u00fa\u010dasnom nab\u00edjan\u00ed je celkov\u00fd nab\u00edjac\u00ed v\u00fdkon max. 24 W AC\/DC adapt\u00e9r DC 12,0 V\/2,0 A, 24 W, 1,5 m pr\u00edvodn\u00fd k\u00e1bel [&hellip;]<\/p>\n","protected":false},"featured_media":6507,"comment_status":"open","ping_status":"closed","template":"","meta":[],"product_cat":[240],"product_tag":[],"class_list":{"0":"post-6500","1":"product","2":"type-product","3":"status-publish","4":"has-post-thumbnail","6":"product_cat-usb-adaptery","8":"first","9":"instock","10":"shipping-taxable","11":"purchasable","12":"product-type-simple"},"_links":{"self":[{"href":"https:\/\/naby.sk\/index.php\/wp-json\/wp\/v2\/product\/6500","targetHints":{"allow":["GET"]}}],"collection":[{"href":"https:\/\/naby.sk\/index.php\/wp-json\/wp\/v2\/product"}],"about":[{"href":"https:\/\/naby.sk\/index.php\/wp-json\/wp\/v2\/types\/product"}],"replies":[{"embeddable":true,"href":"https:\/\/naby.sk\/index.php\/wp-json\/wp\/v2\/comments?post=6500"}],"wp:featuredmedia":[{"embeddable":true,"href":"https:\/\/naby.sk\/index.php\/wp-json\/wp\/v2\/media\/6507"}],"wp:attachment":[{"href":"https:\/\/naby.sk\/index.php\/wp-json\/wp\/v2\/media?parent=6500"}],"wp:term":[{"taxonomy":"product_cat","embeddable":true,"href":"https:\/\/naby.sk\/index.php\/wp-json\/wp\/v2\/product_cat?post=6500"},{"taxonomy":"product_tag","embeddable":true,"href":"https:\/\/naby.sk\/index.php\/wp-json\/wp\/v2\/product_tag?post=6500"}],"curies":[{"name":"wp","href":"https:\/\/api.w.org\/{rel}","templated":true}]}}