{"id":6428,"date":"2025-01-13T20:17:40","date_gmt":"2025-01-13T19:17:40","guid":{"rendered":""},"modified":"2025-01-14T11:30:36","modified_gmt":"2025-01-14T10:30:36","slug":"solight-led-osvetleni-s-dalkovy-ovladacem-jamil-48w-3360lm-40cm-zmena-chromaticnosti-stmivatelne","status":"publish","type":"product","link":"https:\/\/naby.sk\/index.php\/produkt\/solight-led-osvetleni-s-dalkovy-ovladacem-jamil-48w-3360lm-40cm-zmena-chromaticnosti-stmivatelne\/","title":{"rendered":"Solight LED osv\u011btlen\u00ed s d\u00e1lkov\u00fd ovlada\u010dem Jamil, 48W, 3360lm, 40cm, zm\u011bna chromati\u010dnosti, stm\u00edvateln\u00e9"},"content":{"rendered":"<p><UL><br \/>\n<LI> LED stmievate\u013en\u00e9 osvetlenie Jamil s dia\u013ekov\u00fdm ovl\u00e1dan\u00edm a mo\u017enos\u0165ou zmeny chromatickosti (teploty svetla)<\/LI><br \/>\n<LI> dia\u013ekov\u00fdm ovl\u00e1da\u010dom je mo\u017en\u00e9 svetlo plynulo stmieva\u0165, meni\u0165 teplotu svetla \u010di voli\u0165 medzi prednastaven\u00fdmi m\u00f3dmi svietenia.<\/LI><br \/>\n<LI> na in\u0161tal\u00e1ciu na steny a stropy<\/LI><br \/>\n<LI> spotreba: max. 48W*<\/LI><br \/>\n<LI> sveteln\u00fd tok: max. 3360lm**<\/LI><br \/>\n<LI> teplota chromatickosti: 3000K &#8211; 6500K<\/LI><br \/>\n<LI> dia\u013ekov\u00fd ovl\u00e1da\u010d s\u00fa\u010das\u0165ou<\/LI><br \/>\n<LI> \u017eivotnos\u0165 LED: 20.000 hod\u00edn<\/LI><br \/>\n<LI> uhol svietenia: 120\u00b0<\/LI><br \/>\n<LI> u\u017eito\u010dn\u00fd sveteln\u00fd tok v uhle 120\u00b0: max. 3360lm<\/LI><br \/>\n<LI> index podania farieb Ra: &gt;80<\/LI><br \/>\n<LI> materi\u00e1l: Fe + PMMA + ABS<\/LI><br \/>\n<LI> krytie: IP20<\/LI><br \/>\n<LI> nap\u00e4tie: 220-240V AC<\/LI><br \/>\n<LI> prev\u00e1dzkov\u00e1 teplota: -20 \u00b0C a\u017e 50 \u00b0C<\/LI><br \/>\n<LI> rozmery: 395 x 70 mm<\/LI><br \/>\n<LI> farba: \u010dierna<\/LI><br \/>\n<LI> energetick\u00e1 trieda: G<\/LI><br \/>\n<LI> 48W pre 4000K, 24W pre 3000K a 6500K<\/LI><br \/>\n<LI>  3360lm pre 4000K, 1700lm pre 3000K a 6500K<\/LI><br \/>\n<\/UL><\/p>\n","protected":false},"excerpt":{"rendered":"<p>LED stmievate\u013en\u00e9 osvetlenie Jamil s dia\u013ekov\u00fdm ovl\u00e1dan\u00edm a mo\u017enos\u0165ou zmeny chromatickosti (teploty svetla) dia\u013ekov\u00fdm ovl\u00e1da\u010dom je mo\u017en\u00e9 svetlo plynulo stmieva\u0165, meni\u0165 teplotu svetla \u010di voli\u0165 medzi prednastaven\u00fdmi m\u00f3dmi svietenia. na in\u0161tal\u00e1ciu na steny a stropy spotreba: max. 48W* sveteln\u00fd tok: max. 3360lm** teplota chromatickosti: 3000K &#8211; 6500K dia\u013ekov\u00fd ovl\u00e1da\u010d s\u00fa\u010das\u0165ou \u017eivotnos\u0165 LED: 20.000 hod\u00edn uhol [&hellip;]<\/p>\n","protected":false},"featured_media":6439,"comment_status":"open","ping_status":"closed","template":"","meta":[],"product_cat":[152],"product_tag":[],"class_list":{"0":"post-6428","1":"product","2":"type-product","3":"status-publish","4":"has-post-thumbnail","6":"product_cat-interierove-osvetlenie","8":"first","9":"instock","10":"shipping-taxable","11":"purchasable","12":"product-type-simple"},"_links":{"self":[{"href":"https:\/\/naby.sk\/index.php\/wp-json\/wp\/v2\/product\/6428","targetHints":{"allow":["GET"]}}],"collection":[{"href":"https:\/\/naby.sk\/index.php\/wp-json\/wp\/v2\/product"}],"about":[{"href":"https:\/\/naby.sk\/index.php\/wp-json\/wp\/v2\/types\/product"}],"replies":[{"embeddable":true,"href":"https:\/\/naby.sk\/index.php\/wp-json\/wp\/v2\/comments?post=6428"}],"wp:featuredmedia":[{"embeddable":true,"href":"https:\/\/naby.sk\/index.php\/wp-json\/wp\/v2\/media\/6439"}],"wp:attachment":[{"href":"https:\/\/naby.sk\/index.php\/wp-json\/wp\/v2\/media?parent=6428"}],"wp:term":[{"taxonomy":"product_cat","embeddable":true,"href":"https:\/\/naby.sk\/index.php\/wp-json\/wp\/v2\/product_cat?post=6428"},{"taxonomy":"product_tag","embeddable":true,"href":"https:\/\/naby.sk\/index.php\/wp-json\/wp\/v2\/product_tag?post=6428"}],"curies":[{"name":"wp","href":"https:\/\/api.w.org\/{rel}","templated":true}]}}