{"id":636,"date":"2025-01-13T20:03:56","date_gmt":"2025-01-13T19:03:56","guid":{"rendered":""},"modified":"2025-01-14T11:29:36","modified_gmt":"2025-01-14T10:29:36","slug":"solight-led-napajaci-zdroj-230v-12v-2a-24w-ip20","status":"publish","type":"product","link":"https:\/\/naby.sk\/index.php\/produkt\/solight-led-napajaci-zdroj-230v-12v-2a-24w-ip20\/","title":{"rendered":"Solight LED nap\u00e1jac\u00ed zdroj, 230V &#8211; 12V, 2A, 24W, IP20"},"content":{"rendered":"<p><LI> nap\u00e1jac\u00ed zdroj ur\u010den\u00fd pre 12V LED p\u00e1siky a zdroje svetla<\/LI><br \/>\n<LI> nap\u00e1jac\u00ed pr\u00fad: 2000mA<\/LI><br \/>\n<LI> vstup: 100 &#8211; 240V, 50\/60Hz<\/LI><br \/>\n<LI> v\u00fdstup: 12V DC<\/LI><br \/>\n<LI> max. 24W<\/LI><br \/>\n<LI> automatick\u00e1 pr\u00fadov\u00e1 chrana, ochrana proti prep\u00e4tiu a skratu<\/LI><br \/>\n<LI> po odstr\u00e1nen\u00ed vy\u0161\u0161ie uveden\u00fdch por\u00fach sa op\u00e4\u0165 automaticky zopne<\/LI><br \/>\n<LI> presn\u00e9 a stabiln\u00e9 v\u00fdstupn\u00e9 nap\u00e4tie<\/LI><br \/>\n<LI> EMI filter<\/LI><br \/>\n<LI> stupe\u0148 krytia: IP20<\/LI><br \/>\n<LI> pracovn\u00e1 teplota: -20 a\u017e +60\u00b0 C<\/LI><br \/>\n<LI> materi\u00e1l: hlin\u00edk<\/LI><br \/>\n<LI> rozmery: 11,5&#215;4,5&#215;2,8cm<\/LI><\/p>\n","protected":false},"excerpt":{"rendered":"<p>nap\u00e1jac\u00ed zdroj ur\u010den\u00fd pre 12V LED p\u00e1siky a zdroje svetla nap\u00e1jac\u00ed pr\u00fad: 2000mA vstup: 100 &#8211; 240V, 50\/60Hz v\u00fdstup: 12V DC max. 24W automatick\u00e1 pr\u00fadov\u00e1 chrana, ochrana proti prep\u00e4tiu a skratu po odstr\u00e1nen\u00ed vy\u0161\u0161ie uveden\u00fdch por\u00fach sa op\u00e4\u0165 automaticky zopne presn\u00e9 a stabiln\u00e9 v\u00fdstupn\u00e9 nap\u00e4tie EMI filter stupe\u0148 krytia: IP20 pracovn\u00e1 teplota: -20 a\u017e +60\u00b0 [&hellip;]<\/p>\n","protected":false},"featured_media":641,"comment_status":"open","ping_status":"closed","template":"","meta":[],"product_cat":[157],"product_tag":[],"class_list":{"0":"post-636","1":"product","2":"type-product","3":"status-publish","4":"has-post-thumbnail","6":"product_cat-napajacie-zdroje-12v","8":"first","9":"instock","10":"shipping-taxable","11":"purchasable","12":"product-type-simple"},"_links":{"self":[{"href":"https:\/\/naby.sk\/index.php\/wp-json\/wp\/v2\/product\/636","targetHints":{"allow":["GET"]}}],"collection":[{"href":"https:\/\/naby.sk\/index.php\/wp-json\/wp\/v2\/product"}],"about":[{"href":"https:\/\/naby.sk\/index.php\/wp-json\/wp\/v2\/types\/product"}],"replies":[{"embeddable":true,"href":"https:\/\/naby.sk\/index.php\/wp-json\/wp\/v2\/comments?post=636"}],"wp:featuredmedia":[{"embeddable":true,"href":"https:\/\/naby.sk\/index.php\/wp-json\/wp\/v2\/media\/641"}],"wp:attachment":[{"href":"https:\/\/naby.sk\/index.php\/wp-json\/wp\/v2\/media?parent=636"}],"wp:term":[{"taxonomy":"product_cat","embeddable":true,"href":"https:\/\/naby.sk\/index.php\/wp-json\/wp\/v2\/product_cat?post=636"},{"taxonomy":"product_tag","embeddable":true,"href":"https:\/\/naby.sk\/index.php\/wp-json\/wp\/v2\/product_tag?post=636"}],"curies":[{"name":"wp","href":"https:\/\/api.w.org\/{rel}","templated":true}]}}