{"id":6204,"date":"2025-01-13T20:16:53","date_gmt":"2025-01-13T19:16:53","guid":{"rendered":""},"modified":"2025-01-14T11:30:33","modified_gmt":"2025-01-14T10:30:33","slug":"solight-alkohol-tester-profesionalny-fuel-cell-000-400-bac-citlivost-008","status":"publish","type":"product","link":"https:\/\/naby.sk\/index.php\/produkt\/solight-alkohol-tester-profesionalny-fuel-cell-000-400-bac-citlivost-008\/","title":{"rendered":"Solight alkohol tester profesion\u00e1lny, Fuel Cell, 0,00 &#8211; 4,00\u2030 BAC, citlivos\u0165 0,08\u2030"},"content":{"rendered":"<p><UL><br \/>\n<LI> profesion\u00e1lny tester s presn\u00fdm senzorom technol\u00f3gie Fuel Cell<\/LI><br \/>\n<LI> rozsah merania: 0,000 &#8211; 4,000 \u2030<\/LI><br \/>\n<LI> presnos\u0165: \u00b1 0,08 \u2030<\/LI><br \/>\n<LI> nastaven\u00e1 hladina varovania: 0,2 \u2030<\/LI><br \/>\n<LI> pam\u00e4\u0165 meran\u00ed: 20<\/LI><br \/>\n<LI> mern\u00e9 jednotky: \u2030; mg \/ l<\/LI><br \/>\n<LI> d\u013a\u017eka merania: 5 &#8211; 7s<\/LI><br \/>\n<LI> automatick\u00e9 vypnutie: 30s<\/LI><br \/>\n<LI> ve\u013ek\u00fd LCD displej s tromi desatinn\u00fdmi miestami a podsvieten\u00edm<\/LI><br \/>\n<LI> automatick\u00e9 vy\u010distenie testovacej komory<\/LI><br \/>\n<LI> z d\u00f4vodu zaistenia spr\u00e1vnych hodn\u00f4t meran\u00ed sa pr\u00edstroj po 500 meraniach automaticky zablokuje a je nutn\u00e9 ho necha\u0165 znovu kalibrova\u0165 v servisnom stredisku u v\u00fdrobcu <\/ LI><br \/>\n<LI> v prvom roku od zak\u00fapenia je kalibr\u00e1cia po zablokovan\u00ed zadarmo, \u010falej je potom kalibr\u00e1cia spoplatnen\u00e1 pod\u013ea aktu\u00e1lneho cenn\u00edka firmy Solight <\/ LI><br \/>\n<LI> nap\u00e1janie: 3 x AAA (LR03) bat\u00e9rie (nie s\u00fa s\u00fa\u010das\u0165ou balenia)<\/LI><br \/>\n<LI> prev\u00e1dzkov\u00e1 a skladovacia teplota: 0 \u00b0 C \/ + 55 \u00b0 C<\/LI><br \/>\n<LI> elektrochemick\u00fd senzor<\/LI><br \/>\n<LI> rozmery produktu: 112 x 62 x 20mm; 85g<\/LI><br \/>\n<LI> pr\u00edslu\u0161enstvo: 2 ks d\u00fdchac\u00edch n\u00e1ustkov<\/LI><br \/>\n<LI> schv\u00e1len\u00e9 CE &#038; RoHS<\/LI><br \/>\n<\/UL><\/p>\n","protected":false},"excerpt":{"rendered":"<p>profesion\u00e1lny tester s presn\u00fdm senzorom technol\u00f3gie Fuel Cell rozsah merania: 0,000 &#8211; 4,000 \u2030 presnos\u0165: \u00b1 0,08 \u2030 nastaven\u00e1 hladina varovania: 0,2 \u2030 pam\u00e4\u0165 meran\u00ed: 20 mern\u00e9 jednotky: \u2030; mg \/ l d\u013a\u017eka merania: 5 &#8211; 7s automatick\u00e9 vypnutie: 30s ve\u013ek\u00fd LCD displej s tromi desatinn\u00fdmi miestami a podsvieten\u00edm automatick\u00e9 vy\u010distenie testovacej komory z d\u00f4vodu [&hellip;]<\/p>\n","protected":false},"featured_media":6209,"comment_status":"open","ping_status":"closed","template":"","meta":[],"product_cat":[258],"product_tag":[],"class_list":{"0":"post-6204","1":"product","2":"type-product","3":"status-publish","4":"has-post-thumbnail","6":"product_cat-alkohol-testery","8":"first","9":"instock","10":"shipping-taxable","11":"purchasable","12":"product-type-simple"},"_links":{"self":[{"href":"https:\/\/naby.sk\/index.php\/wp-json\/wp\/v2\/product\/6204","targetHints":{"allow":["GET"]}}],"collection":[{"href":"https:\/\/naby.sk\/index.php\/wp-json\/wp\/v2\/product"}],"about":[{"href":"https:\/\/naby.sk\/index.php\/wp-json\/wp\/v2\/types\/product"}],"replies":[{"embeddable":true,"href":"https:\/\/naby.sk\/index.php\/wp-json\/wp\/v2\/comments?post=6204"}],"wp:featuredmedia":[{"embeddable":true,"href":"https:\/\/naby.sk\/index.php\/wp-json\/wp\/v2\/media\/6209"}],"wp:attachment":[{"href":"https:\/\/naby.sk\/index.php\/wp-json\/wp\/v2\/media?parent=6204"}],"wp:term":[{"taxonomy":"product_cat","embeddable":true,"href":"https:\/\/naby.sk\/index.php\/wp-json\/wp\/v2\/product_cat?post=6204"},{"taxonomy":"product_tag","embeddable":true,"href":"https:\/\/naby.sk\/index.php\/wp-json\/wp\/v2\/product_tag?post=6204"}],"curies":[{"name":"wp","href":"https:\/\/api.w.org\/{rel}","templated":true}]}}