{"id":6171,"date":"2025-01-13T20:16:44","date_gmt":"2025-01-13T19:16:44","guid":{"rendered":""},"modified":"2025-01-14T11:30:32","modified_gmt":"2025-01-14T10:30:32","slug":"solight-led-ziarovka-klasicky-tvar-7w-e27-4000k-270-810lm","status":"publish","type":"product","link":"https:\/\/naby.sk\/index.php\/produkt\/solight-led-ziarovka-klasicky-tvar-7w-e27-4000k-270-810lm\/","title":{"rendered":"Solight LED \u017eiarovka, klasick\u00fd tvar, 7W, E27, 4000K, 270\u00b0, 810lm"},"content":{"rendered":"<p><UL><br \/>\n<LI> LED \u017eiarovka s klasick\u00fdm tvarom<\/LI><br \/>\n<LI> spotreba: 7W<\/LI><br \/>\n<LI> sveteln\u00fd tok: 810lm (pribli\u017ene odpoved\u00e1 tradi\u010dnej 60W \u017eiarovke)<\/LI><br \/>\n<LI> teplota chromatickosti: 4000K (neutr\u00e1lna biela)<\/LI><br \/>\n<LI> \u017eivotnos\u0165 LED: 25.000 hod\u00edn<\/LI><br \/>\n<LI> sp\u00ednacie cykly: 20.000x<\/LI><br \/>\n<LI> uhol svietenia: 270\u00b0<\/LI><br \/>\n<LI> zahrievacia doba: &lt;0,1 s<\/LI><br \/>\n<LI> index podania farieb Ra: &gt;80<\/LI><br \/>\n<LI> materi\u00e1l: hlin\u00edk + PC<\/LI><br \/>\n<LI> nap\u00e4tie: 220 &#8211; 240V, 50 &#8211; 60Hz<\/LI><br \/>\n<LI> d\u013a\u017eka: 111mm<\/LI><br \/>\n<LI> priemer: 60mm<\/LI><br \/>\n<LI> p\u00e4tica: E27 <\/LI><br \/>\n<LI> energetick\u00e1 trieda: E<\/LI><br \/>\n<\/UL><\/p>\n","protected":false},"excerpt":{"rendered":"<p>LED \u017eiarovka s klasick\u00fdm tvarom spotreba: 7W sveteln\u00fd tok: 810lm (pribli\u017ene odpoved\u00e1 tradi\u010dnej 60W \u017eiarovke) teplota chromatickosti: 4000K (neutr\u00e1lna biela) \u017eivotnos\u0165 LED: 25.000 hod\u00edn sp\u00ednacie cykly: 20.000x uhol svietenia: 270\u00b0 zahrievacia doba: &lt;0,1 s index podania farieb Ra: &gt;80 materi\u00e1l: hlin\u00edk + PC nap\u00e4tie: 220 &#8211; 240V, 50 &#8211; 60Hz d\u013a\u017eka: 111mm priemer: 60mm p\u00e4tica: [&hellip;]<\/p>\n","protected":false},"featured_media":6174,"comment_status":"open","ping_status":"closed","template":"","meta":[],"product_cat":[230],"product_tag":[],"class_list":{"0":"post-6171","1":"product","2":"type-product","3":"status-publish","4":"has-post-thumbnail","6":"product_cat-e27","8":"first","9":"instock","10":"shipping-taxable","11":"purchasable","12":"product-type-simple"},"_links":{"self":[{"href":"https:\/\/naby.sk\/index.php\/wp-json\/wp\/v2\/product\/6171","targetHints":{"allow":["GET"]}}],"collection":[{"href":"https:\/\/naby.sk\/index.php\/wp-json\/wp\/v2\/product"}],"about":[{"href":"https:\/\/naby.sk\/index.php\/wp-json\/wp\/v2\/types\/product"}],"replies":[{"embeddable":true,"href":"https:\/\/naby.sk\/index.php\/wp-json\/wp\/v2\/comments?post=6171"}],"wp:featuredmedia":[{"embeddable":true,"href":"https:\/\/naby.sk\/index.php\/wp-json\/wp\/v2\/media\/6174"}],"wp:attachment":[{"href":"https:\/\/naby.sk\/index.php\/wp-json\/wp\/v2\/media?parent=6171"}],"wp:term":[{"taxonomy":"product_cat","embeddable":true,"href":"https:\/\/naby.sk\/index.php\/wp-json\/wp\/v2\/product_cat?post=6171"},{"taxonomy":"product_tag","embeddable":true,"href":"https:\/\/naby.sk\/index.php\/wp-json\/wp\/v2\/product_tag?post=6171"}],"curies":[{"name":"wp","href":"https:\/\/api.w.org\/{rel}","templated":true}]}}