{"id":5963,"date":"2025-01-13T20:16:10","date_gmt":"2025-01-13T19:16:10","guid":{"rendered":""},"modified":"2025-01-14T11:30:31","modified_gmt":"2025-01-14T10:30:31","slug":"solight-led-snehuliak-vonkajsii-40led-tepla-beila-ip44-vyska-70cm-3x-aa-casovac","status":"publish","type":"product","link":"https:\/\/naby.sk\/index.php\/produkt\/solight-led-snehuliak-vonkajsii-40led-tepla-beila-ip44-vyska-70cm-3x-aa-casovac\/","title":{"rendered":"Solight LED snehuliak vonkaj\u0161i\u00ed 40LED, tepl\u00e1 beila, IP44, v\u00fd\u0161ka 70cm, 3x AA, \u010dasova\u010d"},"content":{"rendered":"<p><UL><br \/>\n<LI> LED vonkaj\u0161ie snehuliak ve\u013ek\u00fd<\/LI><br \/>\n<LI> po\u010det LED di\u00f3d: 40<\/LI><br \/>\n<LI> farba svetla: tepl\u00e1 biela<\/LI><br \/>\n<LI> \u010dasova\u010d: 6 hod\u00edn. zapnuto\/18hod. vypnuto<\/LI><br \/>\n<LI> nap\u00e1janie: 3x AA (nie je s\u00fa\u010das\u0165ou)<\/LI><br \/>\n<LI> d\u013a\u017eka nap\u00e1jacieho k\u00e1bla: 50cm<\/LI><br \/>\n<LI> trieda ochrany: IP44 (vn\u00fatorn\u00e9 i vonkaj\u0161ie pou\u017eitie)<\/LI><br \/>\n<LI> v\u00fd\u0161ka: 70cm<\/LI><br \/>\n<LI> farba: biela, \u010derven\u00e1<\/LI><br \/>\n<LI> balenie: kart\u00f3nov\u00e1 krabica<\/LI><br \/>\n<\/UL><\/p>\n","protected":false},"excerpt":{"rendered":"<p>LED vonkaj\u0161ie snehuliak ve\u013ek\u00fd po\u010det LED di\u00f3d: 40 farba svetla: tepl\u00e1 biela \u010dasova\u010d: 6 hod\u00edn. zapnuto\/18hod. vypnuto nap\u00e1janie: 3x AA (nie je s\u00fa\u010das\u0165ou) d\u013a\u017eka nap\u00e1jacieho k\u00e1bla: 50cm trieda ochrany: IP44 (vn\u00fatorn\u00e9 i vonkaj\u0161ie pou\u017eitie) v\u00fd\u0161ka: 70cm farba: biela, \u010derven\u00e1 balenie: kart\u00f3nov\u00e1 krabica<\/p>\n","protected":false},"featured_media":5972,"comment_status":"open","ping_status":"closed","template":"","meta":[],"product_cat":[183],"product_tag":[],"class_list":{"0":"post-5963","1":"product","2":"type-product","3":"status-publish","4":"has-post-thumbnail","6":"product_cat-vianocne-led-dekoracie","8":"first","9":"instock","10":"shipping-taxable","11":"purchasable","12":"product-type-simple"},"_links":{"self":[{"href":"https:\/\/naby.sk\/index.php\/wp-json\/wp\/v2\/product\/5963","targetHints":{"allow":["GET"]}}],"collection":[{"href":"https:\/\/naby.sk\/index.php\/wp-json\/wp\/v2\/product"}],"about":[{"href":"https:\/\/naby.sk\/index.php\/wp-json\/wp\/v2\/types\/product"}],"replies":[{"embeddable":true,"href":"https:\/\/naby.sk\/index.php\/wp-json\/wp\/v2\/comments?post=5963"}],"wp:featuredmedia":[{"embeddable":true,"href":"https:\/\/naby.sk\/index.php\/wp-json\/wp\/v2\/media\/5972"}],"wp:attachment":[{"href":"https:\/\/naby.sk\/index.php\/wp-json\/wp\/v2\/media?parent=5963"}],"wp:term":[{"taxonomy":"product_cat","embeddable":true,"href":"https:\/\/naby.sk\/index.php\/wp-json\/wp\/v2\/product_cat?post=5963"},{"taxonomy":"product_tag","embeddable":true,"href":"https:\/\/naby.sk\/index.php\/wp-json\/wp\/v2\/product_tag?post=5963"}],"curies":[{"name":"wp","href":"https:\/\/api.w.org\/{rel}","templated":true}]}}