{"id":5854,"date":"2025-01-13T20:15:52","date_gmt":"2025-01-13T19:15:52","guid":{"rendered":""},"modified":"2025-01-14T11:30:30","modified_gmt":"2025-01-14T10:30:30","slug":"solight-bezdrotove-tlacidlo-pre-1l69-serii-200m-biele-learning-code-kryt-na-menovku","status":"publish","type":"product","link":"https:\/\/naby.sk\/index.php\/produkt\/solight-bezdrotove-tlacidlo-pre-1l69-serii-200m-biele-learning-code-kryt-na-menovku\/","title":{"rendered":"Solight bezdr\u00f4tov\u00e9 tla\u010didlo pre 1L69 s\u00e9rii, 200m, biele, learning code, kryt na menovku"},"content":{"rendered":"<p><UL><br \/>\n<LI> n\u00e1hradn\u00e9 alebo doplnkov\u00e9 tla\u010didlo pre zvon\u010deky Solight 1L69, 1L69B<\/LI><br \/>\n<LI> funkcia&#8220; Learning code &#8222;umo\u017e\u0148uje sp\u00e1rovanie nieko\u013ek\u00fdch zvon\u010dekov alebo tla\u010didiel do jednej skupiny<\/LI><br \/>\n<LI> k jedn\u00e9mu zvon\u010deku m\u00f4\u017ee by\u0165 sp\u00e1rovan\u00e9 max. 8 tla\u010didiel<\/LI><br \/>\n<LI> jedno tla\u010didlo m\u00f4\u017ee by\u0165 sp\u00e1rovan\u00e9 s max. 20 zvon\u010deky<\/LI><br \/>\n<LI> LED indik\u00e1tor zvonenia<\/LI><br \/>\n<LI> kryt na menovku, vodotesn\u00e1 a prachotesn\u00e1 ochrana IP56<\/LI><br \/>\n<LI> uchytenie pomocou mont\u00e1\u017enych otvorov alebo samolepiacej podlo\u017eky<\/LI><br \/>\n<LI> dosah sign\u00e1lu na otvorenom priestranstve: 200m<\/LI><br \/>\n<LI> prenosov\u00e1 frekvencia: 433,92MHz<\/LI><br \/>\n<LI> nap\u00e1janie: 1x 3V (CR2032) bat\u00e9rie (s\u00fa\u010das\u0165ou balenia)<\/LI><br \/>\n<LI> spotreba energie v prev\u00e1dzkovom re\u017eime: &lt;10mW<\/LI><br \/>\n<LI> pracovn\u00e1 teplota: -20 \u00b0 C do + 50 \u00b0 C<\/LI><br \/>\n<LI> farba: biela<\/LI><br \/>\n<\/UL><\/p>\n","protected":false},"excerpt":{"rendered":"<p>n\u00e1hradn\u00e9 alebo doplnkov\u00e9 tla\u010didlo pre zvon\u010deky Solight 1L69, 1L69B funkcia&#8220; Learning code &#8222;umo\u017e\u0148uje sp\u00e1rovanie nieko\u013ek\u00fdch zvon\u010dekov alebo tla\u010didiel do jednej skupiny k jedn\u00e9mu zvon\u010deku m\u00f4\u017ee by\u0165 sp\u00e1rovan\u00e9 max. 8 tla\u010didiel jedno tla\u010didlo m\u00f4\u017ee by\u0165 sp\u00e1rovan\u00e9 s max. 20 zvon\u010deky LED indik\u00e1tor zvonenia kryt na menovku, vodotesn\u00e1 a prachotesn\u00e1 ochrana IP56 uchytenie pomocou mont\u00e1\u017enych otvorov alebo [&hellip;]<\/p>\n","protected":false},"featured_media":5861,"comment_status":"open","ping_status":"closed","template":"","meta":[],"product_cat":[206],"product_tag":[],"class_list":{"0":"post-5854","1":"product","2":"type-product","3":"status-publish","4":"has-post-thumbnail","6":"product_cat-bezdrotove-zvonceky","8":"first","9":"instock","10":"shipping-taxable","11":"purchasable","12":"product-type-simple"},"_links":{"self":[{"href":"https:\/\/naby.sk\/index.php\/wp-json\/wp\/v2\/product\/5854","targetHints":{"allow":["GET"]}}],"collection":[{"href":"https:\/\/naby.sk\/index.php\/wp-json\/wp\/v2\/product"}],"about":[{"href":"https:\/\/naby.sk\/index.php\/wp-json\/wp\/v2\/types\/product"}],"replies":[{"embeddable":true,"href":"https:\/\/naby.sk\/index.php\/wp-json\/wp\/v2\/comments?post=5854"}],"wp:featuredmedia":[{"embeddable":true,"href":"https:\/\/naby.sk\/index.php\/wp-json\/wp\/v2\/media\/5861"}],"wp:attachment":[{"href":"https:\/\/naby.sk\/index.php\/wp-json\/wp\/v2\/media?parent=5854"}],"wp:term":[{"taxonomy":"product_cat","embeddable":true,"href":"https:\/\/naby.sk\/index.php\/wp-json\/wp\/v2\/product_cat?post=5854"},{"taxonomy":"product_tag","embeddable":true,"href":"https:\/\/naby.sk\/index.php\/wp-json\/wp\/v2\/product_tag?post=5854"}],"curies":[{"name":"wp","href":"https:\/\/api.w.org\/{rel}","templated":true}]}}