{"id":5851,"date":"2025-01-13T20:15:51","date_gmt":"2025-01-13T19:15:51","guid":{"rendered":""},"modified":"2025-01-14T11:30:29","modified_gmt":"2025-01-14T10:30:29","slug":"solight-nahradne-trubicky-pro-alkohol-tester-solight-1t04a-a-1t06-10ks","status":"publish","type":"product","link":"https:\/\/naby.sk\/index.php\/produkt\/solight-nahradne-trubicky-pro-alkohol-tester-solight-1t04a-a-1t06-10ks\/","title":{"rendered":"Solight n\u00e1hradn\u00e9 trubi\u010dky pro alkohol tester Solight 1T04A a 1T06, 10ks"},"content":{"rendered":"<p><UL><br \/>\n<LI>n\u00e1hradn\u00e9 f\u00fakacie trubi\u010dky pre alkohol tester Solid 1T04A a 1T06, 10ks<\/LI><br \/>\n<\/UL><\/p>\n","protected":false},"excerpt":{"rendered":"<p>n\u00e1hradn\u00e9 f\u00fakacie trubi\u010dky pre alkohol tester Solid 1T04A a 1T06, 10ks<\/p>\n","protected":false},"featured_media":5852,"comment_status":"open","ping_status":"closed","template":"","meta":[],"product_cat":[258],"product_tag":[],"class_list":{"0":"post-5851","1":"product","2":"type-product","3":"status-publish","4":"has-post-thumbnail","6":"product_cat-alkohol-testery","8":"first","9":"instock","10":"shipping-taxable","11":"purchasable","12":"product-type-simple"},"_links":{"self":[{"href":"https:\/\/naby.sk\/index.php\/wp-json\/wp\/v2\/product\/5851","targetHints":{"allow":["GET"]}}],"collection":[{"href":"https:\/\/naby.sk\/index.php\/wp-json\/wp\/v2\/product"}],"about":[{"href":"https:\/\/naby.sk\/index.php\/wp-json\/wp\/v2\/types\/product"}],"replies":[{"embeddable":true,"href":"https:\/\/naby.sk\/index.php\/wp-json\/wp\/v2\/comments?post=5851"}],"wp:featuredmedia":[{"embeddable":true,"href":"https:\/\/naby.sk\/index.php\/wp-json\/wp\/v2\/media\/5852"}],"wp:attachment":[{"href":"https:\/\/naby.sk\/index.php\/wp-json\/wp\/v2\/media?parent=5851"}],"wp:term":[{"taxonomy":"product_cat","embeddable":true,"href":"https:\/\/naby.sk\/index.php\/wp-json\/wp\/v2\/product_cat?post=5851"},{"taxonomy":"product_tag","embeddable":true,"href":"https:\/\/naby.sk\/index.php\/wp-json\/wp\/v2\/product_tag?post=5851"}],"curies":[{"name":"wp","href":"https:\/\/api.w.org\/{rel}","templated":true}]}}