{"id":5768,"date":"2025-01-13T20:15:36","date_gmt":"2025-01-13T19:15:36","guid":{"rendered":""},"modified":"2025-01-14T11:30:28","modified_gmt":"2025-01-14T10:30:28","slug":"solight-led-ziarovka-klasicky-tvar-22w-e27-3000k-270-2090lm","status":"publish","type":"product","link":"https:\/\/naby.sk\/index.php\/produkt\/solight-led-ziarovka-klasicky-tvar-22w-e27-3000k-270-2090lm\/","title":{"rendered":"Solight LED \u017eiarovka, klasick\u00fd tvar, 22W, E27, 3000K, 270\u00b0, 2090lm"},"content":{"rendered":"<p><UL><br \/>\n<LI> LED \u017eiarovka Premium s klasick\u00fdm tvarom<\/LI><br \/>\n<LI> Samsung LED diody<\/LI><br \/>\n<LI> spotreba: 22W<\/LI><br \/>\n<LI> sveteln\u00fd tok: 2090lm (pribli\u017ene odpoved\u00e1 tradi\u010dnej 131W \u017eiarovke)<\/LI><br \/>\n<LI> teplota chromatickosti: 3000K (tepl\u00e1 biela)<\/LI><br \/>\n<LI> \u017eivotnos\u0165 LED: 25.000 hod\u00edn<\/LI><br \/>\n<LI> sp\u00ednacie cykly: 20.000x<\/LI><br \/>\n<LI> uhol svietenia: 270\u00b0<\/LI><br \/>\n<LI> zahrievacia doba: &lt;0,1 s<\/LI><br \/>\n<LI> index podania farieb Ra: &gt;80<\/LI><br \/>\n<LI> materi\u00e1l: hlin\u00edk + PC<\/LI><br \/>\n<LI> nap\u00e4tie: 175 &#8211; 270V, 50 &#8211; 60Hz<\/LI><br \/>\n<LI> d\u013a\u017eka: 159mm<\/LI><br \/>\n<LI> priemer: 70mm<\/LI><br \/>\n<LI> p\u00e4tica: E27 <\/LI><br \/>\n<LI> energetick\u00e1 trieda: F<\/LI><br \/>\n<\/UL><\/p>\n","protected":false},"excerpt":{"rendered":"<p>LED \u017eiarovka Premium s klasick\u00fdm tvarom Samsung LED diody spotreba: 22W sveteln\u00fd tok: 2090lm (pribli\u017ene odpoved\u00e1 tradi\u010dnej 131W \u017eiarovke) teplota chromatickosti: 3000K (tepl\u00e1 biela) \u017eivotnos\u0165 LED: 25.000 hod\u00edn sp\u00ednacie cykly: 20.000x uhol svietenia: 270\u00b0 zahrievacia doba: &lt;0,1 s index podania farieb Ra: &gt;80 materi\u00e1l: hlin\u00edk + PC nap\u00e4tie: 175 &#8211; 270V, 50 &#8211; 60Hz d\u013a\u017eka: [&hellip;]<\/p>\n","protected":false},"featured_media":5771,"comment_status":"open","ping_status":"closed","template":"","meta":[],"product_cat":[230],"product_tag":[],"class_list":{"0":"post-5768","1":"product","2":"type-product","3":"status-publish","4":"has-post-thumbnail","6":"product_cat-e27","8":"first","9":"instock","10":"shipping-taxable","11":"purchasable","12":"product-type-simple"},"_links":{"self":[{"href":"https:\/\/naby.sk\/index.php\/wp-json\/wp\/v2\/product\/5768","targetHints":{"allow":["GET"]}}],"collection":[{"href":"https:\/\/naby.sk\/index.php\/wp-json\/wp\/v2\/product"}],"about":[{"href":"https:\/\/naby.sk\/index.php\/wp-json\/wp\/v2\/types\/product"}],"replies":[{"embeddable":true,"href":"https:\/\/naby.sk\/index.php\/wp-json\/wp\/v2\/comments?post=5768"}],"wp:featuredmedia":[{"embeddable":true,"href":"https:\/\/naby.sk\/index.php\/wp-json\/wp\/v2\/media\/5771"}],"wp:attachment":[{"href":"https:\/\/naby.sk\/index.php\/wp-json\/wp\/v2\/media?parent=5768"}],"wp:term":[{"taxonomy":"product_cat","embeddable":true,"href":"https:\/\/naby.sk\/index.php\/wp-json\/wp\/v2\/product_cat?post=5768"},{"taxonomy":"product_tag","embeddable":true,"href":"https:\/\/naby.sk\/index.php\/wp-json\/wp\/v2\/product_tag?post=5768"}],"curies":[{"name":"wp","href":"https:\/\/api.w.org\/{rel}","templated":true}]}}