{"id":573,"date":"2025-01-13T20:03:53","date_gmt":"2025-01-13T19:03:53","guid":{"rendered":""},"modified":"2025-01-14T11:29:36","modified_gmt":"2025-01-14T10:29:36","slug":"solight-cestovny-adapter-pre-pouzitie-v-spojenych-statoch-typ-b","status":"publish","type":"product","link":"https:\/\/naby.sk\/index.php\/produkt\/solight-cestovny-adapter-pre-pouzitie-v-spojenych-statoch-typ-b\/","title":{"rendered":"Solight cestovn\u00fd adapt\u00e9r pre pou\u017eitie v Spojen\u00fdch \u0161t\u00e1toch, typ B"},"content":{"rendered":"<p><UL><br \/>\n<LI> cestovn\u00fd adapt\u00e9r s uzemnen\u00edm<\/LI><br \/>\n<LI> pre obyvate\u013eov Eur\u00f3py, nav\u0161tevuj\u00faci USA a krajiny s US \u0161tandardom<\/LI><br \/>\n<LI> Schuko uzemnenie z\u00e1suvky, pou\u017eite\u013en\u00e9 pre univerz\u00e1lne vidlice<\/LI><br \/>\n<LI> vhodn\u00e9 aj pre spotrebi\u010de s neuzemnenou 2-kol\u00edkovou \u0161n\u00farou<\/LI><br \/>\n<LI> bezpe\u010dn\u00e1 kon\u0161trukcia<\/LI><br \/>\n<LI> v\u00fdmenn\u00e1 poistka 13A<\/LI><br \/>\n<LI> 100V &#8211; 250V \/ 15A<\/LI><br \/>\n<LI> max. 3450W \/ 230V, max. 1650W \/ 110V<\/LI><br \/>\n<LI> detsk\u00e9 poistky<\/LI><br \/>\n<LI> farba: biela<\/LI><\/p>\n<p><\/UL><\/p>\n","protected":false},"excerpt":{"rendered":"<p>cestovn\u00fd adapt\u00e9r s uzemnen\u00edm pre obyvate\u013eov Eur\u00f3py, nav\u0161tevuj\u00faci USA a krajiny s US \u0161tandardom Schuko uzemnenie z\u00e1suvky, pou\u017eite\u013en\u00e9 pre univerz\u00e1lne vidlice vhodn\u00e9 aj pre spotrebi\u010de s neuzemnenou 2-kol\u00edkovou \u0161n\u00farou bezpe\u010dn\u00e1 kon\u0161trukcia v\u00fdmenn\u00e1 poistka 13A 100V &#8211; 250V \/ 15A max. 3450W \/ 230V, max. 1650W \/ 110V detsk\u00e9 poistky farba: biela<\/p>\n","protected":false},"featured_media":580,"comment_status":"open","ping_status":"closed","template":"","meta":[],"product_cat":[162],"product_tag":[],"class_list":{"0":"post-573","1":"product","2":"type-product","3":"status-publish","4":"has-post-thumbnail","6":"product_cat-cestovne-adaptery","8":"first","9":"instock","10":"shipping-taxable","11":"purchasable","12":"product-type-simple"},"_links":{"self":[{"href":"https:\/\/naby.sk\/index.php\/wp-json\/wp\/v2\/product\/573","targetHints":{"allow":["GET"]}}],"collection":[{"href":"https:\/\/naby.sk\/index.php\/wp-json\/wp\/v2\/product"}],"about":[{"href":"https:\/\/naby.sk\/index.php\/wp-json\/wp\/v2\/types\/product"}],"replies":[{"embeddable":true,"href":"https:\/\/naby.sk\/index.php\/wp-json\/wp\/v2\/comments?post=573"}],"wp:featuredmedia":[{"embeddable":true,"href":"https:\/\/naby.sk\/index.php\/wp-json\/wp\/v2\/media\/580"}],"wp:attachment":[{"href":"https:\/\/naby.sk\/index.php\/wp-json\/wp\/v2\/media?parent=573"}],"wp:term":[{"taxonomy":"product_cat","embeddable":true,"href":"https:\/\/naby.sk\/index.php\/wp-json\/wp\/v2\/product_cat?post=573"},{"taxonomy":"product_tag","embeddable":true,"href":"https:\/\/naby.sk\/index.php\/wp-json\/wp\/v2\/product_tag?post=573"}],"curies":[{"name":"wp","href":"https:\/\/api.w.org\/{rel}","templated":true}]}}