{"id":5651,"date":"2025-01-13T20:15:20","date_gmt":"2025-01-13T19:15:20","guid":{"rendered":""},"modified":"2025-01-14T11:30:27","modified_gmt":"2025-01-14T10:30:27","slug":"solight-domaca-kamera-s-nocnym-svetlom-a-hodinami","status":"publish","type":"product","link":"https:\/\/naby.sk\/index.php\/produkt\/solight-domaca-kamera-s-nocnym-svetlom-a-hodinami\/","title":{"rendered":"Solight dom\u00e1ca kamera s no\u010dn\u00fdm svetlom a hodinami"},"content":{"rendered":"<p><B>Preh\u013ead:<\/B><br \/>\n<P>T\u00e1to kamera je dokonal\u00fdm doplnkom do dom\u00e1cnosti. M\u00e1 jednoducho v\u0161etko. Kamera je oto\u010dn\u00e1, m\u00e1 rozl\u00ed\u0161enie 3 megapixely, zobrazenie hod\u00edn a teploty, no\u010dn\u00e9 svetlo a je oto\u010dn\u00e1.<br \/>\nKameru 1D81 m\u00f4\u017eete pou\u017e\u00edva\u0165 aj ako detsk\u00fa pest\u00fanku. Kamera m\u00e1 no\u010dn\u00e9 svetlo, umo\u017e\u0148uje prehr\u00e1va\u0165 nieko\u013eko mel\u00f3di\u00ed &#8211; usp\u00e1vaniek. V tomto pr\u00edpade bude u\u017eito\u010dn\u00fd aj sn\u00edma\u010d teploty, ktor\u00fd na displeji zobraz\u00ed aktu\u00e1lnu teplotu v miestnosti. Displej so v\u0161etk\u00fdmi \u00fadajmi m\u00e1 nastavite\u013en\u00fd jas alebo ho mo\u017eno \u00faplne vypn\u00fa\u0165.<\/P><br \/>\n<B>Inform\u00e1cie:<\/B><BR><br \/>\n<b>24\/7 \u017eiv\u00fd video prenos:<\/b> t\u00e1to kamera funguje prostredn\u00edctvom dom\u00e1cej bezdr\u00f4tovej siete Wi-Fi (2,4 GHz), tak\u017ee k \u017eiv\u00fdm a nahrat\u00fdm z\u00e1znamom m\u00f4\u017eete pristupova\u0165 priamo z mobilnej aplik\u00e1cie v mobilnom zariaden\u00ed (telef\u00f3n alebo tablet so syst\u00e9mom iOS 8 a vy\u0161\u0161\u00edm alebo Android 5.0 a vy\u0161\u0161\u00edm).<BR><br \/>\n<b>Ot\u00e1\u010danie:<\/b> V aplik\u00e1cii Smart Life m\u00f4\u017eete ovl\u00e1da\u0165 ot\u00e1\u010danie pomocou gest do str\u00e1n pod\u013ea toho, kam chcete kameru nasmerova\u0165.<BR><br \/>\n<b>Teplota:<\/b> Kamera m\u00e1 teplotn\u00fd senzor, tak\u017ee na displeji zobrazuje aktu\u00e1lnu teplotu v miestnosti.<BR><br \/>\n<b>No\u010dn\u00e9 svetlo:<\/b> Na zadnej strane fotoapar\u00e1tu sa nach\u00e1dza no\u010dn\u00e9 svetlo, ktor\u00e9 m\u00f4\u017eete zapn\u00fa\u0165 a vypn\u00fa\u0165 bu\u010f v aplik\u00e1cii, alebo dotykom priamo na fotoapar\u00e1te.<BR><br \/>\n<b>Hodiny\/Bud\u00edk:<\/b> Okrem teploty fotoapar\u00e1t na ve\u013ekom displeji zobrazuje aj hodiny s aktu\u00e1lnym \u010dasom. Jas displeja hod\u00edn je nastavite\u013en\u00fd a mo\u017eno ho \u00faplne vypn\u00fa\u0165.<BR><br \/>\n<b>Mel\u00f3die\/Usp\u00e1vanky:<\/b> Kamera m\u00e1 ulo\u017een\u00fdch nieko\u013eko r\u00f4znych mel\u00f3di\u00ed, ktor\u00e9 mo\u017eno pou\u017ei\u0165 ako zvuk alarmu alebo ako usp\u00e1vanky, ak sa pou\u017e\u00edva ako detsk\u00e1 pest\u00fanka.<BR><br \/>\n<b>Jednoduch\u00e9 nastavenie:<\/b> In\u0161tal\u00e1cia je ve\u013emi jednoduch\u00e1; sta\u010d\u00ed kameru zapoji\u0165 do elektriny a nastavi\u0165 ju pomocou aplik\u00e1cie v telef\u00f3ne. Kameru m\u00f4\u017eete dokonca jednoducho pripevni\u0165 na stenu.<BR><br \/>\n<b>Upozornenia v telef\u00f3ne:<\/b> Ak zapnete detekciu pohybu, kamera odo\u0161le upozornenie na va\u0161e mobiln\u00e9 zariadenie, ke\u010f sa zaznamen\u00e1 pohyb.<BR><br \/>\n<b>No\u010dn\u00e9 videnie:<\/b> Kamera umo\u017e\u0148uje no\u010dn\u00e9 videnie pomocou infra\u010derven\u00fdch LED di\u00f3d s \u00fa\u010dinnos\u0165ou 5 metrov.<BR><br \/>\n<b>Zvuk:<\/b> 2-cestn\u00fd zvukov\u00fd z\u00e1znam v\u00e1m umo\u017e\u0148uje komunikova\u0165 s \u010dlenmi rodiny alebo priate\u013emi.<BR><br \/>\n<b>Kri\u0161t\u00e1\u013eovo \u010dist\u00fd z\u00e1znam:<\/b> 3Mpx sn\u00edma\u010d CMOS kamery zaznamen\u00e1va kri\u0161t\u00e1\u013eovo \u010dist\u00e9 rozl\u00ed\u0161enie 2304x1296p, tak\u017ee m\u00e1te skvel\u00fd preh\u013ead o tom, \u010do sa deje vo va\u0161ej dom\u00e1cnosti.<BR><br \/>\n<BR><br \/>\n<B>Aplik\u00e1cia Smart Life: <\/B><br \/>\n<P>Aplik\u00e1cia je v \u010de\u0161tine, angli\u010dtine a \u010fal\u0161\u00edch jazykoch<br \/>\nJe kompatibiln\u00e1 s Wifi 2,4 GHz, Androidom 5.0 a vy\u0161\u0161\u00edm, iOS 8.0 a vy\u0161\u0161\u00edm, aplik\u00e1ciou Tuya Smart, aplik\u00e1ciou Smart Life , Amazon Echo, Google Home <\/P><br \/>\n<B>Vlastnosti<\/B><br \/>\n<LI> Pripojenie Wi-Fi<\/LI><br \/>\n<LI> Ovl\u00e1danie prostredn\u00edctvom aplik\u00e1cie Smart Life &#8211; iOS\/Android<\/LI><br \/>\n<LI> Teplomer<\/LI><br \/>\n<LI> No\u010dn\u00e9 svetlo<\/LI><br \/>\n<LI> Hodiny\/Bud\u00edk<\/LI><br \/>\n<LI> Usp\u00e1vanky<\/LI><br \/>\n<LI> Ve\u013ek\u00fd preh\u013eadn\u00fd displej<\/LI><br \/>\n<LI> Detekcia pohybu<\/LI><br \/>\n<LI> Upozornenie na mobiln\u00fd telef\u00f3n<\/LI><br \/>\n<LI> Nastavenie \u010dasu nahr\u00e1vania<\/LI><br \/>\n<LI> Horizont\u00e1lne ot\u00e1\u010danie<\/LI><br \/>\n<LI> No\u010dn\u00e9 sn\u00edmanie <\/LI><br \/>\n<BR><br \/>\n<B>Parametre:<\/B><br \/>\n<LI> maxim\u00e1lna ve\u013ekos\u0165 karty: 128 GB<\/LI><br \/>\n<LI> rozl\u00ed\u0161enie sn\u00edma\u010da: 3 Mpx<\/LI><br \/>\n<LI> mikrof\u00f3n\/reproduktor: vstavan\u00fd<\/LI><br \/>\n<LI> rozl\u00ed\u0161enie: 2304x1296p\/15FPS<\/LI><br \/>\n<LI> kompresia videa: H.264<\/LI><br \/>\n<LI> uhol poh\u013eadu: 100\u00b0<\/LI><br \/>\n<LI> nap\u00e1janie: 5V\/1A (DC)<\/LI><br \/>\n<LI> 1,2 m dlh\u00fd nap\u00e1jac\u00ed k\u00e1bel + 3 m dlh\u00fd k\u00e1bel s adapt\u00e9rom<\/LI><br \/>\n<LI> aplik\u00e1cie v Sj <\/LI><\/p>\n","protected":false},"excerpt":{"rendered":"<p>Preh\u013ead: T\u00e1to kamera je dokonal\u00fdm doplnkom do dom\u00e1cnosti. M\u00e1 jednoducho v\u0161etko. Kamera je oto\u010dn\u00e1, m\u00e1 rozl\u00ed\u0161enie 3 megapixely, zobrazenie hod\u00edn a teploty, no\u010dn\u00e9 svetlo a je oto\u010dn\u00e1. Kameru 1D81 m\u00f4\u017eete pou\u017e\u00edva\u0165 aj ako detsk\u00fa pest\u00fanku. Kamera m\u00e1 no\u010dn\u00e9 svetlo, umo\u017e\u0148uje prehr\u00e1va\u0165 nieko\u013eko mel\u00f3di\u00ed &#8211; usp\u00e1vaniek. V tomto pr\u00edpade bude u\u017eito\u010dn\u00fd aj sn\u00edma\u010d teploty, ktor\u00fd na [&hellip;]<\/p>\n","protected":false},"featured_media":5662,"comment_status":"open","ping_status":"closed","template":"","meta":[],"product_cat":[221],"product_tag":[],"class_list":{"0":"post-5651","1":"product","2":"type-product","3":"status-publish","4":"has-post-thumbnail","6":"product_cat-kamery","8":"first","9":"instock","10":"shipping-taxable","11":"purchasable","12":"product-type-simple"},"_links":{"self":[{"href":"https:\/\/naby.sk\/index.php\/wp-json\/wp\/v2\/product\/5651","targetHints":{"allow":["GET"]}}],"collection":[{"href":"https:\/\/naby.sk\/index.php\/wp-json\/wp\/v2\/product"}],"about":[{"href":"https:\/\/naby.sk\/index.php\/wp-json\/wp\/v2\/types\/product"}],"replies":[{"embeddable":true,"href":"https:\/\/naby.sk\/index.php\/wp-json\/wp\/v2\/comments?post=5651"}],"wp:featuredmedia":[{"embeddable":true,"href":"https:\/\/naby.sk\/index.php\/wp-json\/wp\/v2\/media\/5662"}],"wp:attachment":[{"href":"https:\/\/naby.sk\/index.php\/wp-json\/wp\/v2\/media?parent=5651"}],"wp:term":[{"taxonomy":"product_cat","embeddable":true,"href":"https:\/\/naby.sk\/index.php\/wp-json\/wp\/v2\/product_cat?post=5651"},{"taxonomy":"product_tag","embeddable":true,"href":"https:\/\/naby.sk\/index.php\/wp-json\/wp\/v2\/product_tag?post=5651"}],"curies":[{"name":"wp","href":"https:\/\/api.w.org\/{rel}","templated":true}]}}