{"id":5299,"date":"2025-01-13T20:14:07","date_gmt":"2025-01-13T19:14:07","guid":{"rendered":""},"modified":"2025-01-14T11:30:23","modified_gmt":"2025-01-14T10:30:23","slug":"solight-teplovzdusny-priamotop-s-ventilatorom-3000w","status":"publish","type":"product","link":"https:\/\/naby.sk\/index.php\/produkt\/solight-teplovzdusny-priamotop-s-ventilatorom-3000w\/","title":{"rendered":"Solight teplovzdu\u0161n\u00fd priamotop s ventil\u00e1torom 3000W"},"content":{"rendered":"<p><UL><br \/>\n<LI> PTC keramick\u00e9 v\u00fdhrevn\u00e9 teleso<\/LI><br \/>\n<LI> v\u00fdkon 3000 W (3 stupne v\u00fdkonu &#8211; OFF \/ 0 \/ 2000 \/ 3000W)<\/LI><br \/>\n<LI> termostat<\/LI><br \/>\n<LI> poistka proti prehriatiu<\/LI><br \/>\n<LI> krytie IP20<\/LI><br \/>\n<LI> pr\u00edvodn\u00e1 \u0161n\u00fara 1,6m<\/LI><br \/>\n<LI> hmotnos\u0165 1,7kg<\/LI><br \/>\n<LI> 28*23*17cm<\/LI><br \/>\n<LI> nap\u00e1janie: 230V \/ 50 Hz<\/LI><br \/>\n<\/UL><\/p>\n","protected":false},"excerpt":{"rendered":"<p>PTC keramick\u00e9 v\u00fdhrevn\u00e9 teleso v\u00fdkon 3000 W (3 stupne v\u00fdkonu &#8211; OFF \/ 0 \/ 2000 \/ 3000W) termostat poistka proti prehriatiu krytie IP20 pr\u00edvodn\u00e1 \u0161n\u00fara 1,6m hmotnos\u0165 1,7kg 28*23*17cm nap\u00e1janie: 230V \/ 50 Hz<\/p>\n","protected":false},"featured_media":5306,"comment_status":"open","ping_status":"closed","template":"","meta":[],"product_cat":[158],"product_tag":[],"class_list":{"0":"post-5299","1":"product","2":"type-product","3":"status-publish","4":"has-post-thumbnail","6":"product_cat-teplovzdusne-konvektory","8":"first","9":"instock","10":"shipping-taxable","11":"purchasable","12":"product-type-simple"},"_links":{"self":[{"href":"https:\/\/naby.sk\/index.php\/wp-json\/wp\/v2\/product\/5299","targetHints":{"allow":["GET"]}}],"collection":[{"href":"https:\/\/naby.sk\/index.php\/wp-json\/wp\/v2\/product"}],"about":[{"href":"https:\/\/naby.sk\/index.php\/wp-json\/wp\/v2\/types\/product"}],"replies":[{"embeddable":true,"href":"https:\/\/naby.sk\/index.php\/wp-json\/wp\/v2\/comments?post=5299"}],"wp:featuredmedia":[{"embeddable":true,"href":"https:\/\/naby.sk\/index.php\/wp-json\/wp\/v2\/media\/5306"}],"wp:attachment":[{"href":"https:\/\/naby.sk\/index.php\/wp-json\/wp\/v2\/media?parent=5299"}],"wp:term":[{"taxonomy":"product_cat","embeddable":true,"href":"https:\/\/naby.sk\/index.php\/wp-json\/wp\/v2\/product_cat?post=5299"},{"taxonomy":"product_tag","embeddable":true,"href":"https:\/\/naby.sk\/index.php\/wp-json\/wp\/v2\/product_tag?post=5299"}],"curies":[{"name":"wp","href":"https:\/\/api.w.org\/{rel}","templated":true}]}}