{"id":5169,"date":"2025-01-13T20:13:46","date_gmt":"2025-01-13T19:13:46","guid":{"rendered":""},"modified":"2025-01-14T11:30:22","modified_gmt":"2025-01-14T10:30:22","slug":"solight-digitalny-tyzdenny-casovy-spinac-16-rezimov-podsvieteny-velky-lcd","status":"publish","type":"product","link":"https:\/\/naby.sk\/index.php\/produkt\/solight-digitalny-tyzdenny-casovy-spinac-16-rezimov-podsvieteny-velky-lcd\/","title":{"rendered":"Solight digit\u00e1lny t\u00fd\u017edenn\u00fd \u010dasov\u00fd sp\u00edna\u010d, 16 re\u017eimov, podsvieten\u00fd ve\u013ek\u00fd LCD"},"content":{"rendered":"<p><UL><br \/>\n<LI> preh\u013eadn\u00fd, ve\u013ek\u00fd a podsvieten\u00fd LCD displej<\/LI><br \/>\n<LI> LED indik\u00e1tor zapnutia<\/LI><br \/>\n<LI> automatick\u00fd alebo manu\u00e1lny re\u017eim<\/LI><br \/>\n<LI> 10 sp\u00ednac\u00edch cyklov s rozl\u00ed\u0161en\u00edm 1 min\u00fata<\/LI><br \/>\n<LI> 16 kombin\u00e1ci\u00ed dn\u00ed alebo skup\u00edn dn\u00ed<\/LI><br \/>\n<LI> funkcia letn\u00e9ho \u010dasu<\/LI><br \/>\n<LI> odpo\u010d\u00edt\u00e1vac\u00ed funkcia max .: 99h, 59min, 59s<\/LI><br \/>\n<LI> n\u00e1hodn\u00e9 sp\u00ednanie po dobu 10-31minut v \u010dasovom rozmedz\u00ed 6: 00h a\u017e 18: 00h<\/LI><br \/>\n<LI> zabudovan\u00e1 nab\u00edjacie bat\u00e9rie pre uchovanie hodn\u00f4t, v\u00fddr\u017e a\u017e 100h<\/LI><br \/>\n<LI> detsk\u00e9 poistky<\/LI><br \/>\n<LI> 230V \/ 16A, 3600W<\/LI><br \/>\n<LI> prev\u00e1dzkov\u00e1 teplota: -10 + 40 \u00b0C<\/LI><br \/>\n<\/UL><\/p>\n","protected":false},"excerpt":{"rendered":"<p>preh\u013eadn\u00fd, ve\u013ek\u00fd a podsvieten\u00fd LCD displej LED indik\u00e1tor zapnutia automatick\u00fd alebo manu\u00e1lny re\u017eim 10 sp\u00ednac\u00edch cyklov s rozl\u00ed\u0161en\u00edm 1 min\u00fata 16 kombin\u00e1ci\u00ed dn\u00ed alebo skup\u00edn dn\u00ed funkcia letn\u00e9ho \u010dasu odpo\u010d\u00edt\u00e1vac\u00ed funkcia max .: 99h, 59min, 59s n\u00e1hodn\u00e9 sp\u00ednanie po dobu 10-31minut v \u010dasovom rozmedz\u00ed 6: 00h a\u017e 18: 00h zabudovan\u00e1 nab\u00edjacie bat\u00e9rie pre uchovanie hodn\u00f4t, [&hellip;]<\/p>\n","protected":false},"featured_media":5176,"comment_status":"open","ping_status":"closed","template":"","meta":[],"product_cat":[163],"product_tag":[],"class_list":{"0":"post-5169","1":"product","2":"type-product","3":"status-publish","4":"has-post-thumbnail","6":"product_cat-casove-spinace","8":"first","9":"instock","10":"shipping-taxable","11":"purchasable","12":"product-type-simple"},"_links":{"self":[{"href":"https:\/\/naby.sk\/index.php\/wp-json\/wp\/v2\/product\/5169","targetHints":{"allow":["GET"]}}],"collection":[{"href":"https:\/\/naby.sk\/index.php\/wp-json\/wp\/v2\/product"}],"about":[{"href":"https:\/\/naby.sk\/index.php\/wp-json\/wp\/v2\/types\/product"}],"replies":[{"embeddable":true,"href":"https:\/\/naby.sk\/index.php\/wp-json\/wp\/v2\/comments?post=5169"}],"wp:featuredmedia":[{"embeddable":true,"href":"https:\/\/naby.sk\/index.php\/wp-json\/wp\/v2\/media\/5176"}],"wp:attachment":[{"href":"https:\/\/naby.sk\/index.php\/wp-json\/wp\/v2\/media?parent=5169"}],"wp:term":[{"taxonomy":"product_cat","embeddable":true,"href":"https:\/\/naby.sk\/index.php\/wp-json\/wp\/v2\/product_cat?post=5169"},{"taxonomy":"product_tag","embeddable":true,"href":"https:\/\/naby.sk\/index.php\/wp-json\/wp\/v2\/product_tag?post=5169"}],"curies":[{"name":"wp","href":"https:\/\/api.w.org\/{rel}","templated":true}]}}