{"id":5040,"date":"2025-01-13T20:13:23","date_gmt":"2025-01-13T19:13:23","guid":{"rendered":""},"modified":"2025-01-14T11:30:21","modified_gmt":"2025-01-14T10:30:21","slug":"solight-bezdrotove-tlacidlo-pre-zvonceky-solight-1l43-1l44-1l45-1l49-1l49b-1l52-1l53","status":"publish","type":"product","link":"https:\/\/naby.sk\/index.php\/produkt\/solight-bezdrotove-tlacidlo-pre-zvonceky-solight-1l43-1l44-1l45-1l49-1l49b-1l52-1l53\/","title":{"rendered":"Solight bezdr\u00f4tov\u00e9 tla\u010didlo pre zvon\u010deky Solight 1L43, 1L44, 1L45, 1L49, 1L49B, 1L52, 1L53"},"content":{"rendered":"<p><UL><br \/>\n<LI> funkcia&#8220; Learning code &#8222;umo\u017e\u0148uje sp\u00e1rovanie nieko\u013ek\u00fdch zvon\u010dekov alebo tla\u010didiel do jednej skupiny<\/LI><br \/>\n<LI> pou\u017eite\u013en\u00e9 pre zvon\u010deky Solight 1L43, 1L44, 1L45, 1L49, 1L49B, 1L52, 1L53<\/LI><br \/>\n<LI> pou\u017eite\u013en\u00e9 pre zvon\u010dek Solight 1L45 iba vo variante Learning code (zak\u00fapen\u00e9 od r.2022)<\/LI><br \/>\n<LI> vodotesn\u00e1 ochrana tla\u010didla IP55<\/LI><br \/>\n<LI> tla\u010didlo s krytom na menovku<\/LI><br \/>\n<LI> uchytenie tla\u010didla pomocou samolepiacej podlo\u017eky alebo mont\u00e1\u017enych otvorov<\/LI><br \/>\n<LI> farba: biela<\/LI><br \/>\n<LI> dosah sign\u00e1lu na otvorenom priestranstve: 250m<\/LI><br \/>\n<LI> prenosov\u00e1 frekvencia: 433MHz<\/LI><br \/>\n<LI> nap\u00e1janie: 1 x 3V (CR2032) bat\u00e9rie (s\u00fa\u010das\u0165ou balenia)<\/LI><br \/>\n<LI> pracovn\u00e1 teplota: -20 \u00b0C a\u017e +50 \u00b0C<\/LI><br \/>\n<LI> spotreba energie v prev\u00e1dzkovom re\u017eime: &lt;10mW<\/LI><br \/>\n<\/UL><\/p>\n","protected":false},"excerpt":{"rendered":"<p>funkcia&#8220; Learning code &#8222;umo\u017e\u0148uje sp\u00e1rovanie nieko\u013ek\u00fdch zvon\u010dekov alebo tla\u010didiel do jednej skupiny pou\u017eite\u013en\u00e9 pre zvon\u010deky Solight 1L43, 1L44, 1L45, 1L49, 1L49B, 1L52, 1L53 pou\u017eite\u013en\u00e9 pre zvon\u010dek Solight 1L45 iba vo variante Learning code (zak\u00fapen\u00e9 od r.2022) vodotesn\u00e1 ochrana tla\u010didla IP55 tla\u010didlo s krytom na menovku uchytenie tla\u010didla pomocou samolepiacej podlo\u017eky alebo mont\u00e1\u017enych otvorov farba: biela [&hellip;]<\/p>\n","protected":false},"featured_media":5041,"comment_status":"open","ping_status":"closed","template":"","meta":[],"product_cat":[206],"product_tag":[],"class_list":{"0":"post-5040","1":"product","2":"type-product","3":"status-publish","4":"has-post-thumbnail","6":"product_cat-bezdrotove-zvonceky","8":"first","9":"instock","10":"shipping-taxable","11":"purchasable","12":"product-type-simple"},"_links":{"self":[{"href":"https:\/\/naby.sk\/index.php\/wp-json\/wp\/v2\/product\/5040","targetHints":{"allow":["GET"]}}],"collection":[{"href":"https:\/\/naby.sk\/index.php\/wp-json\/wp\/v2\/product"}],"about":[{"href":"https:\/\/naby.sk\/index.php\/wp-json\/wp\/v2\/types\/product"}],"replies":[{"embeddable":true,"href":"https:\/\/naby.sk\/index.php\/wp-json\/wp\/v2\/comments?post=5040"}],"wp:featuredmedia":[{"embeddable":true,"href":"https:\/\/naby.sk\/index.php\/wp-json\/wp\/v2\/media\/5041"}],"wp:attachment":[{"href":"https:\/\/naby.sk\/index.php\/wp-json\/wp\/v2\/media?parent=5040"}],"wp:term":[{"taxonomy":"product_cat","embeddable":true,"href":"https:\/\/naby.sk\/index.php\/wp-json\/wp\/v2\/product_cat?post=5040"},{"taxonomy":"product_tag","embeddable":true,"href":"https:\/\/naby.sk\/index.php\/wp-json\/wp\/v2\/product_tag?post=5040"}],"curies":[{"name":"wp","href":"https:\/\/api.w.org\/{rel}","templated":true}]}}