{"id":4993,"date":"2025-01-13T20:13:14","date_gmt":"2025-01-13T19:13:14","guid":{"rendered":""},"modified":"2025-01-14T11:30:20","modified_gmt":"2025-01-14T10:30:20","slug":"solight-vianocna-retaz-medena-100x-mini-led-10m-3-x-aa-teple-svetlo","status":"publish","type":"product","link":"https:\/\/naby.sk\/index.php\/produkt\/solight-vianocna-retaz-medena-100x-mini-led-10m-3-x-aa-teple-svetlo\/","title":{"rendered":"Solight viano\u010dn\u00e1 re\u0165az meden\u00e1, 100x mini LED, 10m, 3 x AA, tepl\u00e9 svetlo"},"content":{"rendered":"<p><UL><br \/>\n<LI> LED re\u0165az s meden\u00fdm r\u00f4tikom<\/LI><br \/>\n<LI> po\u010det LED di\u00f3d: 100<\/LI><br \/>\n<LI> farba svetla: tepl\u00e1 biela (\u017elut\u00e1)<\/LI><br \/>\n<LI> nap\u00e1janie: 3x AA bat\u00e9rie (nie s\u00fa s\u00fa\u010das\u0165ou)<\/LI><br \/>\n<LI> v\u00fddr\u017e bat\u00e9ri\u00ed: cca 100hod. (v z\u00e1vislosti na kvalite bat\u00e9ri\u00ed)<\/LI><br \/>\n<LI> trieda ochrany: IP20 (vn\u00fatorn\u00e9 pou\u017eitie)<\/LI><br \/>\n<LI> d\u013a\u017eka: 10m<\/LI><br \/>\n<LI> farba: meden\u00e1<\/LI><br \/>\n<LI> balenie: PVC krabice<\/LI><br \/>\n<\/UL><\/p>\n","protected":false},"excerpt":{"rendered":"<p>LED re\u0165az s meden\u00fdm r\u00f4tikom po\u010det LED di\u00f3d: 100 farba svetla: tepl\u00e1 biela (\u017elut\u00e1) nap\u00e1janie: 3x AA bat\u00e9rie (nie s\u00fa s\u00fa\u010das\u0165ou) v\u00fddr\u017e bat\u00e9ri\u00ed: cca 100hod. (v z\u00e1vislosti na kvalite bat\u00e9ri\u00ed) trieda ochrany: IP20 (vn\u00fatorn\u00e9 pou\u017eitie) d\u013a\u017eka: 10m farba: meden\u00e1 balenie: PVC krabice<\/p>\n","protected":false},"featured_media":5000,"comment_status":"open","ping_status":"closed","template":"","meta":[],"product_cat":[213],"product_tag":[],"class_list":{"0":"post-4993","1":"product","2":"type-product","3":"status-publish","4":"has-post-thumbnail","6":"product_cat-bateriove","8":"first","9":"instock","10":"shipping-taxable","11":"purchasable","12":"product-type-simple"},"_links":{"self":[{"href":"https:\/\/naby.sk\/index.php\/wp-json\/wp\/v2\/product\/4993","targetHints":{"allow":["GET"]}}],"collection":[{"href":"https:\/\/naby.sk\/index.php\/wp-json\/wp\/v2\/product"}],"about":[{"href":"https:\/\/naby.sk\/index.php\/wp-json\/wp\/v2\/types\/product"}],"replies":[{"embeddable":true,"href":"https:\/\/naby.sk\/index.php\/wp-json\/wp\/v2\/comments?post=4993"}],"wp:featuredmedia":[{"embeddable":true,"href":"https:\/\/naby.sk\/index.php\/wp-json\/wp\/v2\/media\/5000"}],"wp:attachment":[{"href":"https:\/\/naby.sk\/index.php\/wp-json\/wp\/v2\/media?parent=4993"}],"wp:term":[{"taxonomy":"product_cat","embeddable":true,"href":"https:\/\/naby.sk\/index.php\/wp-json\/wp\/v2\/product_cat?post=4993"},{"taxonomy":"product_tag","embeddable":true,"href":"https:\/\/naby.sk\/index.php\/wp-json\/wp\/v2\/product_tag?post=4993"}],"curies":[{"name":"wp","href":"https:\/\/api.w.org\/{rel}","templated":true}]}}