{"id":4840,"date":"2025-01-13T20:12:46","date_gmt":"2025-01-13T19:12:46","guid":{"rendered":""},"modified":"2025-01-14T11:30:18","modified_gmt":"2025-01-14T10:30:18","slug":"solight-adapter-31-48w-qc30pd-3x-usb-a-1x-usb-c","status":"publish","type":"product","link":"https:\/\/naby.sk\/index.php\/produkt\/solight-adapter-31-48w-qc30pd-3x-usb-a-1x-usb-c\/","title":{"rendered":"Solight adapt\u00e9r 3+1, 48W, QC3.0+PD, 3x USB-A, 1x USB-C"},"content":{"rendered":"<p><UL><br \/>\n<LI> nab\u00edjac\u00ed adapt\u00e9r 48W, 3x USB-A + USB-C<\/LI><br \/>\n<LI> vstup: AC 100-240V, 50\/60 Hz, max. 1,2A<\/LI><br \/>\n<LI> v\u00fdstup 1: PD USB-C DC 5V\/3A, 9V\/3A, 12V\/2.5A, 15V\/2A<\/LI><br \/>\n<LI> v\u00fdstup 2: QC3.0 USB-A DC 5V\/3A, 9V\/2A, 12V\/1.5A<\/LI><br \/>\n<LI> v\u00fdstup 3: USB-A DC 5V\/2.4A<\/LI><br \/>\n<LI> v\u00fdstup 4: USB-A DC 5V\/2.4A<\/LI><br \/>\n<LI> ochrana pri skrate, nadpr\u00fadov\u00e1 ochrana<\/LI><br \/>\n<LI> rozmery: 10,5 x 4,4 x 6,5 cm <\/LI><br \/>\n<LI> farba biela<\/LI><br \/>\n<\/UL><\/p>\n","protected":false},"excerpt":{"rendered":"<p>nab\u00edjac\u00ed adapt\u00e9r 48W, 3x USB-A + USB-C vstup: AC 100-240V, 50\/60 Hz, max. 1,2A v\u00fdstup 1: PD USB-C DC 5V\/3A, 9V\/3A, 12V\/2.5A, 15V\/2A v\u00fdstup 2: QC3.0 USB-A DC 5V\/3A, 9V\/2A, 12V\/1.5A v\u00fdstup 3: USB-A DC 5V\/2.4A v\u00fdstup 4: USB-A DC 5V\/2.4A ochrana pri skrate, nadpr\u00fadov\u00e1 ochrana rozmery: 10,5 x 4,4 x 6,5 cm farba biela<\/p>\n","protected":false},"featured_media":4845,"comment_status":"open","ping_status":"closed","template":"","meta":[],"product_cat":[240],"product_tag":[],"class_list":{"0":"post-4840","1":"product","2":"type-product","3":"status-publish","4":"has-post-thumbnail","6":"product_cat-usb-adaptery","8":"first","9":"instock","10":"shipping-taxable","11":"purchasable","12":"product-type-simple"},"_links":{"self":[{"href":"https:\/\/naby.sk\/index.php\/wp-json\/wp\/v2\/product\/4840","targetHints":{"allow":["GET"]}}],"collection":[{"href":"https:\/\/naby.sk\/index.php\/wp-json\/wp\/v2\/product"}],"about":[{"href":"https:\/\/naby.sk\/index.php\/wp-json\/wp\/v2\/types\/product"}],"replies":[{"embeddable":true,"href":"https:\/\/naby.sk\/index.php\/wp-json\/wp\/v2\/comments?post=4840"}],"wp:featuredmedia":[{"embeddable":true,"href":"https:\/\/naby.sk\/index.php\/wp-json\/wp\/v2\/media\/4845"}],"wp:attachment":[{"href":"https:\/\/naby.sk\/index.php\/wp-json\/wp\/v2\/media?parent=4840"}],"wp:term":[{"taxonomy":"product_cat","embeddable":true,"href":"https:\/\/naby.sk\/index.php\/wp-json\/wp\/v2\/product_cat?post=4840"},{"taxonomy":"product_tag","embeddable":true,"href":"https:\/\/naby.sk\/index.php\/wp-json\/wp\/v2\/product_tag?post=4840"}],"curies":[{"name":"wp","href":"https:\/\/api.w.org\/{rel}","templated":true}]}}