{"id":4541,"date":"2025-01-13T20:11:19","date_gmt":"2025-01-13T19:11:19","guid":{"rendered":""},"modified":"2025-01-14T11:30:16","modified_gmt":"2025-01-14T10:30:16","slug":"solight-bezdrotove-bezbateriove-tlacidlo-pre-1l51-150m-biele-learning-code","status":"publish","type":"product","link":"https:\/\/naby.sk\/index.php\/produkt\/solight-bezdrotove-bezbateriove-tlacidlo-pre-1l51-150m-biele-learning-code\/","title":{"rendered":"Solight bezdr\u00f4tov\u00e9 bezbat\u00e9riov\u00e9 tla\u010didlo pre 1L51, 150m, biele, learning code"},"content":{"rendered":"<p><UL><br \/>\n<LI> zvon\u010dekov\u00e9 tla\u010didlo na princ\u00edpe dynama, elektrick\u00fd sign\u00e1l pre zvonenie je vytvoren\u00fd prevodom mechanickej energie stla\u010den\u00edm tla\u010didla. Nie je potrebn\u00e9 sa stara\u0165 o n\u00e1kladn\u00e9 v\u00fdmeny bat\u00e9ri\u00ed, najm\u00e4 v zimnom obdob\u00ed.<\/LI><br \/>\n<LI> funkcia&#8220; Learning code &#8222;umo\u017e\u0148uje sp\u00e1rovanie nieko\u013ek\u00fdch zvon\u010dekov alebo tla\u010didiel do jednej skupiny<\/LI><br \/>\n<LI> pou\u017eite\u013en\u00e9 pre zvon\u010dek Solight 1L51<\/LI><br \/>\n<LI> vodotesn\u00e1 ochrana tla\u010d\u00edtka IP44<\/LI><br \/>\n<LI> uchytenie tla\u010didla pomocou samolepiacej podlo\u017eky alebo mont\u00e1\u017enych otvorov<\/LI><br \/>\n<LI> farba: biela<\/LI><br \/>\n<LI> dosah sign\u00e1lu na otvorenom priestranstve: 150m<\/LI><br \/>\n<LI> prenosov\u00e1 frekvencia: 433MHz<\/LI><br \/>\n<LI> nap\u00e1janie: bez bat\u00e9ri\u00ed, \u017eivotnos\u0165 200 000 stla\u010den\u00ed<\/LI><br \/>\n<\/UL><\/p>\n","protected":false},"excerpt":{"rendered":"<p>zvon\u010dekov\u00e9 tla\u010didlo na princ\u00edpe dynama, elektrick\u00fd sign\u00e1l pre zvonenie je vytvoren\u00fd prevodom mechanickej energie stla\u010den\u00edm tla\u010didla. Nie je potrebn\u00e9 sa stara\u0165 o n\u00e1kladn\u00e9 v\u00fdmeny bat\u00e9ri\u00ed, najm\u00e4 v zimnom obdob\u00ed. funkcia&#8220; Learning code &#8222;umo\u017e\u0148uje sp\u00e1rovanie nieko\u013ek\u00fdch zvon\u010dekov alebo tla\u010didiel do jednej skupiny pou\u017eite\u013en\u00e9 pre zvon\u010dek Solight 1L51 vodotesn\u00e1 ochrana tla\u010d\u00edtka IP44 uchytenie tla\u010didla pomocou samolepiacej podlo\u017eky [&hellip;]<\/p>\n","protected":false},"featured_media":4542,"comment_status":"open","ping_status":"closed","template":"","meta":[],"product_cat":[206],"product_tag":[],"class_list":{"0":"post-4541","1":"product","2":"type-product","3":"status-publish","4":"has-post-thumbnail","6":"product_cat-bezdrotove-zvonceky","8":"first","9":"instock","10":"shipping-taxable","11":"purchasable","12":"product-type-simple"},"_links":{"self":[{"href":"https:\/\/naby.sk\/index.php\/wp-json\/wp\/v2\/product\/4541","targetHints":{"allow":["GET"]}}],"collection":[{"href":"https:\/\/naby.sk\/index.php\/wp-json\/wp\/v2\/product"}],"about":[{"href":"https:\/\/naby.sk\/index.php\/wp-json\/wp\/v2\/types\/product"}],"replies":[{"embeddable":true,"href":"https:\/\/naby.sk\/index.php\/wp-json\/wp\/v2\/comments?post=4541"}],"wp:featuredmedia":[{"embeddable":true,"href":"https:\/\/naby.sk\/index.php\/wp-json\/wp\/v2\/media\/4542"}],"wp:attachment":[{"href":"https:\/\/naby.sk\/index.php\/wp-json\/wp\/v2\/media?parent=4541"}],"wp:term":[{"taxonomy":"product_cat","embeddable":true,"href":"https:\/\/naby.sk\/index.php\/wp-json\/wp\/v2\/product_cat?post=4541"},{"taxonomy":"product_tag","embeddable":true,"href":"https:\/\/naby.sk\/index.php\/wp-json\/wp\/v2\/product_tag?post=4541"}],"curies":[{"name":"wp","href":"https:\/\/api.w.org\/{rel}","templated":true}]}}