{"id":4068,"date":"2025-01-13T20:09:57","date_gmt":"2025-01-13T19:09:57","guid":{"rendered":""},"modified":"2025-01-14T11:30:10","modified_gmt":"2025-01-14T10:30:10","slug":"solight-ratanova-led-lampas-s-led-ziarovkou-tepla-biela-2x-aaa-19cm","status":"publish","type":"product","link":"https:\/\/naby.sk\/index.php\/produkt\/solight-ratanova-led-lampas-s-led-ziarovkou-tepla-biela-2x-aaa-19cm\/","title":{"rendered":"Solight ratanov\u00e1 LED lamp\u00e1\u0161 s LED \u017eiarovkou, tepl\u00e1 biela, 2x AAA, 19cm"},"content":{"rendered":"<p><UL><br \/>\n<LI> dekorat\u00edvny ratanov\u00fd lamp\u00e1\u0161 s \u017eiarovkou s LED di\u00f3dami<\/LI><br \/>\n<LI> po\u010det LED di\u00f3d: 1<\/LI><br \/>\n<LI> sveteln\u00fd tok: 80lm<\/LI><br \/>\n<LI> farba svetla: tepl\u00e1 biela<\/LI><br \/>\n<LI> re\u017eimy: zapnut\u00e9 \/ vypnut\u00e9<\/LI><br \/>\n<LI> nap\u00e1janie: 2 x AAA bat\u00e9rie (nie s\u00fa s\u00fa\u010das\u0165ou)<\/LI><br \/>\n<LI> v\u00fddr\u017e bat\u00e9ri\u00ed: cca 100hod\u00edn (v z\u00e1vislosti na kvalite bat\u00e9ri\u00ed)<\/LI><br \/>\n<LI> stupe\u0148 krytia: IP20 (vn\u00fatorn\u00e9 pou\u017eitie)<\/LI><br \/>\n<LI> rozmer: 19 x 16 cm<\/LI><br \/>\n<LI> materi\u00e1l: ratan, plast<\/LI><br \/>\n<LI> farba: pr\u00edrodn\u00e1<\/LI><br \/>\n<\/UL><\/p>\n","protected":false},"excerpt":{"rendered":"<p>dekorat\u00edvny ratanov\u00fd lamp\u00e1\u0161 s \u017eiarovkou s LED di\u00f3dami po\u010det LED di\u00f3d: 1 sveteln\u00fd tok: 80lm farba svetla: tepl\u00e1 biela re\u017eimy: zapnut\u00e9 \/ vypnut\u00e9 nap\u00e1janie: 2 x AAA bat\u00e9rie (nie s\u00fa s\u00fa\u010das\u0165ou) v\u00fddr\u017e bat\u00e9ri\u00ed: cca 100hod\u00edn (v z\u00e1vislosti na kvalite bat\u00e9ri\u00ed) stupe\u0148 krytia: IP20 (vn\u00fatorn\u00e9 pou\u017eitie) rozmer: 19 x 16 cm materi\u00e1l: ratan, plast farba: pr\u00edrodn\u00e1<\/p>\n","protected":false},"featured_media":4079,"comment_status":"open","ping_status":"closed","template":"","meta":[],"product_cat":[160],"product_tag":[],"class_list":{"0":"post-4068","1":"product","2":"type-product","3":"status-publish","4":"has-post-thumbnail","6":"product_cat-lampase","8":"first","9":"instock","10":"shipping-taxable","11":"purchasable","12":"product-type-simple"},"_links":{"self":[{"href":"https:\/\/naby.sk\/index.php\/wp-json\/wp\/v2\/product\/4068","targetHints":{"allow":["GET"]}}],"collection":[{"href":"https:\/\/naby.sk\/index.php\/wp-json\/wp\/v2\/product"}],"about":[{"href":"https:\/\/naby.sk\/index.php\/wp-json\/wp\/v2\/types\/product"}],"replies":[{"embeddable":true,"href":"https:\/\/naby.sk\/index.php\/wp-json\/wp\/v2\/comments?post=4068"}],"wp:featuredmedia":[{"embeddable":true,"href":"https:\/\/naby.sk\/index.php\/wp-json\/wp\/v2\/media\/4079"}],"wp:attachment":[{"href":"https:\/\/naby.sk\/index.php\/wp-json\/wp\/v2\/media?parent=4068"}],"wp:term":[{"taxonomy":"product_cat","embeddable":true,"href":"https:\/\/naby.sk\/index.php\/wp-json\/wp\/v2\/product_cat?post=4068"},{"taxonomy":"product_tag","embeddable":true,"href":"https:\/\/naby.sk\/index.php\/wp-json\/wp\/v2\/product_tag?post=4068"}],"curies":[{"name":"wp","href":"https:\/\/api.w.org\/{rel}","templated":true}]}}