{"id":3325,"date":"2025-01-13T20:08:09","date_gmt":"2025-01-13T19:08:09","guid":{"rendered":""},"modified":"2025-01-14T11:30:04","modified_gmt":"2025-01-14T10:30:04","slug":"solight-led-stropne-svetlo-okruhle-treviso-48w-2880lm-stmievatelne-dialkove-ovladanie-siva","status":"publish","type":"product","link":"https:\/\/naby.sk\/index.php\/produkt\/solight-led-stropne-svetlo-okruhle-treviso-48w-2880lm-stmievatelne-dialkove-ovladanie-siva\/","title":{"rendered":"Solight LED stropn\u00e9 svetlo okr\u00fahle Treviso, 48W, 2880lm, stmievate\u013en\u00e9, dia\u013ekov\u00e9 ovl\u00e1danie, siv\u00e1"},"content":{"rendered":"<p><UL><br \/>\n<LI> LED stmievate\u013en\u00e9 osvetlenie s dia\u013ekov\u00fdm ovl\u00e1dan\u00edm a mo\u017enos\u0165ou zmeny chromatickosti (teploty svetla)<\/LI><br \/>\n<LI> dia\u013ekov\u00fdm ovl\u00e1da\u010dom mo\u017eno svetlo plynulo stmieva\u0165, meni\u0165 teplotu svetla \u010di voli\u0165 medzi prednastaven\u00fdmi m\u00f3dy svietenia. Jedn\u00fdm ovl\u00e1da\u010dom je mo\u017en\u00e9 ovl\u00e1da\u0165 viac svetiel naraz.<\/LI><br \/>\n<LI> pre in\u0161tal\u00e1ciu na steny a stropy<\/LI><br \/>\n<LI> spotreba: max. 48W<\/LI><br \/>\n<LI> sveteln\u00fd tok: max. 2880lm<\/LI><br \/>\n<LI> teplota chromatickosti: 3000K &#8211; 6500K<\/LI><br \/>\n<LI> dia\u013ekov\u00fd ovl\u00e1da\u010d s\u00fa\u010das\u0165ou (2x AAA bat\u00e9rie nie s\u00fa s\u00fa\u010das\u0165ou)<\/LI><br \/>\n<LI> \u017eivotnos\u0165 LED: 20.000 hod\u00edn<\/LI><br \/>\n<LI> uhol svietenia: 120\u00b0<\/LI><br \/>\n<LI> u\u017eito\u010dn\u00fd sveteln\u00fd tok pri 120\u00b0: 2880lm<\/LI><br \/>\n<LI> index podania farieb Ra: &gt;80<\/LI><br \/>\n<LI> materi\u00e1l: Fe + PMMA<\/LI><br \/>\n<LI> krytie: IP20<\/LI><br \/>\n<LI> nap\u00e4tie: 220-240V AC<\/LI><br \/>\n<LI> prev\u00e1dzkov\u00e1 teplota: -20\u00b0C a\u017e 50\u00b0C<\/LI><br \/>\n<LI> tvar: okr\u00fahly<\/LI><br \/>\n<LI> farba: siv\u00e1<\/LI><br \/>\n<LI> rozmery: 450 x 100mm<\/LI><br \/>\n<LI> energetick\u00e1 trieda: G<\/LI><br \/>\n<\/UL><\/p>\n","protected":false},"excerpt":{"rendered":"<p>LED stmievate\u013en\u00e9 osvetlenie s dia\u013ekov\u00fdm ovl\u00e1dan\u00edm a mo\u017enos\u0165ou zmeny chromatickosti (teploty svetla) dia\u013ekov\u00fdm ovl\u00e1da\u010dom mo\u017eno svetlo plynulo stmieva\u0165, meni\u0165 teplotu svetla \u010di voli\u0165 medzi prednastaven\u00fdmi m\u00f3dy svietenia. Jedn\u00fdm ovl\u00e1da\u010dom je mo\u017en\u00e9 ovl\u00e1da\u0165 viac svetiel naraz. pre in\u0161tal\u00e1ciu na steny a stropy spotreba: max. 48W sveteln\u00fd tok: max. 2880lm teplota chromatickosti: 3000K &#8211; 6500K dia\u013ekov\u00fd ovl\u00e1da\u010d [&hellip;]<\/p>\n","protected":false},"featured_media":3336,"comment_status":"open","ping_status":"closed","template":"","meta":[],"product_cat":[152],"product_tag":[],"class_list":{"0":"post-3325","1":"product","2":"type-product","3":"status-publish","4":"has-post-thumbnail","6":"product_cat-interierove-osvetlenie","8":"first","9":"instock","10":"shipping-taxable","11":"purchasable","12":"product-type-simple"},"_links":{"self":[{"href":"https:\/\/naby.sk\/index.php\/wp-json\/wp\/v2\/product\/3325","targetHints":{"allow":["GET"]}}],"collection":[{"href":"https:\/\/naby.sk\/index.php\/wp-json\/wp\/v2\/product"}],"about":[{"href":"https:\/\/naby.sk\/index.php\/wp-json\/wp\/v2\/types\/product"}],"replies":[{"embeddable":true,"href":"https:\/\/naby.sk\/index.php\/wp-json\/wp\/v2\/comments?post=3325"}],"wp:featuredmedia":[{"embeddable":true,"href":"https:\/\/naby.sk\/index.php\/wp-json\/wp\/v2\/media\/3336"}],"wp:attachment":[{"href":"https:\/\/naby.sk\/index.php\/wp-json\/wp\/v2\/media?parent=3325"}],"wp:term":[{"taxonomy":"product_cat","embeddable":true,"href":"https:\/\/naby.sk\/index.php\/wp-json\/wp\/v2\/product_cat?post=3325"},{"taxonomy":"product_tag","embeddable":true,"href":"https:\/\/naby.sk\/index.php\/wp-json\/wp\/v2\/product_tag?post=3325"}],"curies":[{"name":"wp","href":"https:\/\/api.w.org\/{rel}","templated":true}]}}