{"id":3277,"date":"2025-01-13T20:08:04","date_gmt":"2025-01-13T19:08:04","guid":{"rendered":""},"modified":"2025-01-14T11:30:03","modified_gmt":"2025-01-14T10:30:03","slug":"solight-detektor-dymu-s-wifi-pripojenim","status":"publish","type":"product","link":"https:\/\/naby.sk\/index.php\/produkt\/solight-detektor-dymu-s-wifi-pripojenim\/","title":{"rendered":"Solight detektor dymu s WIFI pripojen\u00edm"},"content":{"rendered":"<p><UL><br \/>\n<LI>detektor dymu s WIFI pripojen\u00edm (2.4GHz <LI>802.11 a\/b\/g\/n\/) <\/LI><br \/>\n<LI>kdeko\u013evek na svete m\u00f4\u017eete ma\u0165 cez aplik\u00e1ciu inform\u00e1ciu o stave detektora<\/LI><br \/>\n<LI>aplik\u00e1cia Smart Life je vo\u013ene stiahnute\u013en\u00e1 na App Store a Google Play<\/LI><br \/>\n<LI>alarm: sveteln\u00e1 signaliz\u00e1cia + zvuk + ozn\u00e1menia v aplik\u00e1cii<\/LI><br \/>\n<LI>hlasitos\u0165 sir\u00e9ny: 85dB (3m)<\/LI><br \/>\n<LI>indik\u00e1cia n\u00edzkeho stavu bat\u00e9rie<\/LI><br \/>\n<LI>indik\u00e1cia r\u00f4znych pracovn\u00fdch stavov detektora<\/LI><br \/>\n<LI>spotreba v k\u013eudovom re\u017eime <9uA<\/LI><br \/>\n<LI>\u017eivotnos\u0165 bat\u00e9rie 2 roky<\/LI><br \/>\n<LI>pracovn\u00e1 teplota: -10 + 55 \u00b0 C, pracovn\u00e1 vlhkos\u0165: 10 -95%<\/LI><br \/>\n<LI>\u010cSN 14604:2005 + AC:2008<\/LI><br \/>\n<LI>nap\u00e1janie: bat\u00e9ria 3V DC (CR123A) s\u00fa\u010das\u0165ou balenia<\/LI><br \/>\n<LI>rozmery: 76 * 76 * 29mm <\/LI><br \/>\n<\/UL><\/p>\n","protected":false},"excerpt":{"rendered":"<p>detektor dymu s WIFI pripojen\u00edm (2.4GHz 802.11 a\/b\/g\/n\/) kdeko\u013evek na svete m\u00f4\u017eete ma\u0165 cez aplik\u00e1ciu inform\u00e1ciu o stave detektora aplik\u00e1cia Smart Life je vo\u013ene stiahnute\u013en\u00e1 na App Store a Google Play alarm: sveteln\u00e1 signaliz\u00e1cia + zvuk + ozn\u00e1menia v aplik\u00e1cii hlasitos\u0165 sir\u00e9ny: 85dB (3m) indik\u00e1cia n\u00edzkeho stavu bat\u00e9rie indik\u00e1cia r\u00f4znych pracovn\u00fdch stavov detektora spotreba v [&hellip;]<\/p>\n","protected":false},"featured_media":3288,"comment_status":"open","ping_status":"closed","template":"","meta":[],"product_cat":[176],"product_tag":[],"class_list":{"0":"post-3277","1":"product","2":"type-product","3":"status-publish","4":"has-post-thumbnail","6":"product_cat-zabezpecovacia-technika","8":"first","9":"instock","10":"shipping-taxable","11":"purchasable","12":"product-type-simple"},"_links":{"self":[{"href":"https:\/\/naby.sk\/index.php\/wp-json\/wp\/v2\/product\/3277","targetHints":{"allow":["GET"]}}],"collection":[{"href":"https:\/\/naby.sk\/index.php\/wp-json\/wp\/v2\/product"}],"about":[{"href":"https:\/\/naby.sk\/index.php\/wp-json\/wp\/v2\/types\/product"}],"replies":[{"embeddable":true,"href":"https:\/\/naby.sk\/index.php\/wp-json\/wp\/v2\/comments?post=3277"}],"wp:featuredmedia":[{"embeddable":true,"href":"https:\/\/naby.sk\/index.php\/wp-json\/wp\/v2\/media\/3288"}],"wp:attachment":[{"href":"https:\/\/naby.sk\/index.php\/wp-json\/wp\/v2\/media?parent=3277"}],"wp:term":[{"taxonomy":"product_cat","embeddable":true,"href":"https:\/\/naby.sk\/index.php\/wp-json\/wp\/v2\/product_cat?post=3277"},{"taxonomy":"product_tag","embeddable":true,"href":"https:\/\/naby.sk\/index.php\/wp-json\/wp\/v2\/product_tag?post=3277"}],"curies":[{"name":"wp","href":"https:\/\/api.w.org\/{rel}","templated":true}]}}