{"id":3211,"date":"2025-01-13T20:07:58","date_gmt":"2025-01-13T19:07:58","guid":{"rendered":""},"modified":"2025-01-14T11:30:03","modified_gmt":"2025-01-14T10:30:03","slug":"solight-linear-high-bay-150w-19500lm-30x70-philips-lumileds-meanwell-driver-5000k","status":"publish","type":"product","link":"https:\/\/naby.sk\/index.php\/produkt\/solight-linear-high-bay-150w-19500lm-30x70-philips-lumileds-meanwell-driver-5000k\/","title":{"rendered":"Solight linear high bay, 150W, 19500lm, 30&#215;70\u00b0, Philips Lumileds, MeanWell driver, 5000K"},"content":{"rendered":"<p><UL><br \/>\n<LI> pr\u00edkon: 150W<\/LI><br \/>\n<LI> sveteln\u00fd tok: 19500lm (+\/- 5%)<\/LI><br \/>\n<LI> LED di\u00f3dy: 168 x Lumileds 3030<\/LI><br \/>\n<LI> nap\u00e1jac\u00ed zdroj: MEANWELL<\/LI><br \/>\n<LI> stmievanie: 1-10V<\/LI><br \/>\n<LI> teplota svetla \/ chromatickosti: 5000K (studen\u00e1 biela)<\/LI><br \/>\n<LI> \u017eivotnos\u0165 LED: 50.000 hod\u00edn (LM80\/L80B20)<\/LI><br \/>\n<LI> uhol svietenia: 30\u00b0\/70\u00b0<\/LI><br \/>\n<LI> oslnenia: UGR &lt;23<\/LI><br \/>\n<LI> vykreslenie farieb: CRi&gt; 80<\/LI><br \/>\n<LI> v\u00fdkonov\u00fd faktor: 0,95<\/LI><br \/>\n<LI> krytie: IP65 (prachotesn\u00e9 a vodeodoln\u00e9)<\/LI><br \/>\n<LI> materi\u00e1l: hlin\u00edk<\/LI><br \/>\n<LI> nap\u00e1janie: vstupn\u00e9 nap\u00e4tie: AC 100 &#8211; 240V, v\u00fdstupn\u00e9 nap\u00e4tie: 24 &#8211; 48VDC,2000mA<\/LI><br \/>\n<LI> prev\u00e1dzkov\u00e1 teplota: -30\u00b0C a\u017e 55\u00b0C<\/LI><br \/>\n<LI> rozmery: 722x138x116mm<\/LI><br \/>\n<LI> v\u00e1ha: 3800g<\/LI><br \/>\n<LI> upevnenie pomocou z\u00e1vesn\u00fdch laniek (s\u00fa\u010das\u0165ou balenia) alebo n\u00e1klopn\u00fdch konzol WPH-ND-007 (nie s\u00fa s\u00fa\u010das\u0165ou balenia)<\/LI><br \/>\n<LI> jednotliv\u00e9 LED zdroje nemo\u017eno meni\u0165<\/LI><br \/>\n<LI> farba: strieborn\u00e1<\/LI><br \/>\n<LI> balenie: krabica<\/LI><br \/>\n<LI> z\u00e1ruka 5 rokov<\/LI><br \/>\n<\/UL><\/p>\n","protected":false},"excerpt":{"rendered":"<p>pr\u00edkon: 150W sveteln\u00fd tok: 19500lm (+\/- 5%) LED di\u00f3dy: 168 x Lumileds 3030 nap\u00e1jac\u00ed zdroj: MEANWELL stmievanie: 1-10V teplota svetla \/ chromatickosti: 5000K (studen\u00e1 biela) \u017eivotnos\u0165 LED: 50.000 hod\u00edn (LM80\/L80B20) uhol svietenia: 30\u00b0\/70\u00b0 oslnenia: UGR &lt;23 vykreslenie farieb: CRi&gt; 80 v\u00fdkonov\u00fd faktor: 0,95 krytie: IP65 (prachotesn\u00e9 a vodeodoln\u00e9) materi\u00e1l: hlin\u00edk nap\u00e1janie: vstupn\u00e9 nap\u00e4tie: AC 100 [&hellip;]<\/p>\n","protected":false},"featured_media":3218,"comment_status":"open","ping_status":"closed","template":"","meta":[],"product_cat":[187],"product_tag":[],"class_list":{"0":"post-3211","1":"product","2":"type-product","3":"status-publish","4":"has-post-thumbnail","6":"product_cat-high-bay","8":"first","9":"instock","10":"shipping-taxable","11":"purchasable","12":"product-type-simple"},"_links":{"self":[{"href":"https:\/\/naby.sk\/index.php\/wp-json\/wp\/v2\/product\/3211","targetHints":{"allow":["GET"]}}],"collection":[{"href":"https:\/\/naby.sk\/index.php\/wp-json\/wp\/v2\/product"}],"about":[{"href":"https:\/\/naby.sk\/index.php\/wp-json\/wp\/v2\/types\/product"}],"replies":[{"embeddable":true,"href":"https:\/\/naby.sk\/index.php\/wp-json\/wp\/v2\/comments?post=3211"}],"wp:featuredmedia":[{"embeddable":true,"href":"https:\/\/naby.sk\/index.php\/wp-json\/wp\/v2\/media\/3218"}],"wp:attachment":[{"href":"https:\/\/naby.sk\/index.php\/wp-json\/wp\/v2\/media?parent=3211"}],"wp:term":[{"taxonomy":"product_cat","embeddable":true,"href":"https:\/\/naby.sk\/index.php\/wp-json\/wp\/v2\/product_cat?post=3211"},{"taxonomy":"product_tag","embeddable":true,"href":"https:\/\/naby.sk\/index.php\/wp-json\/wp\/v2\/product_tag?post=3211"}],"curies":[{"name":"wp","href":"https:\/\/api.w.org\/{rel}","templated":true}]}}