{"id":307,"date":"2025-01-13T20:03:41","date_gmt":"2025-01-13T19:03:41","guid":{"rendered":""},"modified":"2025-01-14T11:29:33","modified_gmt":"2025-01-14T10:29:33","slug":"solight-cestovny-adapter-pre-jar-afriku-a-stredny-vychod-typ-m","status":"publish","type":"product","link":"https:\/\/naby.sk\/index.php\/produkt\/solight-cestovny-adapter-pre-jar-afriku-a-stredny-vychod-typ-m\/","title":{"rendered":"Solight cestovn\u00fd adapt\u00e9r pre JAR, Afriku a Stredn\u00fd v\u00fdchod, typ M"},"content":{"rendered":"<p><UL><br \/>\n<LI> cestovn\u00fd adapt\u00e9r s uzemnen\u00edm<\/LI><br \/>\n<LI> pre obyvate\u013eov Eur\u00f3py nav\u0161tevuj\u00facich JAR a krajiny pou\u017e\u00edvaj\u00face z\u00e1suvky typu M<\/LI><br \/>\n<LI> Afrika: \u010cad, Eti\u00f3pia, Juhoafrick\u00e1 republika, Kongo &#8211; Kinshasa, Madagaskar, Nig\u00e9ria, Senegal, Sud\u00e1n<\/LI><br \/>\n<LI> Stredn\u00fd v\u00fdchod: Afganistan, Irak, Jemen, Nep\u00e1l, Pakistan, Sr\u00ed Lanka<\/LI><br \/>\n<LI> Schuko uzemn\u011bn\u00ed z\u00e1suvky, pou\u017eiteln\u00e9 pro univerz\u00e1ln\u00ed vidlice typu E\/F<\/LI><br \/>\n<LI> vhodn\u00e9 i pro spot\u0159ebi\u010de s neuzemn\u011bnou 2-kol\u00edkovou vidlic\u00ed typu C<\/LI><br \/>\n<LI> bezpe\u010dn\u00e1 konstrukce, z\u00e1suvka s d\u011btsk\u00fdmi pojistkami<\/LI><br \/>\n<LI> adapt\u00e9r nem\u011bn\u00ed nap\u011bt\u00ed ani jin\u00e9 elektrick\u00e9 parametry<\/LI><br \/>\n<LI> 100V &#8211; 250V \/ max. 16A, max. 3680W \/ 230V<\/LI><br \/>\n<LI> farba: biela<\/LI><br \/>\n<\/UL><\/p>\n","protected":false},"excerpt":{"rendered":"<p>cestovn\u00fd adapt\u00e9r s uzemnen\u00edm pre obyvate\u013eov Eur\u00f3py nav\u0161tevuj\u00facich JAR a krajiny pou\u017e\u00edvaj\u00face z\u00e1suvky typu M Afrika: \u010cad, Eti\u00f3pia, Juhoafrick\u00e1 republika, Kongo &#8211; Kinshasa, Madagaskar, Nig\u00e9ria, Senegal, Sud\u00e1n Stredn\u00fd v\u00fdchod: Afganistan, Irak, Jemen, Nep\u00e1l, Pakistan, Sr\u00ed Lanka Schuko uzemn\u011bn\u00ed z\u00e1suvky, pou\u017eiteln\u00e9 pro univerz\u00e1ln\u00ed vidlice typu E\/F vhodn\u00e9 i pro spot\u0159ebi\u010de s neuzemn\u011bnou 2-kol\u00edkovou vidlic\u00ed typu C [&hellip;]<\/p>\n","protected":false},"featured_media":314,"comment_status":"open","ping_status":"closed","template":"","meta":[],"product_cat":[162],"product_tag":[],"class_list":{"0":"post-307","1":"product","2":"type-product","3":"status-publish","4":"has-post-thumbnail","6":"product_cat-cestovne-adaptery","8":"first","9":"instock","10":"shipping-taxable","11":"purchasable","12":"product-type-simple"},"_links":{"self":[{"href":"https:\/\/naby.sk\/index.php\/wp-json\/wp\/v2\/product\/307","targetHints":{"allow":["GET"]}}],"collection":[{"href":"https:\/\/naby.sk\/index.php\/wp-json\/wp\/v2\/product"}],"about":[{"href":"https:\/\/naby.sk\/index.php\/wp-json\/wp\/v2\/types\/product"}],"replies":[{"embeddable":true,"href":"https:\/\/naby.sk\/index.php\/wp-json\/wp\/v2\/comments?post=307"}],"wp:featuredmedia":[{"embeddable":true,"href":"https:\/\/naby.sk\/index.php\/wp-json\/wp\/v2\/media\/314"}],"wp:attachment":[{"href":"https:\/\/naby.sk\/index.php\/wp-json\/wp\/v2\/media?parent=307"}],"wp:term":[{"taxonomy":"product_cat","embeddable":true,"href":"https:\/\/naby.sk\/index.php\/wp-json\/wp\/v2\/product_cat?post=307"},{"taxonomy":"product_tag","embeddable":true,"href":"https:\/\/naby.sk\/index.php\/wp-json\/wp\/v2\/product_tag?post=307"}],"curies":[{"name":"wp","href":"https:\/\/api.w.org\/{rel}","templated":true}]}}