{"id":2878,"date":"2025-01-13T20:07:17","date_gmt":"2025-01-13T19:07:17","guid":{"rendered":""},"modified":"2025-01-14T11:30:00","modified_gmt":"2025-01-14T10:30:00","slug":"solight-led-vianocna-gula-sklenena-10led-2x-aa-ip20","status":"publish","type":"product","link":"https:\/\/naby.sk\/index.php\/produkt\/solight-led-vianocna-gula-sklenena-10led-2x-aa-ip20\/","title":{"rendered":"Solight LED viano\u010dn\u00e1 gula sklenen\u00e1, 10LED, 2x AA, IP20"},"content":{"rendered":"<p><UL><br \/>\n<LI> viano\u010dn\u00e9 gula sklenen\u00e1 s LED retiazkou vn\u00fatri<\/LI><br \/>\n<LI> po\u010det LED di\u00f3d: 10<\/LI><br \/>\n<LI> farba svetla: tepl\u00e1 biela (\u017elt\u00e1)<\/LI><br \/>\n<LI> nap\u00e1janie: 2x AA bat\u00e9rie (nie s\u00fa s\u00fa\u010das\u0165ou)<\/LI><br \/>\n<LI> v\u00fddr\u017e bat\u00e9ri\u00ed: cca 100hod. (v z\u00e1vislosti na kvalite bat\u00e9ri\u00ed)<\/LI><br \/>\n<LI> trieda ochrany: IP20 (vn\u00fatorn\u00e9 pou\u017eitie)<\/LI><br \/>\n<LI> priemer gule: 10cm<\/LI><br \/>\n<LI> pr\u00edvodn\u00fd k\u00e1bel: 50cm<\/LI><br \/>\n<LI> farba: transparentn\u00e1<\/LI><br \/>\n<LI> balenie: PVC krabica<\/LI><br \/>\n<\/UL><\/p>\n","protected":false},"excerpt":{"rendered":"<p>viano\u010dn\u00e9 gula sklenen\u00e1 s LED retiazkou vn\u00fatri po\u010det LED di\u00f3d: 10 farba svetla: tepl\u00e1 biela (\u017elt\u00e1) nap\u00e1janie: 2x AA bat\u00e9rie (nie s\u00fa s\u00fa\u010das\u0165ou) v\u00fddr\u017e bat\u00e9ri\u00ed: cca 100hod. (v z\u00e1vislosti na kvalite bat\u00e9ri\u00ed) trieda ochrany: IP20 (vn\u00fatorn\u00e9 pou\u017eitie) priemer gule: 10cm pr\u00edvodn\u00fd k\u00e1bel: 50cm farba: transparentn\u00e1 balenie: PVC krabica<\/p>\n","protected":false},"featured_media":2889,"comment_status":"open","ping_status":"closed","template":"","meta":[],"product_cat":[183],"product_tag":[],"class_list":{"0":"post-2878","1":"product","2":"type-product","3":"status-publish","4":"has-post-thumbnail","6":"product_cat-vianocne-led-dekoracie","8":"first","9":"instock","10":"shipping-taxable","11":"purchasable","12":"product-type-simple"},"_links":{"self":[{"href":"https:\/\/naby.sk\/index.php\/wp-json\/wp\/v2\/product\/2878","targetHints":{"allow":["GET"]}}],"collection":[{"href":"https:\/\/naby.sk\/index.php\/wp-json\/wp\/v2\/product"}],"about":[{"href":"https:\/\/naby.sk\/index.php\/wp-json\/wp\/v2\/types\/product"}],"replies":[{"embeddable":true,"href":"https:\/\/naby.sk\/index.php\/wp-json\/wp\/v2\/comments?post=2878"}],"wp:featuredmedia":[{"embeddable":true,"href":"https:\/\/naby.sk\/index.php\/wp-json\/wp\/v2\/media\/2889"}],"wp:attachment":[{"href":"https:\/\/naby.sk\/index.php\/wp-json\/wp\/v2\/media?parent=2878"}],"wp:term":[{"taxonomy":"product_cat","embeddable":true,"href":"https:\/\/naby.sk\/index.php\/wp-json\/wp\/v2\/product_cat?post=2878"},{"taxonomy":"product_tag","embeddable":true,"href":"https:\/\/naby.sk\/index.php\/wp-json\/wp\/v2\/product_tag?post=2878"}],"curies":[{"name":"wp","href":"https:\/\/api.w.org\/{rel}","templated":true}]}}