{"id":273,"date":"2025-01-13T20:03:40","date_gmt":"2025-01-13T19:03:40","guid":{"rendered":""},"modified":"2025-01-14T11:29:33","modified_gmt":"2025-01-14T10:29:33","slug":"solight-nastenny-keramicky-ohrievac-2000-w-biely","status":"publish","type":"product","link":"https:\/\/naby.sk\/index.php\/produkt\/solight-nastenny-keramicky-ohrievac-2000-w-biely\/","title":{"rendered":"Solight n\u00e1stenn\u00fd keramick\u00fd ohrieva\u010d, 2000 W, biely"},"content":{"rendered":"<p><UL><br \/>\n<LI> keramick\u00fd ohrieva\u010d v modernom dizajne<\/LI><br \/>\n<LI> ur\u010den\u00e9 na mont\u00e1\u017e na stenu<\/LI><br \/>\n<LI> vyk\u00fari miestnos\u0165 do ve\u013ekosti 20 m2<\/LI><br \/>\n<LI> krytie IP22, odoln\u00e9 proti vlhkosti<\/LI><br \/>\n<LI> 2 stupne v\u00fdkonu, 1000 W a 2000 W<\/LI><br \/>\n<LI> funkcia ventil\u00e1tora<\/LI><br \/>\n<LI> t\u00fd\u017edenn\u00fd a 24 hodinov\u00fd \u010dasova\u010d<\/LI><br \/>\n<LI> pri n\u00e1hlom zn\u00ed\u017een\u00ed teploty v miestnosti sa automaticky vypne (otvoren\u00e9 okno pre vetranie)<\/LI><br \/>\n<LI> LED displej zobrazuj\u00faci teplotu<\/LI><br \/>\n<LI> dia\u013ekov\u00fd ovl\u00e1da\u010d<\/LI><br \/>\n<LI> ochrana proti prehriatiu<\/LI><br \/>\n<LI> farebn\u00e9 prevedenie: biele<\/LI><br \/>\n<LI> rozmery: 570*190*110 mm<\/LI><br \/>\n<LI> nap\u00e1janie AC 230 V \/ 50 Hz<\/LI><br \/>\n<\/UL><\/p>\n","protected":false},"excerpt":{"rendered":"<p>keramick\u00fd ohrieva\u010d v modernom dizajne ur\u010den\u00e9 na mont\u00e1\u017e na stenu vyk\u00fari miestnos\u0165 do ve\u013ekosti 20 m2 krytie IP22, odoln\u00e9 proti vlhkosti 2 stupne v\u00fdkonu, 1000 W a 2000 W funkcia ventil\u00e1tora t\u00fd\u017edenn\u00fd a 24 hodinov\u00fd \u010dasova\u010d pri n\u00e1hlom zn\u00ed\u017een\u00ed teploty v miestnosti sa automaticky vypne (otvoren\u00e9 okno pre vetranie) LED displej zobrazuj\u00faci teplotu dia\u013ekov\u00fd ovl\u00e1da\u010d [&hellip;]<\/p>\n","protected":false},"featured_media":284,"comment_status":"open","ping_status":"closed","template":"","meta":[],"product_cat":[158],"product_tag":[],"class_list":{"0":"post-273","1":"product","2":"type-product","3":"status-publish","4":"has-post-thumbnail","6":"product_cat-teplovzdusne-konvektory","8":"first","9":"instock","10":"shipping-taxable","11":"purchasable","12":"product-type-simple"},"_links":{"self":[{"href":"https:\/\/naby.sk\/index.php\/wp-json\/wp\/v2\/product\/273","targetHints":{"allow":["GET"]}}],"collection":[{"href":"https:\/\/naby.sk\/index.php\/wp-json\/wp\/v2\/product"}],"about":[{"href":"https:\/\/naby.sk\/index.php\/wp-json\/wp\/v2\/types\/product"}],"replies":[{"embeddable":true,"href":"https:\/\/naby.sk\/index.php\/wp-json\/wp\/v2\/comments?post=273"}],"wp:featuredmedia":[{"embeddable":true,"href":"https:\/\/naby.sk\/index.php\/wp-json\/wp\/v2\/media\/284"}],"wp:attachment":[{"href":"https:\/\/naby.sk\/index.php\/wp-json\/wp\/v2\/media?parent=273"}],"wp:term":[{"taxonomy":"product_cat","embeddable":true,"href":"https:\/\/naby.sk\/index.php\/wp-json\/wp\/v2\/product_cat?post=273"},{"taxonomy":"product_tag","embeddable":true,"href":"https:\/\/naby.sk\/index.php\/wp-json\/wp\/v2\/product_tag?post=273"}],"curies":[{"name":"wp","href":"https:\/\/api.w.org\/{rel}","templated":true}]}}