{"id":2196,"date":"2025-01-13T20:06:02","date_gmt":"2025-01-13T19:06:02","guid":{"rendered":""},"modified":"2025-01-14T11:29:54","modified_gmt":"2025-01-14T10:29:54","slug":"solight-casovac-so-sumrakovym-senzorom-230v-3680w","status":"publish","type":"product","link":"https:\/\/naby.sk\/index.php\/produkt\/solight-casovac-so-sumrakovym-senzorom-230v-3680w\/","title":{"rendered":"Solight \u010dasova\u010d so s\u00famrakov\u00fdm senzorom, 230V, 3680W"},"content":{"rendered":"<p><UL><br \/>\n<LI> anal\u00f3govo riaden\u00fd \u010dasov\u00fd sp\u00edna\u010d so s\u00famrakov\u00fdm \u010didlom ur\u010den\u00fd na automatick\u00e9 zap\u00ednanie a vyp\u00ednanie zariadenia<\/LI><br \/>\n<LI> 6 prev\u00e1dzkov\u00fdch re\u017eimov: ON \/ s\u00famrakov\u00fd senzor \/ 2 h \/ 4 h \/ 6 h \/ 8 h<\/LI><br \/>\n<LI> s\u00famrakov\u00fd senzor umo\u017e\u0148uje ovl\u00e1da\u0165 zariadenie pod\u013ea z\u00e1padu a v\u00fdchodu slnka<\/LI><br \/>\n<LI> vstupn\u00e9\/v\u00fdstupn\u00e9 nap\u00e4tie: 230V<\/LI><br \/>\n<LI> maxim\u00e1lny v\u00fdstupn\u00fd pr\u00fad: 16A<\/LI><br \/>\n<LI> maxim\u00e1lne za\u0165a\u017eenie: 3680W<\/LI><br \/>\n<LI> stupe\u0148 krytia: IP44<\/LI><br \/>\n<LI> prev\u00e1dzkov\u00e1 teplota: -10 \u00b0C a\u017e 40 \u00b0C<\/LI><br \/>\n<LI> \u010dierna farba<\/LI><br \/>\n<\/UL><\/p>\n","protected":false},"excerpt":{"rendered":"<p>anal\u00f3govo riaden\u00fd \u010dasov\u00fd sp\u00edna\u010d so s\u00famrakov\u00fdm \u010didlom ur\u010den\u00fd na automatick\u00e9 zap\u00ednanie a vyp\u00ednanie zariadenia 6 prev\u00e1dzkov\u00fdch re\u017eimov: ON \/ s\u00famrakov\u00fd senzor \/ 2 h \/ 4 h \/ 6 h \/ 8 h s\u00famrakov\u00fd senzor umo\u017e\u0148uje ovl\u00e1da\u0165 zariadenie pod\u013ea z\u00e1padu a v\u00fdchodu slnka vstupn\u00e9\/v\u00fdstupn\u00e9 nap\u00e4tie: 230V maxim\u00e1lny v\u00fdstupn\u00fd pr\u00fad: 16A maxim\u00e1lne za\u0165a\u017eenie: 3680W stupe\u0148 krytia: [&hellip;]<\/p>\n","protected":false},"featured_media":2199,"comment_status":"open","ping_status":"closed","template":"","meta":[],"product_cat":[163],"product_tag":[],"class_list":{"0":"post-2196","1":"product","2":"type-product","3":"status-publish","4":"has-post-thumbnail","6":"product_cat-casove-spinace","8":"first","9":"instock","10":"shipping-taxable","11":"purchasable","12":"product-type-simple"},"_links":{"self":[{"href":"https:\/\/naby.sk\/index.php\/wp-json\/wp\/v2\/product\/2196","targetHints":{"allow":["GET"]}}],"collection":[{"href":"https:\/\/naby.sk\/index.php\/wp-json\/wp\/v2\/product"}],"about":[{"href":"https:\/\/naby.sk\/index.php\/wp-json\/wp\/v2\/types\/product"}],"replies":[{"embeddable":true,"href":"https:\/\/naby.sk\/index.php\/wp-json\/wp\/v2\/comments?post=2196"}],"wp:featuredmedia":[{"embeddable":true,"href":"https:\/\/naby.sk\/index.php\/wp-json\/wp\/v2\/media\/2199"}],"wp:attachment":[{"href":"https:\/\/naby.sk\/index.php\/wp-json\/wp\/v2\/media?parent=2196"}],"wp:term":[{"taxonomy":"product_cat","embeddable":true,"href":"https:\/\/naby.sk\/index.php\/wp-json\/wp\/v2\/product_cat?post=2196"},{"taxonomy":"product_tag","embeddable":true,"href":"https:\/\/naby.sk\/index.php\/wp-json\/wp\/v2\/product_tag?post=2196"}],"curies":[{"name":"wp","href":"https:\/\/api.w.org\/{rel}","templated":true}]}}