{"id":2166,"date":"2025-01-13T20:06:00","date_gmt":"2025-01-13T19:06:00","guid":{"rendered":""},"modified":"2025-01-14T11:29:54","modified_gmt":"2025-01-14T10:29:54","slug":"solight-teplovzdusny-ventilator-350w","status":"publish","type":"product","link":"https:\/\/naby.sk\/index.php\/produkt\/solight-teplovzdusny-ventilator-350w\/","title":{"rendered":"Solight teplovzdu\u0161n\u00fd ventil\u00e1tor 350W"},"content":{"rendered":"<p><UL><br \/>\n<LI> v\u00fdkon 350 W<\/LI><br \/>\n<LI> PTC keramick\u00e9 v\u00fdhrevn\u00e9 teleso<\/LI><br \/>\n<LI> nastavite\u013en\u00fd termostat<\/LI><br \/>\n<LI> a\u017e 12 h nastavite\u013en\u00fd \u010dasova\u010d<\/LI><br \/>\n<LI> digit\u00e1lny LED displej<\/LI><br \/>\n<LI> ukazovate\u013e teploty na displeji<\/LI><br \/>\n<LI> zapojenie priamo do z\u00e1suvky<\/LI><br \/>\n<LI> \u013eahk\u00fd a \u013eahko prenosn\u00fd<\/LI><br \/>\n<LI> ochrana proti prehriatiu<\/LI><br \/>\n<LI> IP20<\/LI><br \/>\n<LI> nap\u00e1janie 230V\/50Hz<\/LI><br \/>\n<LI> 12,5*8,5*16cm<\/LI><br \/>\n<LI> 0,4kg<\/LI><br \/>\n<\/UL><\/p>\n","protected":false},"excerpt":{"rendered":"<p>v\u00fdkon 350 W PTC keramick\u00e9 v\u00fdhrevn\u00e9 teleso nastavite\u013en\u00fd termostat a\u017e 12 h nastavite\u013en\u00fd \u010dasova\u010d digit\u00e1lny LED displej ukazovate\u013e teploty na displeji zapojenie priamo do z\u00e1suvky \u013eahk\u00fd a \u013eahko prenosn\u00fd ochrana proti prehriatiu IP20 nap\u00e1janie 230V\/50Hz 12,5*8,5*16cm 0,4kg<\/p>\n","protected":false},"featured_media":2177,"comment_status":"open","ping_status":"closed","template":"","meta":[],"product_cat":[158],"product_tag":[],"class_list":{"0":"post-2166","1":"product","2":"type-product","3":"status-publish","4":"has-post-thumbnail","6":"product_cat-teplovzdusne-konvektory","8":"first","9":"instock","10":"shipping-taxable","11":"purchasable","12":"product-type-simple"},"_links":{"self":[{"href":"https:\/\/naby.sk\/index.php\/wp-json\/wp\/v2\/product\/2166","targetHints":{"allow":["GET"]}}],"collection":[{"href":"https:\/\/naby.sk\/index.php\/wp-json\/wp\/v2\/product"}],"about":[{"href":"https:\/\/naby.sk\/index.php\/wp-json\/wp\/v2\/types\/product"}],"replies":[{"embeddable":true,"href":"https:\/\/naby.sk\/index.php\/wp-json\/wp\/v2\/comments?post=2166"}],"wp:featuredmedia":[{"embeddable":true,"href":"https:\/\/naby.sk\/index.php\/wp-json\/wp\/v2\/media\/2177"}],"wp:attachment":[{"href":"https:\/\/naby.sk\/index.php\/wp-json\/wp\/v2\/media?parent=2166"}],"wp:term":[{"taxonomy":"product_cat","embeddable":true,"href":"https:\/\/naby.sk\/index.php\/wp-json\/wp\/v2\/product_cat?post=2166"},{"taxonomy":"product_tag","embeddable":true,"href":"https:\/\/naby.sk\/index.php\/wp-json\/wp\/v2\/product_tag?post=2166"}],"curies":[{"name":"wp","href":"https:\/\/api.w.org\/{rel}","templated":true}]}}