{"id":1776,"date":"2025-01-13T20:05:23","date_gmt":"2025-01-13T19:05:23","guid":{"rendered":""},"modified":"2025-01-14T11:29:51","modified_gmt":"2025-01-14T10:29:51","slug":"solight-nabijacka-baterii-li-ion-lifepo4-ni-mh-cd-aa-aaa-18650-2000ma-2-kanaly-lcd-displej","status":"publish","type":"product","link":"https:\/\/naby.sk\/index.php\/produkt\/solight-nabijacka-baterii-li-ion-lifepo4-ni-mh-cd-aa-aaa-18650-2000ma-2-kanaly-lcd-displej\/","title":{"rendered":"Solight nab\u00edja\u010dka bat\u00e9ri\u00ed Li-Ion, LiFePO4, Ni-MH\/CD, AA, AAA, 18650, 2000mA, 2 kan\u00e1ly, LCD displej"},"content":{"rendered":"<p><UL><br \/>\n<LI> dvoukan\u00e1lov\u00e1 nab\u00edja\u010dka bat\u00e9ri\u00ed: 3.6V, 3.7V Li-Ion, 3.2V LiFePO4, 1.2V Ni-MH\/CD<\/LI><br \/>\n<LI> s\u00fa\u010das\u0165ou balenia je nab\u00edja\u010dka, nab\u00edjac\u00ed k\u00e1bel a n\u00e1vod (nap\u00e1jac\u00ed adapt\u00e9r USB 5V\/2A nie je s\u00fa\u010das\u0165ou balenia <\/ LI><br \/>\n<LI> funkcia teplotn\u00e9 ochrany, ochrana proti skratu, ochrana proti pripojenie zlej polarity, ochrana proti prebijeniu<\/LI><br \/>\n<LI> ve\u013ekosti: A, AA, AAA, AAAA, SC, C, 10440, 14500, 16340, 18500, 18650, 20700, 21700, 22650, 25500, 26650<\/LI><br \/>\n<LI> dva nez\u00e1visl\u00e9 nab\u00edjacie kan\u00e1ly<\/LI><br \/>\n<LI> preh\u013eadn\u00fd LCD displej<\/LI><br \/>\n<LI> ultra fast charge<\/LI><br \/>\n<LI> zvukov\u00e9 upozornenie<\/LI><br \/>\n<LI> v\u00fdstup 1: DC 1,48V 1000mA * 2 max.<\/LI><br \/>\n<LI> v\u00fdstup 2: DC 3,65V 2000mA max.<\/LI><br \/>\n<LI> v\u00fdstup 3: DC 4,2V 2000mA max.<\/LI><br \/>\n<LI> inteligentn\u00e9 identifik\u00e1cia zl\u00fdch bat\u00e9ri\u00ed a nenab\u00edjac\u00edch bat\u00e9ri\u00ed<\/LI><br \/>\n<LI> maxim\u00e1lne ochrann\u00e9 nap\u00e4tie l\u00edtium-i\u00f3nov\u00fdch bat\u00e9ri\u00ed je 4,20V + 0,05V.<\/LI><br \/>\n<LI> maxim\u00e1lne ochrann\u00e9 nap\u00e4tia bat\u00e9ri\u00ed LiFePO4 je 3,65V + 0,05V<\/LI><br \/>\n<LI> maxim\u00e1lne ochrann\u00e9 nap\u00e4tie Ni-MH bat\u00e9ri\u00ed je 1,55V + 0,05V<\/LI><br \/>\n<LI> nap\u00e1janie: 5V\/2A (adapt\u00e9r nie je s\u00fa\u010das\u0165ou balenia)<\/LI><br \/>\n<\/UL><\/p>\n","protected":false},"excerpt":{"rendered":"<p>dvoukan\u00e1lov\u00e1 nab\u00edja\u010dka bat\u00e9ri\u00ed: 3.6V, 3.7V Li-Ion, 3.2V LiFePO4, 1.2V Ni-MH\/CD s\u00fa\u010das\u0165ou balenia je nab\u00edja\u010dka, nab\u00edjac\u00ed k\u00e1bel a n\u00e1vod (nap\u00e1jac\u00ed adapt\u00e9r USB 5V\/2A nie je s\u00fa\u010das\u0165ou balenia funkcia teplotn\u00e9 ochrany, ochrana proti skratu, ochrana proti pripojenie zlej polarity, ochrana proti prebijeniu ve\u013ekosti: A, AA, AAA, AAAA, SC, C, 10440, 14500, 16340, 18500, 18650, 20700, 21700, 22650, [&hellip;]<\/p>\n","protected":false},"featured_media":1781,"comment_status":"open","ping_status":"closed","template":"","meta":[],"product_cat":[248],"product_tag":[],"class_list":{"0":"post-1776","1":"product","2":"type-product","3":"status-publish","4":"has-post-thumbnail","6":"product_cat-nabijacky-baterii","8":"first","9":"instock","10":"shipping-taxable","11":"purchasable","12":"product-type-simple"},"_links":{"self":[{"href":"https:\/\/naby.sk\/index.php\/wp-json\/wp\/v2\/product\/1776","targetHints":{"allow":["GET"]}}],"collection":[{"href":"https:\/\/naby.sk\/index.php\/wp-json\/wp\/v2\/product"}],"about":[{"href":"https:\/\/naby.sk\/index.php\/wp-json\/wp\/v2\/types\/product"}],"replies":[{"embeddable":true,"href":"https:\/\/naby.sk\/index.php\/wp-json\/wp\/v2\/comments?post=1776"}],"wp:featuredmedia":[{"embeddable":true,"href":"https:\/\/naby.sk\/index.php\/wp-json\/wp\/v2\/media\/1781"}],"wp:attachment":[{"href":"https:\/\/naby.sk\/index.php\/wp-json\/wp\/v2\/media?parent=1776"}],"wp:term":[{"taxonomy":"product_cat","embeddable":true,"href":"https:\/\/naby.sk\/index.php\/wp-json\/wp\/v2\/product_cat?post=1776"},{"taxonomy":"product_tag","embeddable":true,"href":"https:\/\/naby.sk\/index.php\/wp-json\/wp\/v2\/product_tag?post=1776"}],"curies":[{"name":"wp","href":"https:\/\/api.w.org\/{rel}","templated":true}]}}