{"id":13991,"date":"2025-01-13T20:46:21","date_gmt":"2025-01-13T19:46:21","guid":{"rendered":""},"modified":"2025-01-26T05:22:06","modified_gmt":"2025-01-26T04:22:06","slug":"solight-cestovny-adapter-pre-pouzitie-v-cine-a-australii-typ-i","status":"publish","type":"product","link":"https:\/\/naby.sk\/index.php\/produkt\/solight-cestovny-adapter-pre-pouzitie-v-cine-a-australii-typ-i\/","title":{"rendered":"Solight cestovn\u00fd adapt\u00e9r pre pou\u017eitie v \u010c\u00edne a Austr\u00e1lii, typ I"},"content":{"rendered":"<p><UL><br \/>\n<LI> cestovn\u00fd adapt\u00e9r s uzemnen\u00edm<\/LI><br \/>\n<LI> pre obyvate\u013eov Eur\u00f3py nav\u0161tevuj\u00facich Austr\u00e1liu, \u010c\u00ednu a krajiny s AUS \u0161tandardom, z\u00e1suvky typu I<\/LI><br \/>\n<LI> Schuko uzemnenie z\u00e1suvky, pou\u017eite\u013en\u00e9 pre univerz\u00e1lne vidlice typu E\/F<\/LI><br \/>\n<LI> vhodn\u00e9 aj pre spotrebi\u010de s neuzemnenou 2-kol\u00edkovou vidlicou typu C<\/LI><br \/>\n<LI> bezpe\u010dn\u00e1 kon\u0161trukcia, z\u00e1suvka s detsk\u00fdmi poistkami<\/LI><br \/>\n<LI> adapt\u00e9r nemen\u00ed nap\u00e4tie ani in\u00e9 elektrick\u00e9 parametre<\/LI><br \/>\n<LI> 100V &#8211; 250V \/ max. 10A, max. 2300W \/ 230V<\/LI><br \/>\n<LI> farba: biela<\/LI><br \/>\n<\/UL><\/p>\n","protected":false},"excerpt":{"rendered":"<p>cestovn\u00fd adapt\u00e9r s uzemnen\u00edm pre obyvate\u013eov Eur\u00f3py nav\u0161tevuj\u00facich Austr\u00e1liu, \u010c\u00ednu a krajiny s AUS \u0161tandardom, z\u00e1suvky typu I Schuko uzemnenie z\u00e1suvky, pou\u017eite\u013en\u00e9 pre univerz\u00e1lne vidlice typu E\/F vhodn\u00e9 aj pre spotrebi\u010de s neuzemnenou 2-kol\u00edkovou vidlicou typu C bezpe\u010dn\u00e1 kon\u0161trukcia, z\u00e1suvka s detsk\u00fdmi poistkami adapt\u00e9r nemen\u00ed nap\u00e4tie ani in\u00e9 elektrick\u00e9 parametre 100V &#8211; 250V \/ max. [&hellip;]<\/p>\n","protected":false},"featured_media":13998,"comment_status":"open","ping_status":"closed","template":"","meta":[],"product_cat":[162],"product_tag":[],"class_list":{"0":"post-13991","1":"product","2":"type-product","3":"status-publish","4":"has-post-thumbnail","6":"product_cat-cestovne-adaptery","8":"first","9":"instock","10":"shipping-taxable","11":"purchasable","12":"product-type-simple"},"_links":{"self":[{"href":"https:\/\/naby.sk\/index.php\/wp-json\/wp\/v2\/product\/13991","targetHints":{"allow":["GET"]}}],"collection":[{"href":"https:\/\/naby.sk\/index.php\/wp-json\/wp\/v2\/product"}],"about":[{"href":"https:\/\/naby.sk\/index.php\/wp-json\/wp\/v2\/types\/product"}],"replies":[{"embeddable":true,"href":"https:\/\/naby.sk\/index.php\/wp-json\/wp\/v2\/comments?post=13991"}],"wp:featuredmedia":[{"embeddable":true,"href":"https:\/\/naby.sk\/index.php\/wp-json\/wp\/v2\/media\/13998"}],"wp:attachment":[{"href":"https:\/\/naby.sk\/index.php\/wp-json\/wp\/v2\/media?parent=13991"}],"wp:term":[{"taxonomy":"product_cat","embeddable":true,"href":"https:\/\/naby.sk\/index.php\/wp-json\/wp\/v2\/product_cat?post=13991"},{"taxonomy":"product_tag","embeddable":true,"href":"https:\/\/naby.sk\/index.php\/wp-json\/wp\/v2\/product_tag?post=13991"}],"curies":[{"name":"wp","href":"https:\/\/api.w.org\/{rel}","templated":true}]}}